{"id":813,"date":"2011-09-08T15:46:54","date_gmt":"2011-09-08T13:46:54","guid":{"rendered":"http:\/\/egliseenbrianconnais.net\/WordPress3\/?page_id=813"},"modified":"2026-03-11T08:23:25","modified_gmt":"2026-03-11T07:23:25","slug":"ccfd-terresolidaire","status":"publish","type":"page","link":"https:\/\/egliseenbrianconnais.net\/WordPress3\/vie-caritative\/ccfd-terresolidaire\/","title":{"rendered":"CCFD-TERRE SOLIDAIRE"},"content":{"rendered":"\n<p class=\"has-text-align-center\">**********************<\/p>\n\n\n\n<figure class=\"wp-block-image size-full\"><img loading=\"lazy\" decoding=\"async\" width=\"696\" height=\"446\" src=\"https:\/\/egliseenbrianconnais.net\/WordPress3\/wp-content\/uploads\/2026\/03\/Terre-et-Humanisme-au-Maroc-logo.jpg\" alt=\"\" class=\"wp-image-50109\" srcset=\"https:\/\/egliseenbrianconnais.net\/WordPress3\/wp-content\/uploads\/2026\/03\/Terre-et-Humanisme-au-Maroc-logo.jpg 696w, https:\/\/egliseenbrianconnais.net\/WordPress3\/wp-content\/uploads\/2026\/03\/Terre-et-Humanisme-au-Maroc-logo-300x192.jpg 300w, https:\/\/egliseenbrianconnais.net\/WordPress3\/wp-content\/uploads\/2026\/03\/Terre-et-Humanisme-au-Maroc-logo-50x32.jpg 50w\" sizes=\"auto, (max-width: 696px) 100vw, 696px\" \/><\/figure>\n\n\n\n<p class=\"has-text-align-center\"><strong><a href=\"https:\/\/egliseenbrianconnais.net\/WordPress3\/wp-content\/uploads\/2026\/03\/Terre-et-Humanisme-au-Maroc.pdf\" type=\"link\" id=\"https:\/\/egliseenbrianconnais.net\/WordPress3\/wp-content\/uploads\/2026\/03\/Terre-et-Humanisme-au-Maroc.pdf\">Terre et Humanisme au Maroc : T\u00e9l\u00e9charger<\/a><\/strong><\/p>\n\n\n\n<p class=\"has-text-align-center\">**********************<\/p>\n\n\n\n<p class=\"has-text-align-center has-larger-font-size\"><strong>Assembl\u00e9e G\u00e9n\u00e9rale<\/strong> <\/p>\n\n\n\n<p class=\"has-text-align-center has-accent-color has-text-color has-link-color wp-elements-0fcc6784c7fbe1db2076ebc6350ee707\"><strong>Compte tenu des conditions m\u00e9t\u00e9o l&rsquo;assembl\u00e9e dioc\u00e9saine du CCFD-Terre Solidaire est report\u00e9e au<\/strong><\/p>\n\n\n\n<p class=\"has-text-align-center has-accent-color has-text-color has-link-color has-large-font-size wp-elements-03c337b4873dcc2f35eb3a18aef4e62e\">S<strong>amedi 14 mars 2026 \u00e0 Embrun <\/strong><\/p>\n\n\n\n<p class=\"has-text-align-center\">&nbsp;Salle paroissiale Ste Anne &#8211; pr\u00e8s de la cath\u00e9drale (de 9h \u00e0 16h30).<\/p>\n\n\n\n<div data-wp-interactive=\"core\/file\" class=\"wp-block-file\"><object data-wp-bind--hidden=\"!state.hasPdfPreview\" hidden class=\"wp-block-file__embed\" data=\"https:\/\/egliseenbrianconnais.net\/WordPress3\/wp-content\/uploads\/2026\/01\/OJ-de-lAD-du-10-janvier-2026.pdf\" type=\"application\/pdf\" style=\"width:100%;height:200px\" aria-label=\"Contenu embarqu\u00e9 OJ de l&apos;AD du 10 janvier 2026.\"><\/object><a id=\"wp-block-file--media-bdf7612c-2ca4-4eb1-bd02-b866a0effeef\" href=\"https:\/\/egliseenbrianconnais.net\/WordPress3\/wp-content\/uploads\/2026\/01\/OJ-de-lAD-du-10-janvier-2026.pdf\">OJ de l&rsquo;AD du 10 janvier 2026<\/a><a href=\"https:\/\/egliseenbrianconnais.net\/WordPress3\/wp-content\/uploads\/2026\/01\/OJ-de-lAD-du-10-janvier-2026.pdf\" class=\"wp-block-file__button wp-element-button\" download aria-describedby=\"wp-block-file--media-bdf7612c-2ca4-4eb1-bd02-b866a0effeef\">T\u00e9l\u00e9charger<\/a><\/div>\n\n\n\n<p class=\"has-text-align-center\">&#x2663;&nbsp; &#x2663;&nbsp; &#x2663;<\/p>\n\n\n\n<p><\/p>\n\n\n\n<p class=\"has-text-align-center has-background-color has-text-color has-background has-link-color wp-elements-01272cc17eb301bcee7be60ff104288d\" style=\"background-color:#dc0e0e\"><\/p>\n\n\n<div class=\"wp-block-image is-style-default\">\n<figure class=\"aligncenter size-large is-resized\"><img loading=\"lazy\" decoding=\"async\" width=\"1024\" height=\"769\" src=\"http:\/\/egliseenbrianconnais.net\/WordPress3\/wp-content\/uploads\/2020\/12\/Bertrand-Gournay-1024x769.jpg\" alt=\"\" class=\"wp-image-31094\" style=\"width:550px;height:undefinedpx\" srcset=\"https:\/\/egliseenbrianconnais.net\/WordPress3\/wp-content\/uploads\/2020\/12\/Bertrand-Gournay-1024x769.jpg 1024w, https:\/\/egliseenbrianconnais.net\/WordPress3\/wp-content\/uploads\/2020\/12\/Bertrand-Gournay-300x225.jpg 300w, https:\/\/egliseenbrianconnais.net\/WordPress3\/wp-content\/uploads\/2020\/12\/Bertrand-Gournay-768x576.jpg 768w, https:\/\/egliseenbrianconnais.net\/WordPress3\/wp-content\/uploads\/2020\/12\/Bertrand-Gournay-1536x1153.jpg 1536w, https:\/\/egliseenbrianconnais.net\/WordPress3\/wp-content\/uploads\/2020\/12\/Bertrand-Gournay.jpg 1976w\" sizes=\"auto, (max-width: 1024px) 100vw, 1024px\" \/><\/figure>\n<\/div>\n\n\n<div class=\"wp-block-file aligncenter\"><a id=\"wp-block-file--media-6143635e-41f9-475f-8ea4-ec0e0980d4e4\" href=\"http:\/\/egliseenbrianconnais.net\/WordPress3\/wp-content\/uploads\/2020\/12\/Texte-Bertrand-Gournay.pdf\"><strong>Bertrand-Gournay : <\/strong><br \/><strong>No\u00ebl une \u00ab\u00a0Communion de destins\u00a0\u00bb<\/strong><\/a><a href=\"http:\/\/egliseenbrianconnais.net\/WordPress3\/wp-content\/uploads\/2020\/12\/Texte-Bertrand-Gournay.pdf\" class=\"wp-block-file__button wp-element-button\" download aria-describedby=\"wp-block-file--media-6143635e-41f9-475f-8ea4-ec0e0980d4e4\">T\u00e9l\u00e9charger<\/a><\/div>\n\n\n\n<p class=\"has-text-align-center\">&#x2663;&nbsp; &#x2663;&nbsp; &#x2663;<\/p>\n\n\n\n<p class=\"has-text-align-center has-white-color has-text-color has-background\" style=\"background-color:#0e549b\">Bertrand Gournay, aum\u00f4nier national <strong><br \/><\/strong>du CCFD &#8211; Terre Solidaire<\/p>\n\n\n\n<p class=\"has-text-align-center\">&#x2663;&nbsp; &#x2663;&nbsp; &#x2663;<\/p>\n\n\n\n<p class=\"has-text-align-center\"><strong><a href=\"https:\/\/ccfd-terresolidaire.org\/\">CCFD &#8211; TERRE SOLIDAIRE<\/a><\/strong><\/p>\n\n\n\n<p class=\"has-text-align-center\">_____________________________<\/p>\n\n\n\n<p><strong>Comit\u00e9 Catholique contre la Faim et pour le D\u00e9veloppement \u2013 Terre Solidaire<\/strong><\/p>\n\n\n\n<p>Fruit de diff\u00e9rents mouvements et services d\u2019Eglise pour lutter contre la faim dans le monde. Il existe depuis plus de 55 ans.<\/p>\n\n\n\n<p>Le CCFD est reconnu 1<sup>\u00e8re<\/sup>&nbsp;ONG de D\u00e9veloppement de France par le soutien qu\u2019il apporte et les \u00e9changes qu\u2019il permet \u00e0 plus de 400 partenaires \u00e0 travers le monde.<\/p>\n\n\n\n<p>Le CCFD ne fait pas \u00e0 la place de ses partenaires, qui sont des petites ONG, des associations ou des coop\u00e9ratives agricoles : il leur donne la possibilit\u00e9 de faire et d\u2019\u00eatre ind\u00e9pendant.<\/p>\n\n\n\n<p class=\"has-text-align-center\"> &#x2663;&nbsp; &#x2663;&nbsp; &#x2663; <\/p>\n","protected":false},"excerpt":{"rendered":"<p>********************** Terre et Humanisme au Maroc : T\u00e9l\u00e9charger ********************** Assembl\u00e9e G\u00e9n\u00e9rale Compte tenu des conditions m\u00e9t\u00e9o l&rsquo;assembl\u00e9e dioc\u00e9saine du CCFD-Terre Solidaire est report\u00e9e au Samedi 14 mars 2026 \u00e0 Embrun &nbsp;Salle paroissiale Ste Anne &#8211; pr\u00e8s de la cath\u00e9drale (de 9h \u00e0 16h30). &#x2663;&nbsp; &#x2663;&nbsp; &#x2663; &#x2663;&nbsp; &#x2663;&nbsp; &#x2663; Bertrand Gournay, aum\u00f4nier national du CCFD [&hellip;]<\/p>\n","protected":false},"author":407,"featured_media":0,"parent":7894,"menu_order":0,"comment_status":"closed","ping_status":"closed","template":"","meta":{"jetpack_post_was_ever_published":false,"footnotes":""},"class_list":["post-813","page","type-page","status-publish","hentry"],"yoast_head":"<!-- This site is optimized with the Yoast SEO plugin v27.3 - https:\/\/yoast.com\/product\/yoast-seo-wordpress\/ -->\n<title>CCFD-TERRE SOLIDAIRE - Eglise en Brian\u00e7onnais<\/title>\n<meta name=\"robots\" content=\"index, follow, max-snippet:-1, max-image-preview:large, max-video-preview:-1\" \/>\n<link rel=\"canonical\" href=\"https:\/\/egliseenbrianconnais.net\/WordPress3\/vie-caritative\/ccfd-terresolidaire\/\" \/>\n<meta property=\"og:locale\" content=\"fr_FR\" \/>\n<meta property=\"og:type\" content=\"article\" \/>\n<meta property=\"og:title\" content=\"CCFD-TERRE SOLIDAIRE - Eglise en Brian\u00e7onnais\" \/>\n<meta property=\"og:description\" content=\"********************** Terre et Humanisme au Maroc : T\u00e9l\u00e9charger ********************** Assembl\u00e9e G\u00e9n\u00e9rale Compte tenu des conditions m\u00e9t\u00e9o l&rsquo;assembl\u00e9e dioc\u00e9saine du CCFD-Terre Solidaire est report\u00e9e au Samedi 14 mars 2026 \u00e0 Embrun &nbsp;Salle paroissiale Ste Anne &#8211; pr\u00e8s de la cath\u00e9drale (de 9h \u00e0 16h30). &#x2663;&nbsp; &#x2663;&nbsp; &#x2663; &#x2663;&nbsp; &#x2663;&nbsp; &#x2663; Bertrand Gournay, aum\u00f4nier national du CCFD [&hellip;]\" \/>\n<meta property=\"og:url\" content=\"https:\/\/egliseenbrianconnais.net\/WordPress3\/vie-caritative\/ccfd-terresolidaire\/\" \/>\n<meta property=\"og:site_name\" content=\"Eglise en Brian\u00e7onnais\" \/>\n<meta property=\"article:modified_time\" content=\"2026-03-11T07:23:25+00:00\" \/>\n<meta property=\"og:image\" content=\"https:\/\/egliseenbrianconnais.net\/WordPress3\/wp-content\/uploads\/2026\/03\/Terre-et-Humanisme-au-Maroc-logo.jpg\" \/>\n\t<meta property=\"og:image:width\" content=\"696\" \/>\n\t<meta property=\"og:image:height\" content=\"446\" \/>\n\t<meta property=\"og:image:type\" content=\"image\/jpeg\" \/>\n<meta name=\"twitter:card\" content=\"summary_large_image\" \/>\n<meta name=\"twitter:label1\" content=\"Dur\u00e9e de lecture estim\u00e9e\" \/>\n\t<meta name=\"twitter:data1\" content=\"2 minutes\" \/>\n<script type=\"application\/ld+json\" class=\"yoast-schema-graph\">{\"@context\":\"https:\\\/\\\/schema.org\",\"@graph\":[{\"@type\":\"WebPage\",\"@id\":\"https:\\\/\\\/egliseenbrianconnais.net\\\/WordPress3\\\/vie-caritative\\\/ccfd-terresolidaire\\\/\",\"url\":\"https:\\\/\\\/egliseenbrianconnais.net\\\/WordPress3\\\/vie-caritative\\\/ccfd-terresolidaire\\\/\",\"name\":\"CCFD-TERRE SOLIDAIRE - Eglise en Brian\u00e7onnais\",\"isPartOf\":{\"@id\":\"https:\\\/\\\/egliseenbrianconnais.net\\\/WordPress3\\\/#website\"},\"primaryImageOfPage\":{\"@id\":\"https:\\\/\\\/egliseenbrianconnais.net\\\/WordPress3\\\/vie-caritative\\\/ccfd-terresolidaire\\\/#primaryimage\"},\"image\":{\"@id\":\"https:\\\/\\\/egliseenbrianconnais.net\\\/WordPress3\\\/vie-caritative\\\/ccfd-terresolidaire\\\/#primaryimage\"},\"thumbnailUrl\":\"https:\\\/\\\/egliseenbrianconnais.net\\\/WordPress3\\\/wp-content\\\/uploads\\\/2026\\\/03\\\/Terre-et-Humanisme-au-Maroc-logo.jpg\",\"datePublished\":\"2011-09-08T13:46:54+00:00\",\"dateModified\":\"2026-03-11T07:23:25+00:00\",\"breadcrumb\":{\"@id\":\"https:\\\/\\\/egliseenbrianconnais.net\\\/WordPress3\\\/vie-caritative\\\/ccfd-terresolidaire\\\/#breadcrumb\"},\"inLanguage\":\"fr-FR\",\"potentialAction\":[{\"@type\":\"ReadAction\",\"target\":[\"https:\\\/\\\/egliseenbrianconnais.net\\\/WordPress3\\\/vie-caritative\\\/ccfd-terresolidaire\\\/\"]}]},{\"@type\":\"ImageObject\",\"inLanguage\":\"fr-FR\",\"@id\":\"https:\\\/\\\/egliseenbrianconnais.net\\\/WordPress3\\\/vie-caritative\\\/ccfd-terresolidaire\\\/#primaryimage\",\"url\":\"https:\\\/\\\/egliseenbrianconnais.net\\\/WordPress3\\\/wp-content\\\/uploads\\\/2026\\\/03\\\/Terre-et-Humanisme-au-Maroc-logo.jpg\",\"contentUrl\":\"https:\\\/\\\/egliseenbrianconnais.net\\\/WordPress3\\\/wp-content\\\/uploads\\\/2026\\\/03\\\/Terre-et-Humanisme-au-Maroc-logo.jpg\",\"width\":696,\"height\":446},{\"@type\":\"BreadcrumbList\",\"@id\":\"https:\\\/\\\/egliseenbrianconnais.net\\\/WordPress3\\\/vie-caritative\\\/ccfd-terresolidaire\\\/#breadcrumb\",\"itemListElement\":[{\"@type\":\"ListItem\",\"position\":1,\"name\":\"Accueil\",\"item\":\"https:\\\/\\\/egliseenbrianconnais.net\\\/WordPress3\\\/\"},{\"@type\":\"ListItem\",\"position\":2,\"name\":\"VIE CARITATIVE\",\"item\":\"https:\\\/\\\/egliseenbrianconnais.net\\\/WordPress3\\\/vie-caritative\\\/\"},{\"@type\":\"ListItem\",\"position\":3,\"name\":\"CCFD-TERRE SOLIDAIRE\"}]},{\"@type\":\"WebSite\",\"@id\":\"https:\\\/\\\/egliseenbrianconnais.net\\\/WordPress3\\\/#website\",\"url\":\"https:\\\/\\\/egliseenbrianconnais.net\\\/WordPress3\\\/\",\"name\":\"EgliseenBrian\u00e7onnais\",\"description\":\"BIENVENUE !\",\"publisher\":{\"@id\":\"https:\\\/\\\/egliseenbrianconnais.net\\\/WordPress3\\\/#organization\"},\"potentialAction\":[{\"@type\":\"SearchAction\",\"target\":{\"@type\":\"EntryPoint\",\"urlTemplate\":\"https:\\\/\\\/egliseenbrianconnais.net\\\/WordPress3\\\/?s={search_term_string}\"},\"query-input\":{\"@type\":\"PropertyValueSpecification\",\"valueRequired\":true,\"valueName\":\"search_term_string\"}}],\"inLanguage\":\"fr-FR\"},{\"@type\":\"Organization\",\"@id\":\"https:\\\/\\\/egliseenbrianconnais.net\\\/WordPress3\\\/#organization\",\"name\":\"EgliseenBrian\u00e7onnais\",\"url\":\"https:\\\/\\\/egliseenbrianconnais.net\\\/WordPress3\\\/\",\"logo\":{\"@type\":\"ImageObject\",\"inLanguage\":\"fr-FR\",\"@id\":\"https:\\\/\\\/egliseenbrianconnais.net\\\/WordPress3\\\/#\\\/schema\\\/logo\\\/image\\\/\",\"url\":\"http:\\\/\\\/egliseenbrianconnais.net\\\/WordPress3\\\/wp-content\\\/uploads\\\/2021\\\/09\\\/Logo-Ste-Catherine.jpg\",\"contentUrl\":\"http:\\\/\\\/egliseenbrianconnais.net\\\/WordPress3\\\/wp-content\\\/uploads\\\/2021\\\/09\\\/Logo-Ste-Catherine.jpg\",\"width\":850,\"height\":1417,\"caption\":\"EgliseenBrian\u00e7onnais\"},\"image\":{\"@id\":\"https:\\\/\\\/egliseenbrianconnais.net\\\/WordPress3\\\/#\\\/schema\\\/logo\\\/image\\\/\"}}]}<\/script>\n<!-- \/ Yoast SEO plugin. -->","yoast_head_json":{"title":"CCFD-TERRE SOLIDAIRE - Eglise en Brian\u00e7onnais","robots":{"index":"index","follow":"follow","max-snippet":"max-snippet:-1","max-image-preview":"max-image-preview:large","max-video-preview":"max-video-preview:-1"},"canonical":"https:\/\/egliseenbrianconnais.net\/WordPress3\/vie-caritative\/ccfd-terresolidaire\/","og_locale":"fr_FR","og_type":"article","og_title":"CCFD-TERRE SOLIDAIRE - Eglise en Brian\u00e7onnais","og_description":"********************** Terre et Humanisme au Maroc : T\u00e9l\u00e9charger ********************** Assembl\u00e9e G\u00e9n\u00e9rale Compte tenu des conditions m\u00e9t\u00e9o l&rsquo;assembl\u00e9e dioc\u00e9saine du CCFD-Terre Solidaire est report\u00e9e au Samedi 14 mars 2026 \u00e0 Embrun &nbsp;Salle paroissiale Ste Anne &#8211; pr\u00e8s de la cath\u00e9drale (de 9h \u00e0 16h30). &#x2663;&nbsp; &#x2663;&nbsp; &#x2663; &#x2663;&nbsp; &#x2663;&nbsp; &#x2663; Bertrand Gournay, aum\u00f4nier national du CCFD [&hellip;]","og_url":"https:\/\/egliseenbrianconnais.net\/WordPress3\/vie-caritative\/ccfd-terresolidaire\/","og_site_name":"Eglise en Brian\u00e7onnais","article_modified_time":"2026-03-11T07:23:25+00:00","og_image":[{"width":696,"height":446,"url":"https:\/\/egliseenbrianconnais.net\/WordPress3\/wp-content\/uploads\/2026\/03\/Terre-et-Humanisme-au-Maroc-logo.jpg","type":"image\/jpeg"}],"twitter_card":"summary_large_image","twitter_misc":{"Dur\u00e9e de lecture estim\u00e9e":"2 minutes"},"schema":{"@context":"https:\/\/schema.org","@graph":[{"@type":"WebPage","@id":"https:\/\/egliseenbrianconnais.net\/WordPress3\/vie-caritative\/ccfd-terresolidaire\/","url":"https:\/\/egliseenbrianconnais.net\/WordPress3\/vie-caritative\/ccfd-terresolidaire\/","name":"CCFD-TERRE SOLIDAIRE - Eglise en Brian\u00e7onnais","isPartOf":{"@id":"https:\/\/egliseenbrianconnais.net\/WordPress3\/#website"},"primaryImageOfPage":{"@id":"https:\/\/egliseenbrianconnais.net\/WordPress3\/vie-caritative\/ccfd-terresolidaire\/#primaryimage"},"image":{"@id":"https:\/\/egliseenbrianconnais.net\/WordPress3\/vie-caritative\/ccfd-terresolidaire\/#primaryimage"},"thumbnailUrl":"https:\/\/egliseenbrianconnais.net\/WordPress3\/wp-content\/uploads\/2026\/03\/Terre-et-Humanisme-au-Maroc-logo.jpg","datePublished":"2011-09-08T13:46:54+00:00","dateModified":"2026-03-11T07:23:25+00:00","breadcrumb":{"@id":"https:\/\/egliseenbrianconnais.net\/WordPress3\/vie-caritative\/ccfd-terresolidaire\/#breadcrumb"},"inLanguage":"fr-FR","potentialAction":[{"@type":"ReadAction","target":["https:\/\/egliseenbrianconnais.net\/WordPress3\/vie-caritative\/ccfd-terresolidaire\/"]}]},{"@type":"ImageObject","inLanguage":"fr-FR","@id":"https:\/\/egliseenbrianconnais.net\/WordPress3\/vie-caritative\/ccfd-terresolidaire\/#primaryimage","url":"https:\/\/egliseenbrianconnais.net\/WordPress3\/wp-content\/uploads\/2026\/03\/Terre-et-Humanisme-au-Maroc-logo.jpg","contentUrl":"https:\/\/egliseenbrianconnais.net\/WordPress3\/wp-content\/uploads\/2026\/03\/Terre-et-Humanisme-au-Maroc-logo.jpg","width":696,"height":446},{"@type":"BreadcrumbList","@id":"https:\/\/egliseenbrianconnais.net\/WordPress3\/vie-caritative\/ccfd-terresolidaire\/#breadcrumb","itemListElement":[{"@type":"ListItem","position":1,"name":"Accueil","item":"https:\/\/egliseenbrianconnais.net\/WordPress3\/"},{"@type":"ListItem","position":2,"name":"VIE CARITATIVE","item":"https:\/\/egliseenbrianconnais.net\/WordPress3\/vie-caritative\/"},{"@type":"ListItem","position":3,"name":"CCFD-TERRE SOLIDAIRE"}]},{"@type":"WebSite","@id":"https:\/\/egliseenbrianconnais.net\/WordPress3\/#website","url":"https:\/\/egliseenbrianconnais.net\/WordPress3\/","name":"EgliseenBrian\u00e7onnais","description":"BIENVENUE !","publisher":{"@id":"https:\/\/egliseenbrianconnais.net\/WordPress3\/#organization"},"potentialAction":[{"@type":"SearchAction","target":{"@type":"EntryPoint","urlTemplate":"https:\/\/egliseenbrianconnais.net\/WordPress3\/?s={search_term_string}"},"query-input":{"@type":"PropertyValueSpecification","valueRequired":true,"valueName":"search_term_string"}}],"inLanguage":"fr-FR"},{"@type":"Organization","@id":"https:\/\/egliseenbrianconnais.net\/WordPress3\/#organization","name":"EgliseenBrian\u00e7onnais","url":"https:\/\/egliseenbrianconnais.net\/WordPress3\/","logo":{"@type":"ImageObject","inLanguage":"fr-FR","@id":"https:\/\/egliseenbrianconnais.net\/WordPress3\/#\/schema\/logo\/image\/","url":"http:\/\/egliseenbrianconnais.net\/WordPress3\/wp-content\/uploads\/2021\/09\/Logo-Ste-Catherine.jpg","contentUrl":"http:\/\/egliseenbrianconnais.net\/WordPress3\/wp-content\/uploads\/2021\/09\/Logo-Ste-Catherine.jpg","width":850,"height":1417,"caption":"EgliseenBrian\u00e7onnais"},"image":{"@id":"https:\/\/egliseenbrianconnais.net\/WordPress3\/#\/schema\/logo\/image\/"}}]}},"jetpack_sharing_enabled":true,"_links":{"self":[{"href":"https:\/\/egliseenbrianconnais.net\/WordPress3\/wp-json\/wp\/v2\/pages\/813","targetHints":{"allow":["GET"]}}],"collection":[{"href":"https:\/\/egliseenbrianconnais.net\/WordPress3\/wp-json\/wp\/v2\/pages"}],"about":[{"href":"https:\/\/egliseenbrianconnais.net\/WordPress3\/wp-json\/wp\/v2\/types\/page"}],"author":[{"embeddable":true,"href":"https:\/\/egliseenbrianconnais.net\/WordPress3\/wp-json\/wp\/v2\/users\/407"}],"replies":[{"embeddable":true,"href":"https:\/\/egliseenbrianconnais.net\/WordPress3\/wp-json\/wp\/v2\/comments?post=813"}],"version-history":[{"count":52,"href":"https:\/\/egliseenbrianconnais.net\/WordPress3\/wp-json\/wp\/v2\/pages\/813\/revisions"}],"predecessor-version":[{"id":50114,"href":"https:\/\/egliseenbrianconnais.net\/WordPress3\/wp-json\/wp\/v2\/pages\/813\/revisions\/50114"}],"up":[{"embeddable":true,"href":"https:\/\/egliseenbrianconnais.net\/WordPress3\/wp-json\/wp\/v2\/pages\/7894"}],"wp:attachment":[{"href":"https:\/\/egliseenbrianconnais.net\/WordPress3\/wp-json\/wp\/v2\/media?parent=813"}],"curies":[{"name":"wp","href":"https:\/\/api.w.org\/{rel}","templated":true}]}}