{"id":7894,"date":"2014-10-04T17:45:28","date_gmt":"2014-10-04T15:45:28","guid":{"rendered":"http:\/\/egliseenbrianconnais.net\/WordPress3\/?page_id=7894"},"modified":"2024-07-27T20:00:54","modified_gmt":"2024-07-27T19:00:54","slug":"vie-caritative","status":"publish","type":"page","link":"https:\/\/egliseenbrianconnais.net\/WordPress3\/vie-caritative\/","title":{"rendered":"VIE CARITATIVE"},"content":{"rendered":"<p style=\"padding-left: 160px;\"><strong>\u25ca<\/strong> <a href=\"http:\/\/egliseenbrianconnais.net\/WordPress3\/les-refuges-solidaires\/\">TERRASSES SOLIDAIRES<\/a><\/p>\n<p style=\"padding-left: 160px;\"><strong>\u25ca\u00a0<\/strong><a href=\"http:\/\/egliseenbrianconnais.net\/WordPress3\/vie-caritative\/secours-catholique\/\">SECOURS CATHOLIQUE<\/a><\/p>\n<p style=\"padding-left: 160px;\"><strong>\u25ca\u00a0<\/strong><a href=\"http:\/\/egliseenbrianconnais.net\/WordPress3\/foi-et-lumiere-3\/\">FOI ET LUMIERE<\/a><\/p>\n<p style=\"padding-left: 160px;\"><strong>\u25ca <\/strong><a href=\"http:\/\/egliseenbrianconnais.net\/WordPress3\/vie-caritative\/ccfd-terresolidaire\/\">CCFD\u00a0 TERRE SOLIDAIRE<\/a><\/p>\n<p style=\"padding-left: 160px;\"><strong>\u25ca<\/strong>\u00a0 <a href=\"https:\/\/egliseenbrianconnais.net\/WordPress3\/la-kimpina\/\">LA KIMPINA<\/a><\/p>\n<p style=\"padding-left: 160px;\"><strong>\u25ca\u00a0<\/strong><a href=\"http:\/\/egliseenbrianconnais.net\/WordPress3\/vie-caritative\/82-4000\/\">82.4000<\/a><\/p>\n<p style=\"padding-left: 160px;\"><strong>\u25ca\u00a0<\/strong><a href=\"http:\/\/egliseenbrianconnais.net\/WordPress3\/annonce-de-la-parole\/eglise-verte\/\">EGLISE VERTE<\/a><\/p>\n<h2 style=\"text-align: center;\">\u00a0<\/h2>\n\n\n<p><\/p>\n","protected":false},"excerpt":{"rendered":"<p>\u25ca TERRASSES SOLIDAIRES \u25ca\u00a0SECOURS CATHOLIQUE \u25ca\u00a0FOI ET LUMIERE \u25ca CCFD\u00a0 TERRE SOLIDAIRE \u25ca\u00a0 LA KIMPINA \u25ca\u00a082.4000 \u25ca\u00a0EGLISE VERTE \u00a0<\/p>\n","protected":false},"author":409,"featured_media":0,"parent":0,"menu_order":0,"comment_status":"closed","ping_status":"closed","template":"","meta":{"jetpack_post_was_ever_published":false,"footnotes":""},"class_list":["post-7894","page","type-page","status-publish","hentry"],"yoast_head":"<!-- This site is optimized with the Yoast SEO plugin v27.4 - https:\/\/yoast.com\/product\/yoast-seo-wordpress\/ -->\n<title>VIE CARITATIVE - Eglise en Brian\u00e7onnais<\/title>\n<meta name=\"robots\" content=\"index, follow, max-snippet:-1, max-image-preview:large, max-video-preview:-1\" \/>\n<link rel=\"canonical\" href=\"https:\/\/egliseenbrianconnais.net\/WordPress3\/vie-caritative\/\" \/>\n<meta property=\"og:locale\" content=\"fr_FR\" \/>\n<meta property=\"og:type\" content=\"article\" \/>\n<meta property=\"og:title\" content=\"VIE CARITATIVE - Eglise en Brian\u00e7onnais\" \/>\n<meta property=\"og:description\" content=\"\u25ca TERRASSES SOLIDAIRES \u25ca\u00a0SECOURS CATHOLIQUE \u25ca\u00a0FOI ET LUMIERE \u25ca CCFD\u00a0 TERRE SOLIDAIRE \u25ca\u00a0 LA KIMPINA \u25ca\u00a082.4000 \u25ca\u00a0EGLISE VERTE \u00a0\" \/>\n<meta property=\"og:url\" content=\"https:\/\/egliseenbrianconnais.net\/WordPress3\/vie-caritative\/\" \/>\n<meta property=\"og:site_name\" content=\"Eglise en Brian\u00e7onnais\" \/>\n<meta property=\"article:modified_time\" content=\"2024-07-27T19:00:54+00:00\" \/>\n<meta name=\"twitter:card\" content=\"summary_large_image\" \/>\n<meta name=\"twitter:label1\" content=\"Dur\u00e9e de lecture estim\u00e9e\" \/>\n\t<meta name=\"twitter:data1\" content=\"1 minute\" \/>\n<script type=\"application\/ld+json\" class=\"yoast-schema-graph\">{\"@context\":\"https:\\\/\\\/schema.org\",\"@graph\":[{\"@type\":\"WebPage\",\"@id\":\"https:\\\/\\\/egliseenbrianconnais.net\\\/WordPress3\\\/vie-caritative\\\/\",\"url\":\"https:\\\/\\\/egliseenbrianconnais.net\\\/WordPress3\\\/vie-caritative\\\/\",\"name\":\"VIE CARITATIVE - Eglise en Brian\u00e7onnais\",\"isPartOf\":{\"@id\":\"https:\\\/\\\/egliseenbrianconnais.net\\\/WordPress3\\\/#website\"},\"datePublished\":\"2014-10-04T15:45:28+00:00\",\"dateModified\":\"2024-07-27T19:00:54+00:00\",\"breadcrumb\":{\"@id\":\"https:\\\/\\\/egliseenbrianconnais.net\\\/WordPress3\\\/vie-caritative\\\/#breadcrumb\"},\"inLanguage\":\"fr-FR\",\"potentialAction\":[{\"@type\":\"ReadAction\",\"target\":[\"https:\\\/\\\/egliseenbrianconnais.net\\\/WordPress3\\\/vie-caritative\\\/\"]}]},{\"@type\":\"BreadcrumbList\",\"@id\":\"https:\\\/\\\/egliseenbrianconnais.net\\\/WordPress3\\\/vie-caritative\\\/#breadcrumb\",\"itemListElement\":[{\"@type\":\"ListItem\",\"position\":1,\"name\":\"Accueil\",\"item\":\"https:\\\/\\\/egliseenbrianconnais.net\\\/WordPress3\\\/\"},{\"@type\":\"ListItem\",\"position\":2,\"name\":\"VIE CARITATIVE\"}]},{\"@type\":\"WebSite\",\"@id\":\"https:\\\/\\\/egliseenbrianconnais.net\\\/WordPress3\\\/#website\",\"url\":\"https:\\\/\\\/egliseenbrianconnais.net\\\/WordPress3\\\/\",\"name\":\"EgliseenBrian\u00e7onnais\",\"description\":\"BIENVENUE !\",\"publisher\":{\"@id\":\"https:\\\/\\\/egliseenbrianconnais.net\\\/WordPress3\\\/#organization\"},\"potentialAction\":[{\"@type\":\"SearchAction\",\"target\":{\"@type\":\"EntryPoint\",\"urlTemplate\":\"https:\\\/\\\/egliseenbrianconnais.net\\\/WordPress3\\\/?s={search_term_string}\"},\"query-input\":{\"@type\":\"PropertyValueSpecification\",\"valueRequired\":true,\"valueName\":\"search_term_string\"}}],\"inLanguage\":\"fr-FR\"},{\"@type\":\"Organization\",\"@id\":\"https:\\\/\\\/egliseenbrianconnais.net\\\/WordPress3\\\/#organization\",\"name\":\"EgliseenBrian\u00e7onnais\",\"url\":\"https:\\\/\\\/egliseenbrianconnais.net\\\/WordPress3\\\/\",\"logo\":{\"@type\":\"ImageObject\",\"inLanguage\":\"fr-FR\",\"@id\":\"https:\\\/\\\/egliseenbrianconnais.net\\\/WordPress3\\\/#\\\/schema\\\/logo\\\/image\\\/\",\"url\":\"http:\\\/\\\/egliseenbrianconnais.net\\\/WordPress3\\\/wp-content\\\/uploads\\\/2021\\\/09\\\/Logo-Ste-Catherine.jpg\",\"contentUrl\":\"http:\\\/\\\/egliseenbrianconnais.net\\\/WordPress3\\\/wp-content\\\/uploads\\\/2021\\\/09\\\/Logo-Ste-Catherine.jpg\",\"width\":850,\"height\":1417,\"caption\":\"EgliseenBrian\u00e7onnais\"},\"image\":{\"@id\":\"https:\\\/\\\/egliseenbrianconnais.net\\\/WordPress3\\\/#\\\/schema\\\/logo\\\/image\\\/\"}}]}<\/script>\n<!-- \/ Yoast SEO plugin. -->","yoast_head_json":{"title":"VIE CARITATIVE - Eglise en Brian\u00e7onnais","robots":{"index":"index","follow":"follow","max-snippet":"max-snippet:-1","max-image-preview":"max-image-preview:large","max-video-preview":"max-video-preview:-1"},"canonical":"https:\/\/egliseenbrianconnais.net\/WordPress3\/vie-caritative\/","og_locale":"fr_FR","og_type":"article","og_title":"VIE CARITATIVE - Eglise en Brian\u00e7onnais","og_description":"\u25ca TERRASSES SOLIDAIRES \u25ca\u00a0SECOURS CATHOLIQUE \u25ca\u00a0FOI ET LUMIERE \u25ca CCFD\u00a0 TERRE SOLIDAIRE \u25ca\u00a0 LA KIMPINA \u25ca\u00a082.4000 \u25ca\u00a0EGLISE VERTE \u00a0","og_url":"https:\/\/egliseenbrianconnais.net\/WordPress3\/vie-caritative\/","og_site_name":"Eglise en Brian\u00e7onnais","article_modified_time":"2024-07-27T19:00:54+00:00","twitter_card":"summary_large_image","twitter_misc":{"Dur\u00e9e de lecture estim\u00e9e":"1 minute"},"schema":{"@context":"https:\/\/schema.org","@graph":[{"@type":"WebPage","@id":"https:\/\/egliseenbrianconnais.net\/WordPress3\/vie-caritative\/","url":"https:\/\/egliseenbrianconnais.net\/WordPress3\/vie-caritative\/","name":"VIE CARITATIVE - Eglise en Brian\u00e7onnais","isPartOf":{"@id":"https:\/\/egliseenbrianconnais.net\/WordPress3\/#website"},"datePublished":"2014-10-04T15:45:28+00:00","dateModified":"2024-07-27T19:00:54+00:00","breadcrumb":{"@id":"https:\/\/egliseenbrianconnais.net\/WordPress3\/vie-caritative\/#breadcrumb"},"inLanguage":"fr-FR","potentialAction":[{"@type":"ReadAction","target":["https:\/\/egliseenbrianconnais.net\/WordPress3\/vie-caritative\/"]}]},{"@type":"BreadcrumbList","@id":"https:\/\/egliseenbrianconnais.net\/WordPress3\/vie-caritative\/#breadcrumb","itemListElement":[{"@type":"ListItem","position":1,"name":"Accueil","item":"https:\/\/egliseenbrianconnais.net\/WordPress3\/"},{"@type":"ListItem","position":2,"name":"VIE CARITATIVE"}]},{"@type":"WebSite","@id":"https:\/\/egliseenbrianconnais.net\/WordPress3\/#website","url":"https:\/\/egliseenbrianconnais.net\/WordPress3\/","name":"EgliseenBrian\u00e7onnais","description":"BIENVENUE !","publisher":{"@id":"https:\/\/egliseenbrianconnais.net\/WordPress3\/#organization"},"potentialAction":[{"@type":"SearchAction","target":{"@type":"EntryPoint","urlTemplate":"https:\/\/egliseenbrianconnais.net\/WordPress3\/?s={search_term_string}"},"query-input":{"@type":"PropertyValueSpecification","valueRequired":true,"valueName":"search_term_string"}}],"inLanguage":"fr-FR"},{"@type":"Organization","@id":"https:\/\/egliseenbrianconnais.net\/WordPress3\/#organization","name":"EgliseenBrian\u00e7onnais","url":"https:\/\/egliseenbrianconnais.net\/WordPress3\/","logo":{"@type":"ImageObject","inLanguage":"fr-FR","@id":"https:\/\/egliseenbrianconnais.net\/WordPress3\/#\/schema\/logo\/image\/","url":"http:\/\/egliseenbrianconnais.net\/WordPress3\/wp-content\/uploads\/2021\/09\/Logo-Ste-Catherine.jpg","contentUrl":"http:\/\/egliseenbrianconnais.net\/WordPress3\/wp-content\/uploads\/2021\/09\/Logo-Ste-Catherine.jpg","width":850,"height":1417,"caption":"EgliseenBrian\u00e7onnais"},"image":{"@id":"https:\/\/egliseenbrianconnais.net\/WordPress3\/#\/schema\/logo\/image\/"}}]}},"jetpack_sharing_enabled":true,"_links":{"self":[{"href":"https:\/\/egliseenbrianconnais.net\/WordPress3\/wp-json\/wp\/v2\/pages\/7894","targetHints":{"allow":["GET"]}}],"collection":[{"href":"https:\/\/egliseenbrianconnais.net\/WordPress3\/wp-json\/wp\/v2\/pages"}],"about":[{"href":"https:\/\/egliseenbrianconnais.net\/WordPress3\/wp-json\/wp\/v2\/types\/page"}],"author":[{"embeddable":true,"href":"https:\/\/egliseenbrianconnais.net\/WordPress3\/wp-json\/wp\/v2\/users\/409"}],"replies":[{"embeddable":true,"href":"https:\/\/egliseenbrianconnais.net\/WordPress3\/wp-json\/wp\/v2\/comments?post=7894"}],"version-history":[{"count":1,"href":"https:\/\/egliseenbrianconnais.net\/WordPress3\/wp-json\/wp\/v2\/pages\/7894\/revisions"}],"predecessor-version":[{"id":46555,"href":"https:\/\/egliseenbrianconnais.net\/WordPress3\/wp-json\/wp\/v2\/pages\/7894\/revisions\/46555"}],"wp:attachment":[{"href":"https:\/\/egliseenbrianconnais.net\/WordPress3\/wp-json\/wp\/v2\/media?parent=7894"}],"curies":[{"name":"wp","href":"https:\/\/api.w.org\/{rel}","templated":true}]}}