{"id":48901,"date":"2025-09-26T20:48:07","date_gmt":"2025-09-26T19:48:07","guid":{"rendered":"https:\/\/egliseenbrianconnais.net\/WordPress3\/?page_id=48901"},"modified":"2026-03-01T12:53:53","modified_gmt":"2026-03-01T11:53:53","slug":"espaces-deglises","status":"publish","type":"page","link":"https:\/\/egliseenbrianconnais.net\/WordPress3\/espaces-deglises\/","title":{"rendered":"ESPACES D&rsquo;EGLISES"},"content":{"rendered":"\n<figure class=\"wp-block-image size-full is-resized\"><img loading=\"lazy\" decoding=\"async\" width=\"227\" height=\"119\" src=\"https:\/\/egliseenbrianconnais.net\/WordPress3\/wp-content\/uploads\/2026\/02\/Protestant.jpg\" alt=\"\" class=\"wp-image-49866\" style=\"width:579px;height:auto\" srcset=\"https:\/\/egliseenbrianconnais.net\/WordPress3\/wp-content\/uploads\/2026\/02\/Protestant.jpg 227w, https:\/\/egliseenbrianconnais.net\/WordPress3\/wp-content\/uploads\/2026\/02\/Protestant-50x26.jpg 50w\" sizes=\"auto, (max-width: 227px) 100vw, 227px\" \/><\/figure>\n\n\n\n<p class=\"has-text-align-center\"><strong><a href=\"https:\/\/egliseenbrianconnais.net\/WordPress3\/wp-content\/uploads\/2026\/03\/Journee-Mondiale-de-Priere-des-femmes.pdf\" type=\"link\" id=\"https:\/\/egliseenbrianconnais.net\/WordPress3\/wp-content\/uploads\/2026\/03\/Journee-Mondiale-de-Priere-des-femmes.pdf\">JMP des Femmes 20 mars 2026<\/a><\/strong><\/p>\n\n\n\n<p class=\"has-text-align-center\">*********************<\/p>\n\n\n\n<p class=\"has-text-align-center\"><a href=\"https:\/\/freissinieres-briancon-queyras.epudf.org\/evenements\/semaine-de-lunite-2025\/\"><strong>SEMAINE DE PRIERE POUR L&rsquo;UNITE DES CHRETIEN<\/strong>S<\/a><\/p>\n\n\n<div class=\"wp-block-image\">\n<figure class=\"aligncenter size-full is-resized\"><img loading=\"lazy\" decoding=\"async\" width=\"296\" height=\"166\" src=\"https:\/\/egliseenbrianconnais.net\/WordPress3\/wp-content\/uploads\/2026\/01\/Unite-des-chretiens-2026.jpg\" alt=\"\" class=\"wp-image-49645\" style=\"width:400px;height:auto\" srcset=\"https:\/\/egliseenbrianconnais.net\/WordPress3\/wp-content\/uploads\/2026\/01\/Unite-des-chretiens-2026.jpg 296w, https:\/\/egliseenbrianconnais.net\/WordPress3\/wp-content\/uploads\/2026\/01\/Unite-des-chretiens-2026-50x28.jpg 50w\" sizes=\"auto, (max-width: 296px) 100vw, 296px\" \/><\/figure>\n<\/div>\n\n\n<p class=\"has-text-align-center has-accent-color has-text-color has-link-color wp-elements-ad093aaa90a1bcfcb1394368da24c68f\"><strong>RENCONTRE <\/strong> <br \/><strong>18 janvier 2026 \u00e0 17h, <\/strong><br \/><strong>\u00e0 l\u2019Eglise Sainte Catherine de Brian\u00e7on<\/strong><\/p>\n\n\n\n<figure class=\"wp-block-table alignwide\"><table class=\"has-fixed-layout\"><tbody><tr><td class=\"has-text-align-center\" data-align=\"center\"><strong>Du 18 au 25&nbsp;janvier&nbsp;:&nbsp; la semaine de pri\u00e8re pour l\u2019unit\u00e9 des chr\u00e9tiens<\/strong><br \/>Chaque ann\u00e9e, un groupe \u0153cum\u00e9nique \u00e0 travers le monde propose un th\u00e8me et pr\u00e9pare des textes bibliques, une m\u00e9ditation pour chaque jour. <strong>Cette ann\u00e9e elle a \u00e9t\u00e9 pr\u00e9par\u00e9e par les \u00c9glises d\u2019Arm\u00e9nie. Elles ont choisi pour fil rouge l\u2019appel lanc\u00e9 par l\u2019ap\u00f4tre Paul aux \u00c9ph\u00e9siens&nbsp;:\u00ab&nbsp;Il y a un seul corps et un seul Esprit, de&nbsp;m\u00eame que votre vocation vous a appel\u00e9s \u00e0 une seule esp\u00e9rance&nbsp;\u00bb (Eph. 4,4)<\/strong><br \/><br \/><em>Seigneur J\u00e9sus, tu nous as rassembl\u00e9s dans toute notre diversit\u00e9<\/em> <em>pour que nous devenions ta famille et ton \u00c9glise.<\/em><br \/><em>Face \u00e0 tant de situations sur terre o\u00f9 l\u2019espoir<\/em><br \/><em>a c\u00e9d\u00e9 la place au d\u00e9sespoir et aux c\u0153urs bless\u00e9s,<\/em><br \/><em>renouvelle notre esp\u00e9rance dans l\u2019\u0153uvre de l\u2019Esprit Saint pour changer le monde.<\/em><br \/><em>Encourage-nous \u00e0 faire conna\u00eetre cette esp\u00e9rance \u00e0 tous et en tout lieu.<\/em><br \/><em>Tu es la vraie Lumi\u00e8re, qui chasse les t\u00e9n\u00e8bres du p\u00e9ch\u00e9,<\/em><br \/><em>et fait resplendir dans nos c\u0153urs la joie et l\u2019espoir de ton amour \u00e9ternel. Amen.<\/em><br \/>&nbsp;<br \/>De la brochure pour la semaine de pri\u00e8re pour l\u2019unit\u00e9 des chr\u00e9tiens 2026<br \/>https:\/\/unitedeschretiens.fr\/materiel-a-telecharger-2026<br \/><\/td><\/tr><\/tbody><\/table><\/figure>\n\n\n\n<p><\/p>\n\n\n\n<figure class=\"wp-block-embed is-type-wp-embed is-provider-unit-des-chr-tiens wp-block-embed-unit-des-chr-tiens\"><div class=\"wp-block-embed__wrapper\">\nhttps:\/\/unitedeschretiens.fr\/materiel-a-telecharger-2026\n<\/div><\/figure>\n\n\n\n<p class=\"has-text-align-center\">******************************<\/p>\n\n\n\n<p class=\"has-text-align-center has-large-font-size\">La F\u00e9d\u00e9ration protestante de France alerte sur les amalgames concernant les \u00c9glises \u00e9vang\u00e9liques<\/p>\n\n\n<div class=\"wp-block-image\">\n<figure class=\"aligncenter size-full\"><img loading=\"lazy\" decoding=\"async\" width=\"256\" height=\"137\" src=\"https:\/\/egliseenbrianconnais.net\/WordPress3\/wp-content\/uploads\/2025\/10\/Federation-Protestante-Logo.jpg\" alt=\"\" class=\"wp-image-48979\" srcset=\"https:\/\/egliseenbrianconnais.net\/WordPress3\/wp-content\/uploads\/2025\/10\/Federation-Protestante-Logo.jpg 256w, https:\/\/egliseenbrianconnais.net\/WordPress3\/wp-content\/uploads\/2025\/10\/Federation-Protestante-Logo-50x27.jpg 50w\" sizes=\"auto, (max-width: 256px) 100vw, 256px\" \/><\/figure>\n<\/div>\n\n\n<p class=\"has-text-align-center\"><a href=\"https:\/\/egliseenbrianconnais.net\/WordPress3\/wp-content\/uploads\/2025\/10\/CP-FPF-Envoye-speicial.pdf\"><strong>Envoy\u00e9 Sp\u00e9cial : T\u00e9l\u00e9charger<\/strong><\/a><\/p>\n\n\n\n<p class=\"has-text-align-center\">*********************************************<\/p>\n\n\n\n<figure class=\"wp-block-table alignwide\"><table class=\"has-fixed-layout\"><tbody><tr><td class=\"has-text-align-center\" data-align=\"center\"><img loading=\"lazy\" decoding=\"async\" width=\"600\" height=\"849\" class=\"wp-image-48944\" style=\"width: 600px;\" src=\"https:\/\/egliseenbrianconnais.net\/WordPress3\/wp-content\/uploads\/2025\/09\/ACO-6.jpg\" alt=\"\" srcset=\"https:\/\/egliseenbrianconnais.net\/WordPress3\/wp-content\/uploads\/2025\/09\/ACO-6.jpg 1414w, https:\/\/egliseenbrianconnais.net\/WordPress3\/wp-content\/uploads\/2025\/09\/ACO-6-212x300.jpg 212w, https:\/\/egliseenbrianconnais.net\/WordPress3\/wp-content\/uploads\/2025\/09\/ACO-6-724x1024.jpg 724w, https:\/\/egliseenbrianconnais.net\/WordPress3\/wp-content\/uploads\/2025\/09\/ACO-6-768x1086.jpg 768w, https:\/\/egliseenbrianconnais.net\/WordPress3\/wp-content\/uploads\/2025\/09\/ACO-6-50x71.jpg 50w, https:\/\/egliseenbrianconnais.net\/WordPress3\/wp-content\/uploads\/2025\/09\/ACO-6-1086x1536.jpg 1086w, https:\/\/egliseenbrianconnais.net\/WordPress3\/wp-content\/uploads\/2025\/09\/ACO-6-1200x1697.jpg 1200w\" sizes=\"auto, (max-width: 600px) 100vw, 600px\" \/><br \/><a href=\"https:\/\/egliseenbrianconnais.net\/WordPress3\/wp-content\/uploads\/2025\/09\/ACO.pdf\"><strong>L\u2019Orient&nbsp;<\/strong>~<strong>&nbsp;Eglise  Evangelique : T\u00e9l\u00e9charger<\/strong><\/a> <\/td><td class=\"has-text-align-center\" data-align=\"center\"><img decoding=\"async\" src=\"https:\/\/egliseenbrianconnais.net\/WordPress3\/wp-content\/uploads\/2025\/09\/Causerie-Armenie-2-724x1024.jpg\" alt=\"\"\/><br \/><a href=\"https:\/\/egliseenbrianconnais.net\/WordPress3\/wp-content\/uploads\/2025\/09\/Causerie-Armenie.pdf\"><strong>Causerie ~ Arm\u00e9nie : T\u00e9l\u00e9charger<\/strong><\/a><\/td><\/tr><\/tbody><\/table><\/figure>\n\n\n\n<p><\/p>\n","protected":false},"excerpt":{"rendered":"<p>JMP des Femmes 20 mars 2026 ********************* SEMAINE DE PRIERE POUR L&rsquo;UNITE DES CHRETIENS RENCONTRE 18 janvier 2026 \u00e0 17h, \u00e0 l\u2019Eglise Sainte Catherine de Brian\u00e7on Du 18 au 25&nbsp;janvier&nbsp;:&nbsp; la semaine de pri\u00e8re pour l\u2019unit\u00e9 des chr\u00e9tiensChaque ann\u00e9e, un groupe \u0153cum\u00e9nique \u00e0 travers le monde propose un th\u00e8me et pr\u00e9pare des textes bibliques, une [&hellip;]<\/p>\n","protected":false},"author":407,"featured_media":0,"parent":0,"menu_order":0,"comment_status":"closed","ping_status":"closed","template":"","meta":{"jetpack_post_was_ever_published":false,"footnotes":""},"class_list":["post-48901","page","type-page","status-publish","hentry"],"yoast_head":"<!-- This site is optimized with the Yoast SEO plugin v27.3 - https:\/\/yoast.com\/product\/yoast-seo-wordpress\/ -->\n<title>ESPACES D&#039;EGLISES - Eglise en Brian\u00e7onnais<\/title>\n<meta name=\"robots\" content=\"index, follow, max-snippet:-1, max-image-preview:large, max-video-preview:-1\" \/>\n<link rel=\"canonical\" href=\"https:\/\/egliseenbrianconnais.net\/WordPress3\/espaces-deglises\/\" \/>\n<meta property=\"og:locale\" content=\"fr_FR\" \/>\n<meta property=\"og:type\" content=\"article\" \/>\n<meta property=\"og:title\" content=\"ESPACES D&#039;EGLISES - Eglise en Brian\u00e7onnais\" \/>\n<meta property=\"og:description\" content=\"JMP des Femmes 20 mars 2026 ********************* SEMAINE DE PRIERE POUR L&rsquo;UNITE DES CHRETIENS RENCONTRE 18 janvier 2026 \u00e0 17h, \u00e0 l\u2019Eglise Sainte Catherine de Brian\u00e7on Du 18 au 25&nbsp;janvier&nbsp;:&nbsp; la semaine de pri\u00e8re pour l\u2019unit\u00e9 des chr\u00e9tiensChaque ann\u00e9e, un groupe \u0153cum\u00e9nique \u00e0 travers le monde propose un th\u00e8me et pr\u00e9pare des textes bibliques, une [&hellip;]\" \/>\n<meta property=\"og:url\" content=\"https:\/\/egliseenbrianconnais.net\/WordPress3\/espaces-deglises\/\" \/>\n<meta property=\"og:site_name\" content=\"Eglise en Brian\u00e7onnais\" \/>\n<meta property=\"article:modified_time\" content=\"2026-03-01T11:53:53+00:00\" \/>\n<meta property=\"og:image\" content=\"https:\/\/egliseenbrianconnais.net\/WordPress3\/wp-content\/uploads\/2026\/02\/Protestant.jpg\" \/>\n\t<meta property=\"og:image:width\" content=\"227\" \/>\n\t<meta property=\"og:image:height\" content=\"119\" \/>\n\t<meta property=\"og:image:type\" content=\"image\/jpeg\" \/>\n<meta name=\"twitter:card\" content=\"summary_large_image\" \/>\n<meta name=\"twitter:label1\" content=\"Dur\u00e9e de lecture estim\u00e9e\" \/>\n\t<meta name=\"twitter:data1\" content=\"3 minutes\" \/>\n<script type=\"application\/ld+json\" class=\"yoast-schema-graph\">{\"@context\":\"https:\\\/\\\/schema.org\",\"@graph\":[{\"@type\":\"WebPage\",\"@id\":\"https:\\\/\\\/egliseenbrianconnais.net\\\/WordPress3\\\/espaces-deglises\\\/\",\"url\":\"https:\\\/\\\/egliseenbrianconnais.net\\\/WordPress3\\\/espaces-deglises\\\/\",\"name\":\"ESPACES D'EGLISES - Eglise en Brian\u00e7onnais\",\"isPartOf\":{\"@id\":\"https:\\\/\\\/egliseenbrianconnais.net\\\/WordPress3\\\/#website\"},\"primaryImageOfPage\":{\"@id\":\"https:\\\/\\\/egliseenbrianconnais.net\\\/WordPress3\\\/espaces-deglises\\\/#primaryimage\"},\"image\":{\"@id\":\"https:\\\/\\\/egliseenbrianconnais.net\\\/WordPress3\\\/espaces-deglises\\\/#primaryimage\"},\"thumbnailUrl\":\"https:\\\/\\\/egliseenbrianconnais.net\\\/WordPress3\\\/wp-content\\\/uploads\\\/2026\\\/02\\\/Protestant.jpg\",\"datePublished\":\"2025-09-26T19:48:07+00:00\",\"dateModified\":\"2026-03-01T11:53:53+00:00\",\"breadcrumb\":{\"@id\":\"https:\\\/\\\/egliseenbrianconnais.net\\\/WordPress3\\\/espaces-deglises\\\/#breadcrumb\"},\"inLanguage\":\"fr-FR\",\"potentialAction\":[{\"@type\":\"ReadAction\",\"target\":[\"https:\\\/\\\/egliseenbrianconnais.net\\\/WordPress3\\\/espaces-deglises\\\/\"]}]},{\"@type\":\"ImageObject\",\"inLanguage\":\"fr-FR\",\"@id\":\"https:\\\/\\\/egliseenbrianconnais.net\\\/WordPress3\\\/espaces-deglises\\\/#primaryimage\",\"url\":\"https:\\\/\\\/egliseenbrianconnais.net\\\/WordPress3\\\/wp-content\\\/uploads\\\/2026\\\/02\\\/Protestant.jpg\",\"contentUrl\":\"https:\\\/\\\/egliseenbrianconnais.net\\\/WordPress3\\\/wp-content\\\/uploads\\\/2026\\\/02\\\/Protestant.jpg\",\"width\":227,\"height\":119},{\"@type\":\"BreadcrumbList\",\"@id\":\"https:\\\/\\\/egliseenbrianconnais.net\\\/WordPress3\\\/espaces-deglises\\\/#breadcrumb\",\"itemListElement\":[{\"@type\":\"ListItem\",\"position\":1,\"name\":\"Accueil\",\"item\":\"https:\\\/\\\/egliseenbrianconnais.net\\\/WordPress3\\\/\"},{\"@type\":\"ListItem\",\"position\":2,\"name\":\"ESPACES D&rsquo;EGLISES\"}]},{\"@type\":\"WebSite\",\"@id\":\"https:\\\/\\\/egliseenbrianconnais.net\\\/WordPress3\\\/#website\",\"url\":\"https:\\\/\\\/egliseenbrianconnais.net\\\/WordPress3\\\/\",\"name\":\"EgliseenBrian\u00e7onnais\",\"description\":\"BIENVENUE !\",\"publisher\":{\"@id\":\"https:\\\/\\\/egliseenbrianconnais.net\\\/WordPress3\\\/#organization\"},\"potentialAction\":[{\"@type\":\"SearchAction\",\"target\":{\"@type\":\"EntryPoint\",\"urlTemplate\":\"https:\\\/\\\/egliseenbrianconnais.net\\\/WordPress3\\\/?s={search_term_string}\"},\"query-input\":{\"@type\":\"PropertyValueSpecification\",\"valueRequired\":true,\"valueName\":\"search_term_string\"}}],\"inLanguage\":\"fr-FR\"},{\"@type\":\"Organization\",\"@id\":\"https:\\\/\\\/egliseenbrianconnais.net\\\/WordPress3\\\/#organization\",\"name\":\"EgliseenBrian\u00e7onnais\",\"url\":\"https:\\\/\\\/egliseenbrianconnais.net\\\/WordPress3\\\/\",\"logo\":{\"@type\":\"ImageObject\",\"inLanguage\":\"fr-FR\",\"@id\":\"https:\\\/\\\/egliseenbrianconnais.net\\\/WordPress3\\\/#\\\/schema\\\/logo\\\/image\\\/\",\"url\":\"http:\\\/\\\/egliseenbrianconnais.net\\\/WordPress3\\\/wp-content\\\/uploads\\\/2021\\\/09\\\/Logo-Ste-Catherine.jpg\",\"contentUrl\":\"http:\\\/\\\/egliseenbrianconnais.net\\\/WordPress3\\\/wp-content\\\/uploads\\\/2021\\\/09\\\/Logo-Ste-Catherine.jpg\",\"width\":850,\"height\":1417,\"caption\":\"EgliseenBrian\u00e7onnais\"},\"image\":{\"@id\":\"https:\\\/\\\/egliseenbrianconnais.net\\\/WordPress3\\\/#\\\/schema\\\/logo\\\/image\\\/\"}}]}<\/script>\n<!-- \/ Yoast SEO plugin. -->","yoast_head_json":{"title":"ESPACES D'EGLISES - Eglise en Brian\u00e7onnais","robots":{"index":"index","follow":"follow","max-snippet":"max-snippet:-1","max-image-preview":"max-image-preview:large","max-video-preview":"max-video-preview:-1"},"canonical":"https:\/\/egliseenbrianconnais.net\/WordPress3\/espaces-deglises\/","og_locale":"fr_FR","og_type":"article","og_title":"ESPACES D'EGLISES - Eglise en Brian\u00e7onnais","og_description":"JMP des Femmes 20 mars 2026 ********************* SEMAINE DE PRIERE POUR L&rsquo;UNITE DES CHRETIENS RENCONTRE 18 janvier 2026 \u00e0 17h, \u00e0 l\u2019Eglise Sainte Catherine de Brian\u00e7on Du 18 au 25&nbsp;janvier&nbsp;:&nbsp; la semaine de pri\u00e8re pour l\u2019unit\u00e9 des chr\u00e9tiensChaque ann\u00e9e, un groupe \u0153cum\u00e9nique \u00e0 travers le monde propose un th\u00e8me et pr\u00e9pare des textes bibliques, une [&hellip;]","og_url":"https:\/\/egliseenbrianconnais.net\/WordPress3\/espaces-deglises\/","og_site_name":"Eglise en Brian\u00e7onnais","article_modified_time":"2026-03-01T11:53:53+00:00","og_image":[{"width":227,"height":119,"url":"https:\/\/egliseenbrianconnais.net\/WordPress3\/wp-content\/uploads\/2026\/02\/Protestant.jpg","type":"image\/jpeg"}],"twitter_card":"summary_large_image","twitter_misc":{"Dur\u00e9e de lecture estim\u00e9e":"3 minutes"},"schema":{"@context":"https:\/\/schema.org","@graph":[{"@type":"WebPage","@id":"https:\/\/egliseenbrianconnais.net\/WordPress3\/espaces-deglises\/","url":"https:\/\/egliseenbrianconnais.net\/WordPress3\/espaces-deglises\/","name":"ESPACES D'EGLISES - Eglise en Brian\u00e7onnais","isPartOf":{"@id":"https:\/\/egliseenbrianconnais.net\/WordPress3\/#website"},"primaryImageOfPage":{"@id":"https:\/\/egliseenbrianconnais.net\/WordPress3\/espaces-deglises\/#primaryimage"},"image":{"@id":"https:\/\/egliseenbrianconnais.net\/WordPress3\/espaces-deglises\/#primaryimage"},"thumbnailUrl":"https:\/\/egliseenbrianconnais.net\/WordPress3\/wp-content\/uploads\/2026\/02\/Protestant.jpg","datePublished":"2025-09-26T19:48:07+00:00","dateModified":"2026-03-01T11:53:53+00:00","breadcrumb":{"@id":"https:\/\/egliseenbrianconnais.net\/WordPress3\/espaces-deglises\/#breadcrumb"},"inLanguage":"fr-FR","potentialAction":[{"@type":"ReadAction","target":["https:\/\/egliseenbrianconnais.net\/WordPress3\/espaces-deglises\/"]}]},{"@type":"ImageObject","inLanguage":"fr-FR","@id":"https:\/\/egliseenbrianconnais.net\/WordPress3\/espaces-deglises\/#primaryimage","url":"https:\/\/egliseenbrianconnais.net\/WordPress3\/wp-content\/uploads\/2026\/02\/Protestant.jpg","contentUrl":"https:\/\/egliseenbrianconnais.net\/WordPress3\/wp-content\/uploads\/2026\/02\/Protestant.jpg","width":227,"height":119},{"@type":"BreadcrumbList","@id":"https:\/\/egliseenbrianconnais.net\/WordPress3\/espaces-deglises\/#breadcrumb","itemListElement":[{"@type":"ListItem","position":1,"name":"Accueil","item":"https:\/\/egliseenbrianconnais.net\/WordPress3\/"},{"@type":"ListItem","position":2,"name":"ESPACES D&rsquo;EGLISES"}]},{"@type":"WebSite","@id":"https:\/\/egliseenbrianconnais.net\/WordPress3\/#website","url":"https:\/\/egliseenbrianconnais.net\/WordPress3\/","name":"EgliseenBrian\u00e7onnais","description":"BIENVENUE !","publisher":{"@id":"https:\/\/egliseenbrianconnais.net\/WordPress3\/#organization"},"potentialAction":[{"@type":"SearchAction","target":{"@type":"EntryPoint","urlTemplate":"https:\/\/egliseenbrianconnais.net\/WordPress3\/?s={search_term_string}"},"query-input":{"@type":"PropertyValueSpecification","valueRequired":true,"valueName":"search_term_string"}}],"inLanguage":"fr-FR"},{"@type":"Organization","@id":"https:\/\/egliseenbrianconnais.net\/WordPress3\/#organization","name":"EgliseenBrian\u00e7onnais","url":"https:\/\/egliseenbrianconnais.net\/WordPress3\/","logo":{"@type":"ImageObject","inLanguage":"fr-FR","@id":"https:\/\/egliseenbrianconnais.net\/WordPress3\/#\/schema\/logo\/image\/","url":"http:\/\/egliseenbrianconnais.net\/WordPress3\/wp-content\/uploads\/2021\/09\/Logo-Ste-Catherine.jpg","contentUrl":"http:\/\/egliseenbrianconnais.net\/WordPress3\/wp-content\/uploads\/2021\/09\/Logo-Ste-Catherine.jpg","width":850,"height":1417,"caption":"EgliseenBrian\u00e7onnais"},"image":{"@id":"https:\/\/egliseenbrianconnais.net\/WordPress3\/#\/schema\/logo\/image\/"}}]}},"jetpack_sharing_enabled":true,"_links":{"self":[{"href":"https:\/\/egliseenbrianconnais.net\/WordPress3\/wp-json\/wp\/v2\/pages\/48901","targetHints":{"allow":["GET"]}}],"collection":[{"href":"https:\/\/egliseenbrianconnais.net\/WordPress3\/wp-json\/wp\/v2\/pages"}],"about":[{"href":"https:\/\/egliseenbrianconnais.net\/WordPress3\/wp-json\/wp\/v2\/types\/page"}],"author":[{"embeddable":true,"href":"https:\/\/egliseenbrianconnais.net\/WordPress3\/wp-json\/wp\/v2\/users\/407"}],"replies":[{"embeddable":true,"href":"https:\/\/egliseenbrianconnais.net\/WordPress3\/wp-json\/wp\/v2\/comments?post=48901"}],"version-history":[{"count":15,"href":"https:\/\/egliseenbrianconnais.net\/WordPress3\/wp-json\/wp\/v2\/pages\/48901\/revisions"}],"predecessor-version":[{"id":50007,"href":"https:\/\/egliseenbrianconnais.net\/WordPress3\/wp-json\/wp\/v2\/pages\/48901\/revisions\/50007"}],"wp:attachment":[{"href":"https:\/\/egliseenbrianconnais.net\/WordPress3\/wp-json\/wp\/v2\/media?parent=48901"}],"curies":[{"name":"wp","href":"https:\/\/api.w.org\/{rel}","templated":true}]}}