{"id":484,"date":"2011-07-18T15:58:46","date_gmt":"2011-07-18T13:58:46","guid":{"rendered":"http:\/\/egliseenbrianconnais.net\/WordPress3\/?page_id=484"},"modified":"2025-08-12T16:25:32","modified_gmt":"2025-08-12T15:25:32","slug":"secours-catholique","status":"publish","type":"page","link":"https:\/\/egliseenbrianconnais.net\/WordPress3\/vie-caritative\/secours-catholique\/","title":{"rendered":"SECOURS CATHOLIQUE"},"content":{"rendered":"\n<p class=\"has-text-align-center\">*******************<\/p>\n\n\n\n<p class=\"has-text-align-center has-text-color has-link-color wp-elements-6c5ddd0bab05ebcf081ddc180c28ae69\" style=\"color:#b70909\"><strong>LE SECOURS CATHOLIQUE : VACANCES d&rsquo;AO\u00dbT<\/strong><\/p>\n\n\n\n<p class=\"has-text-align-center\"><strong>Ni de Distributif \u00e0 la salle Ste-Th\u00e9r\u00e8se<\/strong><\/p>\n\n\n\n<p class=\"has-text-align-center\"><strong>Ni d&rsquo;Accueil \u00c9coute \u00e0 la Salle Ste-Th\u00e9r\u00e8se<\/strong><\/p>\n\n\n\n<p class=\"has-text-align-center\"><strong>Ni d&rsquo;accueil \u00e0 la Boutique<\/strong> <\/p>\n\n\n\n<p class=\"has-text-align-center has-text-color has-link-color wp-elements-a125b42eaaf939f87e0d3f4f6cc6b3ea\" style=\"color:#b70909\"><strong>On se revoit en septembre !<\/strong><\/p>\n\n\n\n<p class=\"has-text-align-center\">**********************<\/p>\n\n\n\n<p><\/p>\n\n\n\n<div data-wp-interactive=\"core\/file\" class=\"wp-block-file\"><object data-wp-bind--hidden=\"!state.hasPdfPreview\" hidden class=\"wp-block-file__embed\" data=\"https:\/\/egliseenbrianconnais.net\/WordPress3\/wp-content\/uploads\/2025\/03\/Secours-Catho-2025.pdf\" type=\"application\/pdf\" style=\"width:100%;height:230px\" aria-label=\"Contenu embarqu\u00e9 Secours Catho 2025.\"><\/object><a id=\"wp-block-file--media-99cbf620-66dd-4a17-9700-730befd2dc8b\" href=\"https:\/\/egliseenbrianconnais.net\/WordPress3\/wp-content\/uploads\/2025\/03\/Secours-Catho-2025.pdf\">Secours Catho 2025<\/a><a href=\"https:\/\/egliseenbrianconnais.net\/WordPress3\/wp-content\/uploads\/2025\/03\/Secours-Catho-2025.pdf\" class=\"wp-block-file__button wp-element-button\" download aria-describedby=\"wp-block-file--media-99cbf620-66dd-4a17-9700-730befd2dc8b\">T\u00e9l\u00e9charger<\/a><\/div>\n\n\n\n<p class=\"has-text-align-center\">********************<\/p>\n\n\n<div class=\"wp-block-image\">\n<figure class=\"aligncenter size-large\"><a href=\"https:\/\/egliseenbrianconnais.net\/WordPress3\/wp-content\/uploads\/2023\/11\/Secours-Catholique.jpg\"><img loading=\"lazy\" decoding=\"async\" width=\"752\" height=\"1024\" src=\"https:\/\/egliseenbrianconnais.net\/WordPress3\/wp-content\/uploads\/2023\/11\/Secours-Catholique-752x1024.jpg\" alt=\"\" class=\"wp-image-45013\" srcset=\"https:\/\/egliseenbrianconnais.net\/WordPress3\/wp-content\/uploads\/2023\/11\/Secours-Catholique-752x1024.jpg 752w, https:\/\/egliseenbrianconnais.net\/WordPress3\/wp-content\/uploads\/2023\/11\/Secours-Catholique-220x300.jpg 220w, https:\/\/egliseenbrianconnais.net\/WordPress3\/wp-content\/uploads\/2023\/11\/Secours-Catholique-768x1046.jpg 768w, https:\/\/egliseenbrianconnais.net\/WordPress3\/wp-content\/uploads\/2023\/11\/Secours-Catholique-50x68.jpg 50w, https:\/\/egliseenbrianconnais.net\/WordPress3\/wp-content\/uploads\/2023\/11\/Secours-Catholique-1128x1536.jpg 1128w, https:\/\/egliseenbrianconnais.net\/WordPress3\/wp-content\/uploads\/2023\/11\/Secours-Catholique.jpg 1161w\" sizes=\"auto, (max-width: 752px) 100vw, 752px\" \/><\/a><\/figure>\n<\/div>\n\n\n<p class=\"has-text-align-center has-small-font-size\"><strong><a href=\"https:\/\/egliseenbrianconnais.net\/WordPress3\/wp-content\/uploads\/2023\/11\/Secours-Catholique.pdf\">Ensemble construire un monde juste et fraternel : T\u00e9l\u00e9charger<\/a><\/strong><\/p>\n\n\n<div class=\"wp-block-image\">\n<figure class=\"aligncenter size-full\"><img loading=\"lazy\" decoding=\"async\" width=\"206\" height=\"151\" src=\"https:\/\/egliseenbrianconnais.net\/WordPress3\/wp-content\/uploads\/2023\/07\/Secours-Catholique.jpg\" alt=\"\" class=\"wp-image-43948\"\/><\/figure>\n<\/div>\n\n\n<p class=\"has-text-align-center\"><br \/>********************<br \/><\/p>\n\n\n<div class=\"wp-block-image\">\n<figure class=\"aligncenter size-large is-resized\"><a href=\"https:\/\/egliseenbrianconnais.net\/WordPress3\/wp-content\/uploads\/2022\/11\/Associations-ou-Organismes-de-Solidarite-Brianconnaise.jpg\"><img loading=\"lazy\" decoding=\"async\" width=\"1024\" height=\"679\" src=\"https:\/\/egliseenbrianconnais.net\/WordPress3\/wp-content\/uploads\/2022\/11\/Associations-ou-Organismes-de-Solidarite-Brianconnaise-1024x679.jpg\" alt=\"\" class=\"wp-image-41622\" style=\"width:609px;height:417px\" srcset=\"https:\/\/egliseenbrianconnais.net\/WordPress3\/wp-content\/uploads\/2022\/11\/Associations-ou-Organismes-de-Solidarite-Brianconnaise-1024x679.jpg 1024w, https:\/\/egliseenbrianconnais.net\/WordPress3\/wp-content\/uploads\/2022\/11\/Associations-ou-Organismes-de-Solidarite-Brianconnaise-300x199.jpg 300w, https:\/\/egliseenbrianconnais.net\/WordPress3\/wp-content\/uploads\/2022\/11\/Associations-ou-Organismes-de-Solidarite-Brianconnaise-768x509.jpg 768w, https:\/\/egliseenbrianconnais.net\/WordPress3\/wp-content\/uploads\/2022\/11\/Associations-ou-Organismes-de-Solidarite-Brianconnaise.jpg 1196w\" sizes=\"auto, (max-width: 1024px) 100vw, 1024px\" \/><\/a><\/figure>\n<\/div>\n\n\n<p class=\"has-text-align-center\" style=\"font-size:16px\"><strong><a href=\"https:\/\/egliseenbrianconnais.net\/WordPress3\/wp-content\/uploads\/2022\/11\/Associations-ou-Organismes-de-Solidarite-Brianconnaise.pdf\">Associations ou Organismes de Solidarit\u00e9 Brian\u00e7onnaise : T\u00e9l\u00e9charger<\/a><\/strong><\/p>\n\n\n\n<p class=\"has-text-align-center\">********************<\/p>\n\n\n\n<div class=\"wp-block-media-text is-stacked-on-mobile\" style=\"grid-template-columns:39% auto\"><figure class=\"wp-block-media-text__media\"><img loading=\"lazy\" decoding=\"async\" width=\"1024\" height=\"581\" src=\"https:\/\/egliseenbrianconnais.net\/WordPress3\/wp-content\/uploads\/2022\/09\/Logo-B.de_.C.-1024x581.jpg\" alt=\"\" class=\"wp-image-41389 size-full\" srcset=\"https:\/\/egliseenbrianconnais.net\/WordPress3\/wp-content\/uploads\/2022\/09\/Logo-B.de_.C.-1024x581.jpg 1024w, https:\/\/egliseenbrianconnais.net\/WordPress3\/wp-content\/uploads\/2022\/09\/Logo-B.de_.C.-300x170.jpg 300w, https:\/\/egliseenbrianconnais.net\/WordPress3\/wp-content\/uploads\/2022\/09\/Logo-B.de_.C.-768x436.jpg 768w, https:\/\/egliseenbrianconnais.net\/WordPress3\/wp-content\/uploads\/2022\/09\/Logo-B.de_.C.-1536x871.jpg 1536w, https:\/\/egliseenbrianconnais.net\/WordPress3\/wp-content\/uploads\/2022\/09\/Logo-B.de_.C.-1200x681.jpg 1200w, https:\/\/egliseenbrianconnais.net\/WordPress3\/wp-content\/uploads\/2022\/09\/Logo-B.de_.C.-1772x1005.jpg 1772w\" sizes=\"auto, (max-width: 1024px) 100vw, 1024px\" \/><\/figure><div class=\"wp-block-media-text__content\">\n<p><strong><a href=\"https:\/\/egliseenbrianconnais.net\/WordPress3\/wp-content\/uploads\/2022\/09\/Brin-de-Causette.pdf\">BRIN DE CAUSETTE<\/a><\/strong><br \/>Les Jeudis de 14h \u00e0 16h<br \/>Salle Ste Th\u00e9r\u00e8se &#8211; Brian\u00e7on<br \/>Ouverture&nbsp;:<br \/><strong>JEUDI 13 OCTOBRE 2022<\/strong><\/p>\n<\/div><\/div>\n\n\n\n<p class=\"has-text-align-center\">**********************<\/p>\n\n\n\n<p class=\"has-text-align-center\"><strong><a href=\"http:\/\/egliseenbrianconnais.net\/WordPress3\/wp-content\/uploads\/2022\/03\/2022-Fiche-benevoles-Espace-famille-au-sein-des-Terrasses-solidaires.pdf\">Les Terrasses Solidaires &#8211; Appel \u00e0 Ben\u00e9voles : T\u00e9l\u00e9charger<\/a><\/strong><\/p>\n\n\n\n<figure class=\"wp-block-image size-full\"><a href=\"http:\/\/egliseenbrianconnais.net\/WordPress3\/wp-content\/uploads\/2022\/03\/Sec-Catho.Benev1_-753x679.jpg\"><img loading=\"lazy\" decoding=\"async\" width=\"753\" height=\"679\" src=\"http:\/\/egliseenbrianconnais.net\/WordPress3\/wp-content\/uploads\/2022\/03\/Sec-Catho.Benev1_-753x679.jpg\" alt=\"\" class=\"wp-image-39734\" srcset=\"https:\/\/egliseenbrianconnais.net\/WordPress3\/wp-content\/uploads\/2022\/03\/Sec-Catho.Benev1_-753x679.jpg 753w, https:\/\/egliseenbrianconnais.net\/WordPress3\/wp-content\/uploads\/2022\/03\/Sec-Catho.Benev1_-300x271.jpg 300w\" sizes=\"auto, (max-width: 753px) 100vw, 753px\" \/><\/a><\/figure>\n\n\n\n<figure class=\"wp-block-gallery aligncenter has-nested-images columns-default is-cropped wp-block-gallery-1 is-layout-flex wp-block-gallery-is-layout-flex\">\n<figure class=\"wp-block-image size-large\"><a href=\"http:\/\/egliseenbrianconnais.net\/WordPress3\/wp-content\/uploads\/2022\/03\/Sec-Catho.Benev2_-852x1082.jpg\"><img loading=\"lazy\" decoding=\"async\" width=\"806\" height=\"1024\" data-id=\"39735\" src=\"http:\/\/egliseenbrianconnais.net\/WordPress3\/wp-content\/uploads\/2022\/03\/Sec-Catho.Benev2_-806x1024.jpg\" alt=\"\" class=\"wp-image-39735\" srcset=\"https:\/\/egliseenbrianconnais.net\/WordPress3\/wp-content\/uploads\/2022\/03\/Sec-Catho.Benev2_-806x1024.jpg 806w, https:\/\/egliseenbrianconnais.net\/WordPress3\/wp-content\/uploads\/2022\/03\/Sec-Catho.Benev2_-236x300.jpg 236w, https:\/\/egliseenbrianconnais.net\/WordPress3\/wp-content\/uploads\/2022\/03\/Sec-Catho.Benev2_-768x975.jpg 768w, https:\/\/egliseenbrianconnais.net\/WordPress3\/wp-content\/uploads\/2022\/03\/Sec-Catho.Benev2_-852x1082.jpg 852w\" sizes=\"auto, (max-width: 806px) 100vw, 806px\" \/><\/a><\/figure>\n<\/figure>\n\n\n\n<p class=\"has-text-align-center\">**********************<\/p>\n\n\n\n<p class=\"has-text-align-center\">Cette ann\u00e9e encore, la journ\u00e9e nationale en paroisse du Secours Catholique a lieu le m\u00eame jour que la&nbsp;<strong>Journ\u00e9e Mondiale des Pauvres<\/strong>&nbsp;instaur\u00e9e par le pape Fran\u00e7ois. En tant que service d\u2019\u00c9glise, le&nbsp;<strong>Secours Catholique<\/strong>&nbsp;a plus que jamais besoin de la g\u00e9n\u00e9rosit\u00e9 de tous pour remplir la mission qu\u2019il m\u00e8ne contre la pauvret\u00e9 et l\u2019exclusion.<\/p>\n\n\n\n<p>Cette collecte nationale repr\u00e9sente plus de la moiti\u00e9 de ses ressources de l\u2019ann\u00e9e. Ce sont vos dons et la mobilisation des b\u00e9n\u00e9voles qui permettent toutes ces actions d\u2019entraide, dans la fraternit\u00e9, avec les plus fragiles.&nbsp;<strong>Et cela ne peut se faire sans votre soutien.<\/strong>&nbsp;Des enveloppes-don sont mises \u00e0 votre disposition au fond de nos \u00e9glises.&nbsp;<strong>Merci&nbsp;de votre g\u00e9n\u00e9rosit\u00e9<\/strong><strong>\u202f<\/strong><strong>!<\/strong><\/p>\n\n\n\n<p><strong>Les dons peuvent \u00eatre faits en ligne,&nbsp;<\/strong>\u00e0 l\u2019adresse&nbsp;<a href=\"https:\/\/www.secours-catholique.org\/\">https:\/\/www.secours-catholique.org\/<\/a><strong><br \/><\/strong>Rubrique&nbsp;<strong>\u00ab nous soutenir \u00bb,<br \/><br \/><\/strong><\/p>\n\n\n\n<p><strong>Ou envoy\u00e9s au Secours Catholique,&nbsp;<\/strong>260 Bd R\u00e9gis Ryckebusch, 04100 MANOSQUE<strong><br \/><\/strong>En mentionnant<strong>&nbsp;\u201ccampagne de fin d\u2019ann\u00e9e\u201d.<\/strong><\/p>\n\n\n\n<p class=\"has-text-align-center\">*****<\/p>\n\n\n\n<p><\/p>\n","protected":false},"excerpt":{"rendered":"<p>******************* LE SECOURS CATHOLIQUE : VACANCES d&rsquo;AO\u00dbT Ni de Distributif \u00e0 la salle Ste-Th\u00e9r\u00e8se Ni d&rsquo;Accueil \u00c9coute \u00e0 la Salle Ste-Th\u00e9r\u00e8se Ni d&rsquo;accueil \u00e0 la Boutique On se revoit en septembre ! ********************** ******************** Ensemble construire un monde juste et fraternel : T\u00e9l\u00e9charger ******************** Associations ou Organismes de Solidarit\u00e9 Brian\u00e7onnaise : T\u00e9l\u00e9charger ******************** BRIN DE [&hellip;]<\/p>\n","protected":false},"author":409,"featured_media":0,"parent":7894,"menu_order":0,"comment_status":"closed","ping_status":"open","template":"","meta":{"jetpack_post_was_ever_published":false,"footnotes":""},"class_list":["post-484","page","type-page","status-publish","hentry"],"yoast_head":"<!-- This site is optimized with the Yoast SEO plugin v27.3 - https:\/\/yoast.com\/product\/yoast-seo-wordpress\/ -->\n<title>SECOURS CATHOLIQUE - Eglise en Brian\u00e7onnais<\/title>\n<meta name=\"robots\" content=\"index, follow, max-snippet:-1, max-image-preview:large, max-video-preview:-1\" \/>\n<link rel=\"canonical\" href=\"https:\/\/egliseenbrianconnais.net\/WordPress3\/vie-caritative\/secours-catholique\/\" \/>\n<meta property=\"og:locale\" content=\"fr_FR\" \/>\n<meta property=\"og:type\" content=\"article\" \/>\n<meta property=\"og:title\" content=\"SECOURS CATHOLIQUE - Eglise en Brian\u00e7onnais\" \/>\n<meta property=\"og:description\" content=\"******************* LE SECOURS CATHOLIQUE : VACANCES d&rsquo;AO\u00dbT Ni de Distributif \u00e0 la salle Ste-Th\u00e9r\u00e8se Ni d&rsquo;Accueil \u00c9coute \u00e0 la Salle Ste-Th\u00e9r\u00e8se Ni d&rsquo;accueil \u00e0 la Boutique On se revoit en septembre ! ********************** ******************** Ensemble construire un monde juste et fraternel : T\u00e9l\u00e9charger ******************** Associations ou Organismes de Solidarit\u00e9 Brian\u00e7onnaise : T\u00e9l\u00e9charger ******************** BRIN DE [&hellip;]\" \/>\n<meta property=\"og:url\" content=\"https:\/\/egliseenbrianconnais.net\/WordPress3\/vie-caritative\/secours-catholique\/\" \/>\n<meta property=\"og:site_name\" content=\"Eglise en Brian\u00e7onnais\" \/>\n<meta property=\"article:modified_time\" content=\"2025-08-12T15:25:32+00:00\" \/>\n<meta property=\"og:image\" content=\"https:\/\/egliseenbrianconnais.net\/WordPress3\/wp-content\/uploads\/2023\/11\/Secours-Catholique.jpg\" \/>\n\t<meta property=\"og:image:width\" content=\"1161\" \/>\n\t<meta property=\"og:image:height\" content=\"1581\" \/>\n\t<meta property=\"og:image:type\" content=\"image\/jpeg\" \/>\n<meta name=\"twitter:card\" content=\"summary_large_image\" \/>\n<meta name=\"twitter:label1\" content=\"Dur\u00e9e de lecture estim\u00e9e\" \/>\n\t<meta name=\"twitter:data1\" content=\"3 minutes\" \/>\n<script type=\"application\/ld+json\" class=\"yoast-schema-graph\">{\"@context\":\"https:\\\/\\\/schema.org\",\"@graph\":[{\"@type\":\"WebPage\",\"@id\":\"https:\\\/\\\/egliseenbrianconnais.net\\\/WordPress3\\\/vie-caritative\\\/secours-catholique\\\/\",\"url\":\"https:\\\/\\\/egliseenbrianconnais.net\\\/WordPress3\\\/vie-caritative\\\/secours-catholique\\\/\",\"name\":\"SECOURS CATHOLIQUE - Eglise en Brian\u00e7onnais\",\"isPartOf\":{\"@id\":\"https:\\\/\\\/egliseenbrianconnais.net\\\/WordPress3\\\/#website\"},\"primaryImageOfPage\":{\"@id\":\"https:\\\/\\\/egliseenbrianconnais.net\\\/WordPress3\\\/vie-caritative\\\/secours-catholique\\\/#primaryimage\"},\"image\":{\"@id\":\"https:\\\/\\\/egliseenbrianconnais.net\\\/WordPress3\\\/vie-caritative\\\/secours-catholique\\\/#primaryimage\"},\"thumbnailUrl\":\"https:\\\/\\\/egliseenbrianconnais.net\\\/WordPress3\\\/wp-content\\\/uploads\\\/2023\\\/11\\\/Secours-Catholique-752x1024.jpg\",\"datePublished\":\"2011-07-18T13:58:46+00:00\",\"dateModified\":\"2025-08-12T15:25:32+00:00\",\"breadcrumb\":{\"@id\":\"https:\\\/\\\/egliseenbrianconnais.net\\\/WordPress3\\\/vie-caritative\\\/secours-catholique\\\/#breadcrumb\"},\"inLanguage\":\"fr-FR\",\"potentialAction\":[{\"@type\":\"ReadAction\",\"target\":[\"https:\\\/\\\/egliseenbrianconnais.net\\\/WordPress3\\\/vie-caritative\\\/secours-catholique\\\/\"]}]},{\"@type\":\"ImageObject\",\"inLanguage\":\"fr-FR\",\"@id\":\"https:\\\/\\\/egliseenbrianconnais.net\\\/WordPress3\\\/vie-caritative\\\/secours-catholique\\\/#primaryimage\",\"url\":\"https:\\\/\\\/egliseenbrianconnais.net\\\/WordPress3\\\/wp-content\\\/uploads\\\/2023\\\/11\\\/Secours-Catholique.jpg\",\"contentUrl\":\"https:\\\/\\\/egliseenbrianconnais.net\\\/WordPress3\\\/wp-content\\\/uploads\\\/2023\\\/11\\\/Secours-Catholique.jpg\",\"width\":1161,\"height\":1581},{\"@type\":\"BreadcrumbList\",\"@id\":\"https:\\\/\\\/egliseenbrianconnais.net\\\/WordPress3\\\/vie-caritative\\\/secours-catholique\\\/#breadcrumb\",\"itemListElement\":[{\"@type\":\"ListItem\",\"position\":1,\"name\":\"Accueil\",\"item\":\"https:\\\/\\\/egliseenbrianconnais.net\\\/WordPress3\\\/\"},{\"@type\":\"ListItem\",\"position\":2,\"name\":\"VIE CARITATIVE\",\"item\":\"https:\\\/\\\/egliseenbrianconnais.net\\\/WordPress3\\\/vie-caritative\\\/\"},{\"@type\":\"ListItem\",\"position\":3,\"name\":\"SECOURS CATHOLIQUE\"}]},{\"@type\":\"WebSite\",\"@id\":\"https:\\\/\\\/egliseenbrianconnais.net\\\/WordPress3\\\/#website\",\"url\":\"https:\\\/\\\/egliseenbrianconnais.net\\\/WordPress3\\\/\",\"name\":\"EgliseenBrian\u00e7onnais\",\"description\":\"BIENVENUE !\",\"publisher\":{\"@id\":\"https:\\\/\\\/egliseenbrianconnais.net\\\/WordPress3\\\/#organization\"},\"potentialAction\":[{\"@type\":\"SearchAction\",\"target\":{\"@type\":\"EntryPoint\",\"urlTemplate\":\"https:\\\/\\\/egliseenbrianconnais.net\\\/WordPress3\\\/?s={search_term_string}\"},\"query-input\":{\"@type\":\"PropertyValueSpecification\",\"valueRequired\":true,\"valueName\":\"search_term_string\"}}],\"inLanguage\":\"fr-FR\"},{\"@type\":\"Organization\",\"@id\":\"https:\\\/\\\/egliseenbrianconnais.net\\\/WordPress3\\\/#organization\",\"name\":\"EgliseenBrian\u00e7onnais\",\"url\":\"https:\\\/\\\/egliseenbrianconnais.net\\\/WordPress3\\\/\",\"logo\":{\"@type\":\"ImageObject\",\"inLanguage\":\"fr-FR\",\"@id\":\"https:\\\/\\\/egliseenbrianconnais.net\\\/WordPress3\\\/#\\\/schema\\\/logo\\\/image\\\/\",\"url\":\"http:\\\/\\\/egliseenbrianconnais.net\\\/WordPress3\\\/wp-content\\\/uploads\\\/2021\\\/09\\\/Logo-Ste-Catherine.jpg\",\"contentUrl\":\"http:\\\/\\\/egliseenbrianconnais.net\\\/WordPress3\\\/wp-content\\\/uploads\\\/2021\\\/09\\\/Logo-Ste-Catherine.jpg\",\"width\":850,\"height\":1417,\"caption\":\"EgliseenBrian\u00e7onnais\"},\"image\":{\"@id\":\"https:\\\/\\\/egliseenbrianconnais.net\\\/WordPress3\\\/#\\\/schema\\\/logo\\\/image\\\/\"}}]}<\/script>\n<!-- \/ Yoast SEO plugin. -->","yoast_head_json":{"title":"SECOURS CATHOLIQUE - Eglise en Brian\u00e7onnais","robots":{"index":"index","follow":"follow","max-snippet":"max-snippet:-1","max-image-preview":"max-image-preview:large","max-video-preview":"max-video-preview:-1"},"canonical":"https:\/\/egliseenbrianconnais.net\/WordPress3\/vie-caritative\/secours-catholique\/","og_locale":"fr_FR","og_type":"article","og_title":"SECOURS CATHOLIQUE - Eglise en Brian\u00e7onnais","og_description":"******************* LE SECOURS CATHOLIQUE : VACANCES d&rsquo;AO\u00dbT Ni de Distributif \u00e0 la salle Ste-Th\u00e9r\u00e8se Ni d&rsquo;Accueil \u00c9coute \u00e0 la Salle Ste-Th\u00e9r\u00e8se Ni d&rsquo;accueil \u00e0 la Boutique On se revoit en septembre ! ********************** ******************** Ensemble construire un monde juste et fraternel : T\u00e9l\u00e9charger ******************** Associations ou Organismes de Solidarit\u00e9 Brian\u00e7onnaise : T\u00e9l\u00e9charger ******************** BRIN DE [&hellip;]","og_url":"https:\/\/egliseenbrianconnais.net\/WordPress3\/vie-caritative\/secours-catholique\/","og_site_name":"Eglise en Brian\u00e7onnais","article_modified_time":"2025-08-12T15:25:32+00:00","og_image":[{"width":1161,"height":1581,"url":"https:\/\/egliseenbrianconnais.net\/WordPress3\/wp-content\/uploads\/2023\/11\/Secours-Catholique.jpg","type":"image\/jpeg"}],"twitter_card":"summary_large_image","twitter_misc":{"Dur\u00e9e de lecture estim\u00e9e":"3 minutes"},"schema":{"@context":"https:\/\/schema.org","@graph":[{"@type":"WebPage","@id":"https:\/\/egliseenbrianconnais.net\/WordPress3\/vie-caritative\/secours-catholique\/","url":"https:\/\/egliseenbrianconnais.net\/WordPress3\/vie-caritative\/secours-catholique\/","name":"SECOURS CATHOLIQUE - Eglise en Brian\u00e7onnais","isPartOf":{"@id":"https:\/\/egliseenbrianconnais.net\/WordPress3\/#website"},"primaryImageOfPage":{"@id":"https:\/\/egliseenbrianconnais.net\/WordPress3\/vie-caritative\/secours-catholique\/#primaryimage"},"image":{"@id":"https:\/\/egliseenbrianconnais.net\/WordPress3\/vie-caritative\/secours-catholique\/#primaryimage"},"thumbnailUrl":"https:\/\/egliseenbrianconnais.net\/WordPress3\/wp-content\/uploads\/2023\/11\/Secours-Catholique-752x1024.jpg","datePublished":"2011-07-18T13:58:46+00:00","dateModified":"2025-08-12T15:25:32+00:00","breadcrumb":{"@id":"https:\/\/egliseenbrianconnais.net\/WordPress3\/vie-caritative\/secours-catholique\/#breadcrumb"},"inLanguage":"fr-FR","potentialAction":[{"@type":"ReadAction","target":["https:\/\/egliseenbrianconnais.net\/WordPress3\/vie-caritative\/secours-catholique\/"]}]},{"@type":"ImageObject","inLanguage":"fr-FR","@id":"https:\/\/egliseenbrianconnais.net\/WordPress3\/vie-caritative\/secours-catholique\/#primaryimage","url":"https:\/\/egliseenbrianconnais.net\/WordPress3\/wp-content\/uploads\/2023\/11\/Secours-Catholique.jpg","contentUrl":"https:\/\/egliseenbrianconnais.net\/WordPress3\/wp-content\/uploads\/2023\/11\/Secours-Catholique.jpg","width":1161,"height":1581},{"@type":"BreadcrumbList","@id":"https:\/\/egliseenbrianconnais.net\/WordPress3\/vie-caritative\/secours-catholique\/#breadcrumb","itemListElement":[{"@type":"ListItem","position":1,"name":"Accueil","item":"https:\/\/egliseenbrianconnais.net\/WordPress3\/"},{"@type":"ListItem","position":2,"name":"VIE CARITATIVE","item":"https:\/\/egliseenbrianconnais.net\/WordPress3\/vie-caritative\/"},{"@type":"ListItem","position":3,"name":"SECOURS CATHOLIQUE"}]},{"@type":"WebSite","@id":"https:\/\/egliseenbrianconnais.net\/WordPress3\/#website","url":"https:\/\/egliseenbrianconnais.net\/WordPress3\/","name":"EgliseenBrian\u00e7onnais","description":"BIENVENUE !","publisher":{"@id":"https:\/\/egliseenbrianconnais.net\/WordPress3\/#organization"},"potentialAction":[{"@type":"SearchAction","target":{"@type":"EntryPoint","urlTemplate":"https:\/\/egliseenbrianconnais.net\/WordPress3\/?s={search_term_string}"},"query-input":{"@type":"PropertyValueSpecification","valueRequired":true,"valueName":"search_term_string"}}],"inLanguage":"fr-FR"},{"@type":"Organization","@id":"https:\/\/egliseenbrianconnais.net\/WordPress3\/#organization","name":"EgliseenBrian\u00e7onnais","url":"https:\/\/egliseenbrianconnais.net\/WordPress3\/","logo":{"@type":"ImageObject","inLanguage":"fr-FR","@id":"https:\/\/egliseenbrianconnais.net\/WordPress3\/#\/schema\/logo\/image\/","url":"http:\/\/egliseenbrianconnais.net\/WordPress3\/wp-content\/uploads\/2021\/09\/Logo-Ste-Catherine.jpg","contentUrl":"http:\/\/egliseenbrianconnais.net\/WordPress3\/wp-content\/uploads\/2021\/09\/Logo-Ste-Catherine.jpg","width":850,"height":1417,"caption":"EgliseenBrian\u00e7onnais"},"image":{"@id":"https:\/\/egliseenbrianconnais.net\/WordPress3\/#\/schema\/logo\/image\/"}}]}},"jetpack_sharing_enabled":true,"_links":{"self":[{"href":"https:\/\/egliseenbrianconnais.net\/WordPress3\/wp-json\/wp\/v2\/pages\/484","targetHints":{"allow":["GET"]}}],"collection":[{"href":"https:\/\/egliseenbrianconnais.net\/WordPress3\/wp-json\/wp\/v2\/pages"}],"about":[{"href":"https:\/\/egliseenbrianconnais.net\/WordPress3\/wp-json\/wp\/v2\/types\/page"}],"author":[{"embeddable":true,"href":"https:\/\/egliseenbrianconnais.net\/WordPress3\/wp-json\/wp\/v2\/users\/409"}],"replies":[{"embeddable":true,"href":"https:\/\/egliseenbrianconnais.net\/WordPress3\/wp-json\/wp\/v2\/comments?post=484"}],"version-history":[{"count":18,"href":"https:\/\/egliseenbrianconnais.net\/WordPress3\/wp-json\/wp\/v2\/pages\/484\/revisions"}],"predecessor-version":[{"id":48666,"href":"https:\/\/egliseenbrianconnais.net\/WordPress3\/wp-json\/wp\/v2\/pages\/484\/revisions\/48666"}],"up":[{"embeddable":true,"href":"https:\/\/egliseenbrianconnais.net\/WordPress3\/wp-json\/wp\/v2\/pages\/7894"}],"wp:attachment":[{"href":"https:\/\/egliseenbrianconnais.net\/WordPress3\/wp-json\/wp\/v2\/media?parent=484"}],"curies":[{"name":"wp","href":"https:\/\/api.w.org\/{rel}","templated":true}]}}