{"id":46949,"date":"2024-09-23T21:43:36","date_gmt":"2024-09-23T20:43:36","guid":{"rendered":"https:\/\/egliseenbrianconnais.net\/WordPress3\/?page_id=46949"},"modified":"2024-10-10T23:33:03","modified_gmt":"2024-10-10T22:33:03","slug":"pastorale","status":"publish","type":"page","link":"https:\/\/egliseenbrianconnais.net\/WordPress3\/pastorale\/","title":{"rendered":"VIE PASTORALE"},"content":{"rendered":"\n<p><a href=\"https:\/\/egliseenbrianconnais.net\/WordPress3\/wp-content\/uploads\/2024\/09\/Des-idees-paroissiales-pour-la-Mission-Altitude.pdf\"><strong>Orientation Pastorale : T\u00e9l\u00e9charger<\/strong><\/a><\/p>\n\n\n\n<figure class=\"wp-block-table alignwide\"><table class=\"has-fixed-layout\"><tbody><tr><td><strong>&nbsp;<\/strong><img loading=\"lazy\" decoding=\"async\" width=\"900\" height=\"152\" class=\"wp-image-46952\" style=\"width: 900px;\" src=\"https:\/\/egliseenbrianconnais.net\/WordPress3\/wp-content\/uploads\/2024\/09\/Paroisse-annonce-logo-C.jpg\" alt=\"\" srcset=\"https:\/\/egliseenbrianconnais.net\/WordPress3\/wp-content\/uploads\/2024\/09\/Paroisse-annonce-logo-C.jpg 906w, https:\/\/egliseenbrianconnais.net\/WordPress3\/wp-content\/uploads\/2024\/09\/Paroisse-annonce-logo-C-300x51.jpg 300w, https:\/\/egliseenbrianconnais.net\/WordPress3\/wp-content\/uploads\/2024\/09\/Paroisse-annonce-logo-C-768x130.jpg 768w, https:\/\/egliseenbrianconnais.net\/WordPress3\/wp-content\/uploads\/2024\/09\/Paroisse-annonce-logo-C-50x8.jpg 50w\" sizes=\"auto, (max-width: 900px) 100vw, 900px\" \/><br \/><strong>&nbsp;&nbsp;Dans le cadre de la d\u00e9finition d\u2019orientations pastorales pour nos paroisses, et pour r\u00e9pondre \u00e0 l\u2019invitation de notre \u00e9v\u00eaque par suite de sa lettre pastorale promulgu\u00e9e le 26 novembre 2022, voici la suite de notre cheminement.<\/strong><br \/><br \/><strong>Les personnes intervenant dans tous les secteurs de l\u2019animation pastorale dans nos paroisses ont \u00e9t\u00e9 sollicit\u00e9es, une premi\u00e8re fois en&nbsp; mai\/juin pour une r\u00e9flexion globale sur le th\u00e8me \u00ab&nbsp;Une paroisse qui accueille et annonce J\u00e9sus Christ&nbsp;\u00bb, puis par \u00ab&nbsp;domaine&nbsp;\u00bb de pastorale (5 rencontres)&nbsp;:<\/strong><br \/><strong>Dimension caritative&nbsp;<\/strong><em>(SC, CCFD- Terre Solidaire, Groupe migration, Pastorale de la sant\u00e9, \u2026)<\/em><strong> ; dimension de l\u2019enseignement <\/strong><em>(cat\u00e9ch\u00e8se jeune adulte pr\u00e9paration aux sacrements\u2026)<\/em><strong>&nbsp;; dimension de la liturgie et de la pri\u00e8re <\/strong><em>(acteurs de la liturgie, membres des groupes de pri\u00e8re, \u2026)<\/em><strong>&nbsp;; dimension de l\u2019accueil \u00e0 la maison paroissiale <\/strong><em>(toutes les personnes pr\u00e9sentes d\u2019une fa\u00e7on ou d\u2019une autre dans la maison paroissiale)<\/em><strong>&nbsp;; dimension de l\u2019accueil dans les \u00e9glises et chapelles <\/strong><em>(cf. <u>A<\/u>&nbsp;).<\/em><br \/><br \/><strong>\u00c0 la suite de la collecte des fruits de ces \u00e9changes, une r\u00e9union en septembre a permis de prioriser quelques aspects, en faisant appel aux \u00ab&nbsp;saintes insatisfactions&nbsp;\u00bb de chacun, c\u2019est \u00e0 dire ce qui nous fait le plus souffrir en termes de manque dans la vie concr\u00e8te de notre communaut\u00e9 <\/strong><em>(cf. <u>B<\/u>&nbsp;).<\/em><br \/><br \/><strong>Vous trouverez ci-dessous la recension des \u00e9l\u00e9ments significatifs des deux r\u00e9unions pl\u00e9ni\u00e8res<\/strong><br \/><strong><em>(A et B)<\/em>. Vous pouvez encore apporter vos r\u00e9flexions via le mail du secr\u00e9tariat en pr\u00e9cisant&nbsp;\u00ab&nbsp;Mission Altitude en Paroisse&nbsp;\u00bb&nbsp;: <\/strong><a href=\"mailto:paroisse.briancon@diocesedegap.com\"><strong>paroisse.briancon@diocesedegap.com<\/strong><\/a><br \/><br \/><br \/><img loading=\"lazy\" decoding=\"async\" width=\"800\" height=\"69\" class=\"wp-image-46953\" style=\"width: 800px;\" src=\"https:\/\/egliseenbrianconnais.net\/WordPress3\/wp-content\/uploads\/2024\/09\/Paroisse-Titre-A.jpg\" alt=\"\" srcset=\"https:\/\/egliseenbrianconnais.net\/WordPress3\/wp-content\/uploads\/2024\/09\/Paroisse-Titre-A.jpg 908w, https:\/\/egliseenbrianconnais.net\/WordPress3\/wp-content\/uploads\/2024\/09\/Paroisse-Titre-A-300x26.jpg 300w, https:\/\/egliseenbrianconnais.net\/WordPress3\/wp-content\/uploads\/2024\/09\/Paroisse-Titre-A-768x66.jpg 768w, https:\/\/egliseenbrianconnais.net\/WordPress3\/wp-content\/uploads\/2024\/09\/Paroisse-Titre-A-50x4.jpg 50w\" sizes=\"auto, (max-width: 800px) 100vw, 800px\" \/><br \/><strong><u>A travers la dimension caritative&nbsp;:<\/u><\/strong><br \/>Une attention aux propositions post sacramentels qui relient les personnes \u00e0 la Communaut\u00e9<br \/>Pr\u00e9sence des personnes en situation de handicap ou de fragilit\u00e9<br \/>Travailler \u00e0 l\u2019unit\u00e9 int\u00e9rieur&nbsp;; place du sacrement de la r\u00e9conciliation et des malades<br \/>Accueillir et nourrir humainement et spirituellement&nbsp;: dignit\u00e9 de la personne humaine<br \/><br \/><strong><u>A travers la dimension de l\u2019enseignement&nbsp;:<\/u><\/strong><br \/>Enfance&nbsp;: rapprochement avec l\u2019\u00e9cole Carlhian Rippert.<br \/>Adultes&nbsp;: proposer des th\u00e8mes qui permettent de red\u00e9couvrir l\u2019Eglise.<br \/>Place du t\u00e9moignage dans l\u2019annonce de la Foi, dans les rencontres de pr\u00e9paration aux sacrements.<br \/>Donner \u00e0 chaque cat\u00e9chum\u00e8ne, chaque couple ou famille&nbsp; un \u00ab&nbsp;parrain&nbsp;\u00bb ou ange gardien.<br \/>Impliquer les personnes nouvelles dans la vie de la communaut\u00e9.<br \/>D\u00e9velopper l\u2019accueil lors des messes.<br \/>D\u00e9velopper la communication (internet + lien avec le dioc\u00e8se).<br \/>Travailler l\u2019id\u00e9e de groupe de jeunes adultes.<br \/><br \/><strong><u>A travers la dimension de la liturgie et de la pri\u00e8re&nbsp;:<\/u><\/strong><br \/>Faire connaitre la dimension de la Louange, en direction des jeunes.<br \/>Rendre visible les groupes existants, lors de temps fort, et en d\u2019autres lieux.<br \/>Rafraichir la visibilit\u00e9 de l\u2019affichage de l\u2019existence des groupes de pri\u00e8re.<br \/>Soigner la pr\u00e9paration des messes et structurer la \u00ab&nbsp;gestion&nbsp;\u00bb des acteurs de la liturgie.<br \/>Une attention \u00e0 la proclamation, pour les la\u00efcs comme pour les pr\u00eatres, dans toutes les liturgies.<br \/>Finaliser le travail des carnets de chant.<br \/>Accueil des enfants et nouveaux parents dans les liturgies dominicales.<br \/><br \/><strong><u>A travers la pr\u00e9sence \u00e0 la Maison Paroissiale&nbsp;:<\/u><\/strong><br \/>Que les accueillants aient une connaissance des r\u00e9alit\u00e9s, sur le plan social en particulier, de ce qui existe&nbsp;: formation pour mieux connaitre l\u2019environnement civil.<br \/>Formation \u00e0 l\u2019\u00e9coute.<br \/>Une visibilit\u00e9 de l\u2019Accueil.<br \/>Une pr\u00e9sence dans l\u2019\u00e9glise de Ste Catherine m\u00eame.<br \/>Une pr\u00e9sentation limpide des documents (pr\u00e9sentoirs).<br \/>Un meilleur accueil, une plus grande attention aux vacanciers.<br \/>Elargissement de l\u2019\u00e9quipe d\u2019accueil.<br \/><br \/><strong><u>A travers la dimension de l\u2019accueil dans les \u00e9glises et chapelles&nbsp;:<\/u><\/strong><br \/>Marquer la sp\u00e9cificit\u00e9 de ces lieux comme lieux de pri\u00e8re, au-del\u00e0 d\u2019un \u00e9difice de tourisme.<br \/>Isolement de personnes dans leurs clochers : renouvellement d\u2019\u00e9quipes ou projet global pour imaginer des am\u00e9liorations.<br \/>Vivifier les \u00e9glises isol\u00e9es par des \u00e9v\u00e8nements paroissiaux.<br \/>Donner un objet (signet, image\u2026) propre \u00e0 chaque b\u00e2timent, aux visiteurs.<br \/>Travailler sur la beaut\u00e9 des lieux par quelques moyens concrets.<br \/><br \/><br \/><img loading=\"lazy\" decoding=\"async\" width=\"800\" height=\"122\" class=\"wp-image-46954\" style=\"width: 800px;\" src=\"https:\/\/egliseenbrianconnais.net\/WordPress3\/wp-content\/uploads\/2024\/09\/Paroisse-Titre-B.jpg\" alt=\"\" srcset=\"https:\/\/egliseenbrianconnais.net\/WordPress3\/wp-content\/uploads\/2024\/09\/Paroisse-Titre-B.jpg 915w, https:\/\/egliseenbrianconnais.net\/WordPress3\/wp-content\/uploads\/2024\/09\/Paroisse-Titre-B-300x46.jpg 300w, https:\/\/egliseenbrianconnais.net\/WordPress3\/wp-content\/uploads\/2024\/09\/Paroisse-Titre-B-768x118.jpg 768w, https:\/\/egliseenbrianconnais.net\/WordPress3\/wp-content\/uploads\/2024\/09\/Paroisse-Titre-B-50x8.jpg 50w\" sizes=\"auto, (max-width: 800px) 100vw, 800px\" \/><br \/><strong><u>La souffrance<\/u><\/strong><br \/>\u00b0 Du manque d\u2019enthousiasme<br \/>\u00b0 Du manque de transmission de la Foi<br \/>\u00b0 Du manque d\u2019activit\u00e9 attractive<br \/>\u00b0 Du manque de continuit\u00e9 apr\u00e8s des moments forts, du manque de continuit\u00e9 dans l\u2019attention<br \/>\u00b0 Du manque d\u2019implication des jeunes<br \/>\u00b0 De l\u2019\u00e9parpillement qui entraine une d\u00e9perdition d\u2019\u00e9nergie<br \/>\u00b0 De l\u2019\u00e9loignement des villages plus ext\u00e9rieurs<br \/>\u00b0 Du manque de clart\u00e9 quant \u00e0 la coh\u00e9rence paroissiale<br \/>\u00b0 Du manque d\u2019interaction interg\u00e9n\u00e9rationnelles<br \/>\u00b0 Du manque de relation avec les parents<br \/>\u00b0 De la \u00ab&nbsp;sectorisation&nbsp;\u00bb de la question de la Foi, par rapport au v\u00e9cu des r\u00e9alit\u00e9s humaines<br \/><br \/><strong><u>Des priorit\u00e9s \u00e0 privil\u00e9gier qui semblent r\u00e9alisables<\/u><\/strong><br \/>\u00a4 Envers la jeunesse et les parents<br \/>\u00a4 Le rafraichissement de la pr\u00e9sentation et des affichages<br \/>\u00a4 Une communication plus ordonn\u00e9e et efficace<br \/>\u00a4 Une int\u00e9gration des r\u00e9alit\u00e9s de fragilit\u00e9s au c\u0153ur de la vie paroissiale<br \/>\u00a4 Offrir un accueil et une nourriture int\u00e9grant la dimension et l\u2019attente spirituelle<br \/>\u00a4 Mettre en place une cat\u00e9ch\u00e8se adulte permettant de d\u00e9couvrir l\u2019Eglise<br \/>\u00a4 Mettre en place un accompagnement plus syst\u00e9matique des personnes recommen\u00e7ants<br \/>\u00a4 Lier action et pri\u00e8re plus fortement<br \/>\u00a4 Marquer les lieux de cultes de leurs dimensions religieuses (pas seulement culturelles)<br \/><br \/><img loading=\"lazy\" decoding=\"async\" width=\"600\" height=\"48\" class=\"wp-image-46955\" style=\"width: 600px;\" src=\"https:\/\/egliseenbrianconnais.net\/WordPress3\/wp-content\/uploads\/2024\/09\/Annexe.jpg\" alt=\"\" srcset=\"https:\/\/egliseenbrianconnais.net\/WordPress3\/wp-content\/uploads\/2024\/09\/Annexe.jpg 524w, https:\/\/egliseenbrianconnais.net\/WordPress3\/wp-content\/uploads\/2024\/09\/Annexe-300x24.jpg 300w, https:\/\/egliseenbrianconnais.net\/WordPress3\/wp-content\/uploads\/2024\/09\/Annexe-50x4.jpg 50w\" sizes=\"auto, (max-width: 600px) 100vw, 600px\" \/><br \/>\u00ab&nbsp;Je parlais tout \u00e0 l\u2019heure avec une amie, passionn\u00e9e comme moi de la Parole de Dieu et de la pri\u00e8re. Nous \u00e9changions avec enthousiasme et \u00e9lan les projets que Dieu avait pour notre \u00e9glise. Soudain, elle r\u00e9fl\u00e9chit, s\u2019arr\u00eata de parler et me dit : \u00ab <em>je ne sais pas comment l\u2019exprimer, mais j\u2019ai au fond du c\u0153ur une insatisfaction <\/em>\u00bb.<br \/><br \/>\u00ab&nbsp;Il y a selon moi deux sortes d\u2019insatisfaction : celle qui nourrit l\u2019amertume, qui pousse \u00e0 se mettre de c\u00f4t\u00e9, \u00e0 critiquer, juger et sombrer dans l\u2019inefficacit\u00e9 spirituelle, et il y a la \u00ab\u00a0bonne\u00a0\u00bb insatisfaction, celle qui stimule \u00e0 mieux faire, \u00e0 rechercher le meilleur, pour sa famille, son travail, sa vie de pri\u00e8re, son \u00e9glise.<br \/><br \/>\u00ab&nbsp;De quelle insatisfaction souffrez-vous ?<br \/><br \/>Mon amie, pour sa part, souffre de la \u00ab sainte \u00bb insatisfaction, de celle qui pousse \u00e0 chercher mieux encore la face de Dieu et sa volont\u00e9, \u00e0 perfectionner son ob\u00e9issance \u00e0 La Parole, \u00e0 rechercher l\u2019excellence de son service et la Gloire de Dieu dans tout ce qu\u2019elle fait.<br \/><br \/>Elle voit notre \u00e9glise et sait que Dieu a encore mieux en r\u00e9serve, elle \u00e9coute ses pri\u00e8res et sait qu\u2019elle peut \u00eatre encore plus proche de Dieu, encore plus impr\u00e9gn\u00e9e de sa pens\u00e9e, de ses enseignements, de ses directions, elle regarde sa famille et sait que \u00e7a peut \u00eatre encore mieux. Elle a soif de plus et de mieux.&nbsp;\u00bb<\/td><\/tr><\/tbody><\/table><\/figure>\n","protected":false},"excerpt":{"rendered":"<p>Orientation Pastorale : T\u00e9l\u00e9charger &nbsp;&nbsp;&nbsp;Dans le cadre de la d\u00e9finition d\u2019orientations pastorales pour nos paroisses, et pour r\u00e9pondre \u00e0 l\u2019invitation de notre \u00e9v\u00eaque par suite de sa lettre pastorale promulgu\u00e9e le 26 novembre 2022, voici la suite de notre cheminement. Les personnes intervenant dans tous les secteurs de l\u2019animation pastorale dans nos paroisses ont \u00e9t\u00e9 [&hellip;]<\/p>\n","protected":false},"author":407,"featured_media":0,"parent":0,"menu_order":0,"comment_status":"closed","ping_status":"closed","template":"","meta":{"jetpack_post_was_ever_published":false,"footnotes":""},"class_list":["post-46949","page","type-page","status-publish","hentry"],"yoast_head":"<!-- This site is optimized with the Yoast SEO plugin v27.3 - https:\/\/yoast.com\/product\/yoast-seo-wordpress\/ -->\n<title>VIE PASTORALE - Eglise en Brian\u00e7onnais<\/title>\n<meta name=\"robots\" content=\"index, follow, max-snippet:-1, max-image-preview:large, max-video-preview:-1\" \/>\n<link rel=\"canonical\" href=\"https:\/\/egliseenbrianconnais.net\/WordPress3\/pastorale\/\" \/>\n<meta property=\"og:locale\" content=\"fr_FR\" \/>\n<meta property=\"og:type\" content=\"article\" \/>\n<meta property=\"og:title\" content=\"VIE PASTORALE - Eglise en Brian\u00e7onnais\" \/>\n<meta property=\"og:description\" content=\"Orientation Pastorale : T\u00e9l\u00e9charger &nbsp;&nbsp;&nbsp;Dans le cadre de la d\u00e9finition d\u2019orientations pastorales pour nos paroisses, et pour r\u00e9pondre \u00e0 l\u2019invitation de notre \u00e9v\u00eaque par suite de sa lettre pastorale promulgu\u00e9e le 26 novembre 2022, voici la suite de notre cheminement. Les personnes intervenant dans tous les secteurs de l\u2019animation pastorale dans nos paroisses ont \u00e9t\u00e9 [&hellip;]\" \/>\n<meta property=\"og:url\" content=\"https:\/\/egliseenbrianconnais.net\/WordPress3\/pastorale\/\" \/>\n<meta property=\"og:site_name\" content=\"Eglise en Brian\u00e7onnais\" \/>\n<meta property=\"article:modified_time\" content=\"2024-10-10T22:33:03+00:00\" \/>\n<meta property=\"og:image\" content=\"https:\/\/egliseenbrianconnais.net\/WordPress3\/wp-content\/uploads\/2024\/09\/Paroisse-annonce-logo-C.jpg\" \/>\n\t<meta property=\"og:image:width\" content=\"906\" \/>\n\t<meta property=\"og:image:height\" content=\"153\" \/>\n\t<meta property=\"og:image:type\" content=\"image\/jpeg\" \/>\n<meta name=\"twitter:card\" content=\"summary_large_image\" \/>\n<meta name=\"twitter:label1\" content=\"Dur\u00e9e de lecture estim\u00e9e\" \/>\n\t<meta name=\"twitter:data1\" content=\"6 minutes\" \/>\n<script type=\"application\/ld+json\" class=\"yoast-schema-graph\">{\"@context\":\"https:\\\/\\\/schema.org\",\"@graph\":[{\"@type\":\"WebPage\",\"@id\":\"https:\\\/\\\/egliseenbrianconnais.net\\\/WordPress3\\\/pastorale\\\/\",\"url\":\"https:\\\/\\\/egliseenbrianconnais.net\\\/WordPress3\\\/pastorale\\\/\",\"name\":\"VIE PASTORALE - Eglise en Brian\u00e7onnais\",\"isPartOf\":{\"@id\":\"https:\\\/\\\/egliseenbrianconnais.net\\\/WordPress3\\\/#website\"},\"primaryImageOfPage\":{\"@id\":\"https:\\\/\\\/egliseenbrianconnais.net\\\/WordPress3\\\/pastorale\\\/#primaryimage\"},\"image\":{\"@id\":\"https:\\\/\\\/egliseenbrianconnais.net\\\/WordPress3\\\/pastorale\\\/#primaryimage\"},\"thumbnailUrl\":\"https:\\\/\\\/egliseenbrianconnais.net\\\/WordPress3\\\/wp-content\\\/uploads\\\/2024\\\/09\\\/Paroisse-annonce-logo-C.jpg\",\"datePublished\":\"2024-09-23T20:43:36+00:00\",\"dateModified\":\"2024-10-10T22:33:03+00:00\",\"breadcrumb\":{\"@id\":\"https:\\\/\\\/egliseenbrianconnais.net\\\/WordPress3\\\/pastorale\\\/#breadcrumb\"},\"inLanguage\":\"fr-FR\",\"potentialAction\":[{\"@type\":\"ReadAction\",\"target\":[\"https:\\\/\\\/egliseenbrianconnais.net\\\/WordPress3\\\/pastorale\\\/\"]}]},{\"@type\":\"ImageObject\",\"inLanguage\":\"fr-FR\",\"@id\":\"https:\\\/\\\/egliseenbrianconnais.net\\\/WordPress3\\\/pastorale\\\/#primaryimage\",\"url\":\"https:\\\/\\\/egliseenbrianconnais.net\\\/WordPress3\\\/wp-content\\\/uploads\\\/2024\\\/09\\\/Paroisse-annonce-logo-C.jpg\",\"contentUrl\":\"https:\\\/\\\/egliseenbrianconnais.net\\\/WordPress3\\\/wp-content\\\/uploads\\\/2024\\\/09\\\/Paroisse-annonce-logo-C.jpg\",\"width\":906,\"height\":153},{\"@type\":\"BreadcrumbList\",\"@id\":\"https:\\\/\\\/egliseenbrianconnais.net\\\/WordPress3\\\/pastorale\\\/#breadcrumb\",\"itemListElement\":[{\"@type\":\"ListItem\",\"position\":1,\"name\":\"Accueil\",\"item\":\"https:\\\/\\\/egliseenbrianconnais.net\\\/WordPress3\\\/\"},{\"@type\":\"ListItem\",\"position\":2,\"name\":\"VIE PASTORALE\"}]},{\"@type\":\"WebSite\",\"@id\":\"https:\\\/\\\/egliseenbrianconnais.net\\\/WordPress3\\\/#website\",\"url\":\"https:\\\/\\\/egliseenbrianconnais.net\\\/WordPress3\\\/\",\"name\":\"EgliseenBrian\u00e7onnais\",\"description\":\"BIENVENUE !\",\"publisher\":{\"@id\":\"https:\\\/\\\/egliseenbrianconnais.net\\\/WordPress3\\\/#organization\"},\"potentialAction\":[{\"@type\":\"SearchAction\",\"target\":{\"@type\":\"EntryPoint\",\"urlTemplate\":\"https:\\\/\\\/egliseenbrianconnais.net\\\/WordPress3\\\/?s={search_term_string}\"},\"query-input\":{\"@type\":\"PropertyValueSpecification\",\"valueRequired\":true,\"valueName\":\"search_term_string\"}}],\"inLanguage\":\"fr-FR\"},{\"@type\":\"Organization\",\"@id\":\"https:\\\/\\\/egliseenbrianconnais.net\\\/WordPress3\\\/#organization\",\"name\":\"EgliseenBrian\u00e7onnais\",\"url\":\"https:\\\/\\\/egliseenbrianconnais.net\\\/WordPress3\\\/\",\"logo\":{\"@type\":\"ImageObject\",\"inLanguage\":\"fr-FR\",\"@id\":\"https:\\\/\\\/egliseenbrianconnais.net\\\/WordPress3\\\/#\\\/schema\\\/logo\\\/image\\\/\",\"url\":\"http:\\\/\\\/egliseenbrianconnais.net\\\/WordPress3\\\/wp-content\\\/uploads\\\/2021\\\/09\\\/Logo-Ste-Catherine.jpg\",\"contentUrl\":\"http:\\\/\\\/egliseenbrianconnais.net\\\/WordPress3\\\/wp-content\\\/uploads\\\/2021\\\/09\\\/Logo-Ste-Catherine.jpg\",\"width\":850,\"height\":1417,\"caption\":\"EgliseenBrian\u00e7onnais\"},\"image\":{\"@id\":\"https:\\\/\\\/egliseenbrianconnais.net\\\/WordPress3\\\/#\\\/schema\\\/logo\\\/image\\\/\"}}]}<\/script>\n<!-- \/ Yoast SEO plugin. -->","yoast_head_json":{"title":"VIE PASTORALE - Eglise en Brian\u00e7onnais","robots":{"index":"index","follow":"follow","max-snippet":"max-snippet:-1","max-image-preview":"max-image-preview:large","max-video-preview":"max-video-preview:-1"},"canonical":"https:\/\/egliseenbrianconnais.net\/WordPress3\/pastorale\/","og_locale":"fr_FR","og_type":"article","og_title":"VIE PASTORALE - Eglise en Brian\u00e7onnais","og_description":"Orientation Pastorale : T\u00e9l\u00e9charger &nbsp;&nbsp;&nbsp;Dans le cadre de la d\u00e9finition d\u2019orientations pastorales pour nos paroisses, et pour r\u00e9pondre \u00e0 l\u2019invitation de notre \u00e9v\u00eaque par suite de sa lettre pastorale promulgu\u00e9e le 26 novembre 2022, voici la suite de notre cheminement. Les personnes intervenant dans tous les secteurs de l\u2019animation pastorale dans nos paroisses ont \u00e9t\u00e9 [&hellip;]","og_url":"https:\/\/egliseenbrianconnais.net\/WordPress3\/pastorale\/","og_site_name":"Eglise en Brian\u00e7onnais","article_modified_time":"2024-10-10T22:33:03+00:00","og_image":[{"width":906,"height":153,"url":"https:\/\/egliseenbrianconnais.net\/WordPress3\/wp-content\/uploads\/2024\/09\/Paroisse-annonce-logo-C.jpg","type":"image\/jpeg"}],"twitter_card":"summary_large_image","twitter_misc":{"Dur\u00e9e de lecture estim\u00e9e":"6 minutes"},"schema":{"@context":"https:\/\/schema.org","@graph":[{"@type":"WebPage","@id":"https:\/\/egliseenbrianconnais.net\/WordPress3\/pastorale\/","url":"https:\/\/egliseenbrianconnais.net\/WordPress3\/pastorale\/","name":"VIE PASTORALE - Eglise en Brian\u00e7onnais","isPartOf":{"@id":"https:\/\/egliseenbrianconnais.net\/WordPress3\/#website"},"primaryImageOfPage":{"@id":"https:\/\/egliseenbrianconnais.net\/WordPress3\/pastorale\/#primaryimage"},"image":{"@id":"https:\/\/egliseenbrianconnais.net\/WordPress3\/pastorale\/#primaryimage"},"thumbnailUrl":"https:\/\/egliseenbrianconnais.net\/WordPress3\/wp-content\/uploads\/2024\/09\/Paroisse-annonce-logo-C.jpg","datePublished":"2024-09-23T20:43:36+00:00","dateModified":"2024-10-10T22:33:03+00:00","breadcrumb":{"@id":"https:\/\/egliseenbrianconnais.net\/WordPress3\/pastorale\/#breadcrumb"},"inLanguage":"fr-FR","potentialAction":[{"@type":"ReadAction","target":["https:\/\/egliseenbrianconnais.net\/WordPress3\/pastorale\/"]}]},{"@type":"ImageObject","inLanguage":"fr-FR","@id":"https:\/\/egliseenbrianconnais.net\/WordPress3\/pastorale\/#primaryimage","url":"https:\/\/egliseenbrianconnais.net\/WordPress3\/wp-content\/uploads\/2024\/09\/Paroisse-annonce-logo-C.jpg","contentUrl":"https:\/\/egliseenbrianconnais.net\/WordPress3\/wp-content\/uploads\/2024\/09\/Paroisse-annonce-logo-C.jpg","width":906,"height":153},{"@type":"BreadcrumbList","@id":"https:\/\/egliseenbrianconnais.net\/WordPress3\/pastorale\/#breadcrumb","itemListElement":[{"@type":"ListItem","position":1,"name":"Accueil","item":"https:\/\/egliseenbrianconnais.net\/WordPress3\/"},{"@type":"ListItem","position":2,"name":"VIE PASTORALE"}]},{"@type":"WebSite","@id":"https:\/\/egliseenbrianconnais.net\/WordPress3\/#website","url":"https:\/\/egliseenbrianconnais.net\/WordPress3\/","name":"EgliseenBrian\u00e7onnais","description":"BIENVENUE !","publisher":{"@id":"https:\/\/egliseenbrianconnais.net\/WordPress3\/#organization"},"potentialAction":[{"@type":"SearchAction","target":{"@type":"EntryPoint","urlTemplate":"https:\/\/egliseenbrianconnais.net\/WordPress3\/?s={search_term_string}"},"query-input":{"@type":"PropertyValueSpecification","valueRequired":true,"valueName":"search_term_string"}}],"inLanguage":"fr-FR"},{"@type":"Organization","@id":"https:\/\/egliseenbrianconnais.net\/WordPress3\/#organization","name":"EgliseenBrian\u00e7onnais","url":"https:\/\/egliseenbrianconnais.net\/WordPress3\/","logo":{"@type":"ImageObject","inLanguage":"fr-FR","@id":"https:\/\/egliseenbrianconnais.net\/WordPress3\/#\/schema\/logo\/image\/","url":"http:\/\/egliseenbrianconnais.net\/WordPress3\/wp-content\/uploads\/2021\/09\/Logo-Ste-Catherine.jpg","contentUrl":"http:\/\/egliseenbrianconnais.net\/WordPress3\/wp-content\/uploads\/2021\/09\/Logo-Ste-Catherine.jpg","width":850,"height":1417,"caption":"EgliseenBrian\u00e7onnais"},"image":{"@id":"https:\/\/egliseenbrianconnais.net\/WordPress3\/#\/schema\/logo\/image\/"}}]}},"jetpack_sharing_enabled":true,"_links":{"self":[{"href":"https:\/\/egliseenbrianconnais.net\/WordPress3\/wp-json\/wp\/v2\/pages\/46949","targetHints":{"allow":["GET"]}}],"collection":[{"href":"https:\/\/egliseenbrianconnais.net\/WordPress3\/wp-json\/wp\/v2\/pages"}],"about":[{"href":"https:\/\/egliseenbrianconnais.net\/WordPress3\/wp-json\/wp\/v2\/types\/page"}],"author":[{"embeddable":true,"href":"https:\/\/egliseenbrianconnais.net\/WordPress3\/wp-json\/wp\/v2\/users\/407"}],"replies":[{"embeddable":true,"href":"https:\/\/egliseenbrianconnais.net\/WordPress3\/wp-json\/wp\/v2\/comments?post=46949"}],"version-history":[{"count":5,"href":"https:\/\/egliseenbrianconnais.net\/WordPress3\/wp-json\/wp\/v2\/pages\/46949\/revisions"}],"predecessor-version":[{"id":47032,"href":"https:\/\/egliseenbrianconnais.net\/WordPress3\/wp-json\/wp\/v2\/pages\/46949\/revisions\/47032"}],"wp:attachment":[{"href":"https:\/\/egliseenbrianconnais.net\/WordPress3\/wp-json\/wp\/v2\/media?parent=46949"}],"curies":[{"name":"wp","href":"https:\/\/api.w.org\/{rel}","templated":true}]}}