{"id":34456,"date":"2021-09-19T09:00:38","date_gmt":"2021-09-19T08:00:38","guid":{"rendered":"http:\/\/egliseenbrianconnais.net\/WordPress3\/?page_id=34456"},"modified":"2025-12-08T14:18:55","modified_gmt":"2025-12-08T13:18:55","slug":"contacts","status":"publish","type":"page","link":"https:\/\/egliseenbrianconnais.net\/WordPress3\/contacts\/","title":{"rendered":"CONTACTS"},"content":{"rendered":"\n<p class=\"has-text-align-center\"><strong>PR\u00caTRES et DIACRES du DOYENN\u00c9 de BRIAN\u00c7ON<\/strong><\/p>\n\n\n\n<figure class=\"wp-block-table alignwide\"><table><tbody><tr><td><strong>Jean-Michel BARDET<\/strong> <strong>&nbsp;<\/strong> <strong>Cur\u00e9 des Paroisses catholiques des Hautes Vall\u00e9es<\/strong> <strong>Saint Hippolyte <\/strong><br \/><strong>des Sources Clar\u00e9e-Durance<\/strong> <strong>Notre Dame des Neiges en Brian\u00e7onnais<\/strong> <strong><em>&nbsp;<\/em><\/strong> <br \/><strong><em>Communes de Brian\u00e7on, Villar Saint Pancrace, Cervi\u00e8res, Saint Martin de Queyri\u00e8res,<\/em><\/strong> <br \/><strong><em>Puy Saint Andr\u00e9, Puy Saint Pierre, Montgen\u00e8vre, N\u00e9vache, Val des Pr\u00e9s<\/em><\/strong> <strong><em>&nbsp;<\/em><\/strong><\/td><td><strong>04 92 20 04 10<\/strong><\/td><\/tr><tr><td><strong>Mathieu de WARREN<\/strong> <strong><em>Pr\u00eatre au service du secteur du BRIAN\u00c7ONNAIS<\/em><\/strong> <strong><em>&nbsp;<\/em><\/strong><\/td><td><strong>06 76 68 43 24<\/strong><\/td><\/tr><tr><td><strong>Thierry SAUZAY<\/strong> <strong><em>Pr\u00eatre au service du secteur du BRIAN\u00c7ONNAIS<\/em><\/strong> <strong><em>&nbsp;<\/em><\/strong><\/td><td><strong>https:\/\/www.altispi.fr<\/strong><\/td><\/tr><tr><td><strong>Alexis DABONCOURT<\/strong> <strong><em>Pr\u00eatre au service du secteur du BRIAN\u00c7ONNAIS<\/em><\/strong> <strong><em>&nbsp;<\/em><\/strong><\/td><td><strong>04 92 20 04 10<\/strong><\/td><\/tr><tr><td><strong><em>Doyen du BRIAN\u00c7ONNAIS<\/em><\/strong> <strong>Damien de BEAUMONT<\/strong> <strong>Cur\u00e9 des paroisses des Ecrins<\/strong> <strong>St Vincent <\/strong><br \/><strong>de la Vallouise et&nbsp;St Laurent de Rame<\/strong> <strong><em>&nbsp;<\/em><\/strong> <br \/><strong><em>Communes de l\u2019Argenti\u00e8res, Vallouise, Les Vigneaux, Pelvoux, Puy Saint Vincent,<\/em><\/strong> <strong><em>La Roche <\/em><\/strong><br \/><strong><em>de Rame, Champcella, Freissini\u00e8res<\/em><\/strong> <strong><em>&nbsp;<\/em><\/strong><\/td><td><strong>\u00a0<\/strong> <strong>06 49 23 56 59<\/strong><\/td><\/tr><tr><td><strong>Thibaud VARIS<\/strong> <strong>Cur\u00e9 de la paroisse Saint Roch en Guisane<\/strong> <br \/><strong><em>Communes de Saint Chaffrey-Chantemerle, La Salle les Alpes-Le Bez, Le Mon\u00eatier les Bains<\/em><\/strong> <br \/><em>Aum\u00f4nier d\u00e9partemental des Sapeurs &#8211; Pompiers<\/em> <strong><em>&nbsp;<\/em><\/strong><\/td><td><strong>04 92 24 40 44<\/strong> <strong>&nbsp;<\/strong><\/td><\/tr><tr><td><strong>Jean-Pierre MOLLON<\/strong> <strong>Cur\u00e9 de la paroisse Notre Dame de Haute Romanche<\/strong> <br \/><strong><em>Communes de la Grave, Villard d\u2019Ar\u00e8ne <\/em><\/strong> &nbsp;<\/td><td><strong>06 81 18 44 76<\/strong><strong><\/strong><\/td><\/tr><tr><td><strong><u>DIACRES PERMANENTS&nbsp;:<\/u><\/strong> <strong>&nbsp;<\/strong><\/td><td><strong>&nbsp;<\/strong><\/td><\/tr><tr><td><strong>Pierre FERRARIS<\/strong><strong><\/strong> <strong>&nbsp;<\/strong><\/td><td><strong>04 92 21 38 91<\/strong><\/td><\/tr><tr><td><strong>Jean-Marc BEAUSSART<\/strong> <strong>&nbsp;<\/strong><\/td><td><strong>jm.beaussart@orange.fr<\/strong><\/td><\/tr><tr><td><strong>&nbsp;<\/strong> <strong>Hugues CHARDONNET<\/strong> &nbsp;<\/td><td><strong>06 80 88 55 95<\/strong><\/td><\/tr><\/tbody><\/table><\/figure>\n\n\n\n<figure class=\"wp-block-table alignwide\"><table class=\"has-fixed-layout\"><tbody><tr><td class=\"has-text-align-center\" data-align=\"center\"><strong>Maison Paroissiale<\/strong> : 17 rue Alphand 05100 BRIAN\u00c7ON \/ Tel&nbsp;: 04 92 20 04 10<br \/><a href=\"mailto:Paroisse.briancon@diocesedegap.com\">paroisse.briancon@diocesedegap.com<\/a><br \/>Site des paroisses du Brian\u00e7onnais : <a href=\"https:\/\/egliseenbrianconnais.net\/\">https:\/\/egliseenbrianconnais.net<\/a><\/td><\/tr><\/tbody><\/table><\/figure>\n\n\n\n<p class=\"has-text-align-center\">__________________________________________<\/p>\n\n\n\n<p class=\"has-text-align-center\"><strong>STRUCTURE DE LA PAROISSE <\/strong><\/p>\n\n\n\n<figure class=\"wp-block-gallery has-nested-images columns-default is-cropped wp-block-gallery-1 is-layout-flex wp-block-gallery-is-layout-flex\">\n<figure class=\"wp-block-image size-large\"><a href=\"https:\/\/egliseenbrianconnais.net\/WordPress3\/wp-content\/uploads\/2025\/09\/Structiure_Paroissial_2025-P1.jpg\"><img loading=\"lazy\" decoding=\"async\" width=\"1024\" height=\"711\" data-id=\"48855\" src=\"https:\/\/egliseenbrianconnais.net\/WordPress3\/wp-content\/uploads\/2025\/09\/Structiure_Paroissial_2025-P1-1024x711.jpg\" alt=\"\" class=\"wp-image-48855\" srcset=\"https:\/\/egliseenbrianconnais.net\/WordPress3\/wp-content\/uploads\/2025\/09\/Structiure_Paroissial_2025-P1-1024x711.jpg 1024w, https:\/\/egliseenbrianconnais.net\/WordPress3\/wp-content\/uploads\/2025\/09\/Structiure_Paroissial_2025-P1-300x208.jpg 300w, https:\/\/egliseenbrianconnais.net\/WordPress3\/wp-content\/uploads\/2025\/09\/Structiure_Paroissial_2025-P1-768x533.jpg 768w, https:\/\/egliseenbrianconnais.net\/WordPress3\/wp-content\/uploads\/2025\/09\/Structiure_Paroissial_2025-P1-50x35.jpg 50w, https:\/\/egliseenbrianconnais.net\/WordPress3\/wp-content\/uploads\/2025\/09\/Structiure_Paroissial_2025-P1.jpg 1093w\" sizes=\"auto, (max-width: 1024px) 100vw, 1024px\" \/><\/a><\/figure>\n\n\n\n<figure class=\"wp-block-image size-large\"><a href=\"https:\/\/egliseenbrianconnais.net\/WordPress3\/wp-content\/uploads\/2025\/09\/Structiure_Paroissial_2025-P2.jpg\"><img loading=\"lazy\" decoding=\"async\" width=\"1024\" height=\"723\" data-id=\"48856\" src=\"https:\/\/egliseenbrianconnais.net\/WordPress3\/wp-content\/uploads\/2025\/09\/Structiure_Paroissial_2025-P2-1024x723.jpg\" alt=\"\" class=\"wp-image-48856\" srcset=\"https:\/\/egliseenbrianconnais.net\/WordPress3\/wp-content\/uploads\/2025\/09\/Structiure_Paroissial_2025-P2-1024x723.jpg 1024w, https:\/\/egliseenbrianconnais.net\/WordPress3\/wp-content\/uploads\/2025\/09\/Structiure_Paroissial_2025-P2-300x212.jpg 300w, https:\/\/egliseenbrianconnais.net\/WordPress3\/wp-content\/uploads\/2025\/09\/Structiure_Paroissial_2025-P2-768x542.jpg 768w, https:\/\/egliseenbrianconnais.net\/WordPress3\/wp-content\/uploads\/2025\/09\/Structiure_Paroissial_2025-P2-50x35.jpg 50w, https:\/\/egliseenbrianconnais.net\/WordPress3\/wp-content\/uploads\/2025\/09\/Structiure_Paroissial_2025-P2.jpg 1098w\" sizes=\"auto, (max-width: 1024px) 100vw, 1024px\" \/><\/a><\/figure>\n<\/figure>\n\n\n\n<p class=\"has-text-align-center\"><strong><a href=\"https:\/\/egliseenbrianconnais.net\/WordPress3\/wp-content\/uploads\/2025\/09\/Structure_Paroisse_2025.pdf\">Structure Paroisse 2025 : T\u00e9l\u00e9charger<\/a><\/strong><\/p>\n\n\n\n<figure class=\"wp-block-table is-style-stripes\"><table><tbody><tr><td><\/td><td><strong>Associations<\/strong><br \/><strong><a href=\"https:\/\/ccfd-terresolidaire.org\/\">CCFD &#8211; Terre Solidaire<\/a><br \/><a href=\"http:\/\/www.apf.asso.fr\/\">Paralys\u00e9s de France<\/a><br \/><a href=\"https:\/\/www.facebook.com\/Secours.Catholique.Alpes\/\">Secours Catholique<\/a><br \/><a href=\"http:\/\/www.spf05.org\/\">Secours Populaire<\/a><br \/><a href=\"http:\/\/824000.org\/\">82-4000<\/a><\/strong><br \/><\/td><td><\/td><\/tr><tr><td><\/td><td><strong>Documents<br \/><a href=\"https:\/\/www.facebook.com\/paroissebriancon\/\">Facebookparoissebriancon<\/a><\/strong><\/td><td><\/td><\/tr><tr><td><\/td><td><strong>H\u00e9bergement<br \/><a href=\"https:\/\/www.puysaintandre.fr\/projetmunicipal\/la-kimpina\">Kimpina<\/a><\/strong><br \/><strong><br \/>RCF<br \/><a href=\"https:\/\/www.diocesedegap.fr\/rcf\/\">RCF Alpes Provence<\/a><\/strong><br \/><strong><br \/>Tourisme culture<br \/><a href=\"http:\/\/www.ecrins-parcnational.fr\/lien\/office-de-tourisme-de-briancon\">Office du tourisme Brian\u00e7on<\/a><br \/><a href=\"http:\/\/lagrave-lameije.com\/\">Office du tourisme la Grave<\/a><br \/><a href=\"https:\/\/www.claree-tourisme.fr\/fr\/la-claree\/nevache-val-des-pres\/\">Office du tourisme N\u00e9vache<\/a><br \/><a href=\"http:\/\/paysdesecrins.com\/\">Office du tourisme Vallouise<\/a><br \/><a href=\"http:\/\/ecrins-parcnational.fr\/\">Parc National des Ecrins<\/a><\/strong><\/td><td><\/td><\/tr><tr><td><\/td><td><strong>Mail de la Paroisse :<br \/><a href=\"mailto:eglise.brianconnais@orange.fr\">paroisse.briancon@diocesedegap.com<\/a><\/strong><\/td><td><\/td><\/tr><tr><td><\/td><td><strong>AUTRES SITES<\/strong><br \/>Liens de sites pouvant aider \u00e0 vos recherches et rencontres :<br \/><a href=\"http:\/\/www.diocesedegap.fr\/\"><strong>DIOCESE DE GAP ET D&rsquo;EMBRUN<\/strong><\/a><br \/><a href=\"https:\/\/oclocher.app\/organisation\/meI3b2JmflWE3Z10manT\"><strong>SECTEUR PAROISSIAL DES ECRINS<\/strong><\/a><br \/><a href=\"https:\/\/freissinieres-briancon-queyras.epudf.org\/\"><strong>\u00c9GLISE PROTESTANTE UNIE DE FRANCE &#8211; BRIAN\u00c7ON\/QUEYRAS<\/strong><\/a><br \/><a href=\"http:\/\/ecolecarlhianrippert.com\/index2.php?rubrique=1&amp;article=2\"><strong>\u00c9COLE SALESIENNE CARLHIAN RIPPERT A BRIAN\u00c7ON<\/strong><\/a><\/td><td><\/td><\/tr><\/tbody><\/table><\/figure>\n\n\n<div class=\"wp-block-image is-style-default\">\n<figure class=\"aligncenter size-full\"><img decoding=\"async\" src=\"https:\/\/egliseenbrianconnais.net\/WordPress3\/wp-content\/uploads\/2024\/08\/Logo_Accueil.jpg\" alt=\"\" class=\"wp-image-46664\"\/><\/figure>\n<\/div>\n\n\n<p class=\"has-text-align-center has-text-color has-large-font-size\" style=\"color:#013224\"><\/p>\n","protected":false},"excerpt":{"rendered":"<p>PR\u00caTRES et DIACRES du DOYENN\u00c9 de BRIAN\u00c7ON Jean-Michel BARDET &nbsp; Cur\u00e9 des Paroisses catholiques des Hautes Vall\u00e9es Saint Hippolyte des Sources Clar\u00e9e-Durance Notre Dame des Neiges en Brian\u00e7onnais &nbsp; Communes de Brian\u00e7on, Villar Saint Pancrace, Cervi\u00e8res, Saint Martin de Queyri\u00e8res, Puy Saint Andr\u00e9, Puy Saint Pierre, Montgen\u00e8vre, N\u00e9vache, Val des Pr\u00e9s &nbsp; 04 92 20 [&hellip;]<\/p>\n","protected":false},"author":407,"featured_media":0,"parent":0,"menu_order":0,"comment_status":"closed","ping_status":"closed","template":"","meta":{"jetpack_post_was_ever_published":false,"footnotes":""},"class_list":["post-34456","page","type-page","status-publish","hentry"],"yoast_head":"<!-- This site is optimized with the Yoast SEO plugin v27.4 - https:\/\/yoast.com\/product\/yoast-seo-wordpress\/ -->\n<title>CONTACTS - Eglise en Brian\u00e7onnais<\/title>\n<meta name=\"robots\" content=\"index, follow, max-snippet:-1, max-image-preview:large, max-video-preview:-1\" \/>\n<link rel=\"canonical\" href=\"https:\/\/egliseenbrianconnais.net\/WordPress3\/contacts\/\" \/>\n<meta property=\"og:locale\" content=\"fr_FR\" \/>\n<meta property=\"og:type\" content=\"article\" \/>\n<meta property=\"og:title\" content=\"CONTACTS - Eglise en Brian\u00e7onnais\" \/>\n<meta property=\"og:description\" content=\"PR\u00caTRES et DIACRES du DOYENN\u00c9 de BRIAN\u00c7ON Jean-Michel BARDET &nbsp; Cur\u00e9 des Paroisses catholiques des Hautes Vall\u00e9es Saint Hippolyte des Sources Clar\u00e9e-Durance Notre Dame des Neiges en Brian\u00e7onnais &nbsp; Communes de Brian\u00e7on, Villar Saint Pancrace, Cervi\u00e8res, Saint Martin de Queyri\u00e8res, Puy Saint Andr\u00e9, Puy Saint Pierre, Montgen\u00e8vre, N\u00e9vache, Val des Pr\u00e9s &nbsp; 04 92 20 [&hellip;]\" \/>\n<meta property=\"og:url\" content=\"https:\/\/egliseenbrianconnais.net\/WordPress3\/contacts\/\" \/>\n<meta property=\"og:site_name\" content=\"Eglise en Brian\u00e7onnais\" \/>\n<meta property=\"article:modified_time\" content=\"2025-12-08T13:18:55+00:00\" \/>\n<meta property=\"og:image\" content=\"https:\/\/egliseenbrianconnais.net\/WordPress3\/wp-content\/uploads\/2025\/09\/Structiure_Paroissial_2025-P1.jpg\" \/>\n\t<meta property=\"og:image:width\" content=\"1093\" \/>\n\t<meta property=\"og:image:height\" content=\"759\" \/>\n\t<meta property=\"og:image:type\" content=\"image\/jpeg\" \/>\n<meta name=\"twitter:card\" content=\"summary_large_image\" \/>\n<meta name=\"twitter:label1\" content=\"Dur\u00e9e de lecture estim\u00e9e\" \/>\n\t<meta name=\"twitter:data1\" content=\"3 minutes\" \/>\n<script type=\"application\/ld+json\" class=\"yoast-schema-graph\">{\"@context\":\"https:\\\/\\\/schema.org\",\"@graph\":[{\"@type\":\"WebPage\",\"@id\":\"https:\\\/\\\/egliseenbrianconnais.net\\\/WordPress3\\\/contacts\\\/\",\"url\":\"https:\\\/\\\/egliseenbrianconnais.net\\\/WordPress3\\\/contacts\\\/\",\"name\":\"CONTACTS - Eglise en Brian\u00e7onnais\",\"isPartOf\":{\"@id\":\"https:\\\/\\\/egliseenbrianconnais.net\\\/WordPress3\\\/#website\"},\"primaryImageOfPage\":{\"@id\":\"https:\\\/\\\/egliseenbrianconnais.net\\\/WordPress3\\\/contacts\\\/#primaryimage\"},\"image\":{\"@id\":\"https:\\\/\\\/egliseenbrianconnais.net\\\/WordPress3\\\/contacts\\\/#primaryimage\"},\"thumbnailUrl\":\"https:\\\/\\\/egliseenbrianconnais.net\\\/WordPress3\\\/wp-content\\\/uploads\\\/2025\\\/09\\\/Structiure_Paroissial_2025-P1-1024x711.jpg\",\"datePublished\":\"2021-09-19T08:00:38+00:00\",\"dateModified\":\"2025-12-08T13:18:55+00:00\",\"breadcrumb\":{\"@id\":\"https:\\\/\\\/egliseenbrianconnais.net\\\/WordPress3\\\/contacts\\\/#breadcrumb\"},\"inLanguage\":\"fr-FR\",\"potentialAction\":[{\"@type\":\"ReadAction\",\"target\":[\"https:\\\/\\\/egliseenbrianconnais.net\\\/WordPress3\\\/contacts\\\/\"]}]},{\"@type\":\"ImageObject\",\"inLanguage\":\"fr-FR\",\"@id\":\"https:\\\/\\\/egliseenbrianconnais.net\\\/WordPress3\\\/contacts\\\/#primaryimage\",\"url\":\"https:\\\/\\\/egliseenbrianconnais.net\\\/WordPress3\\\/wp-content\\\/uploads\\\/2025\\\/09\\\/Structiure_Paroissial_2025-P1.jpg\",\"contentUrl\":\"https:\\\/\\\/egliseenbrianconnais.net\\\/WordPress3\\\/wp-content\\\/uploads\\\/2025\\\/09\\\/Structiure_Paroissial_2025-P1.jpg\",\"width\":1093,\"height\":759},{\"@type\":\"BreadcrumbList\",\"@id\":\"https:\\\/\\\/egliseenbrianconnais.net\\\/WordPress3\\\/contacts\\\/#breadcrumb\",\"itemListElement\":[{\"@type\":\"ListItem\",\"position\":1,\"name\":\"Accueil\",\"item\":\"https:\\\/\\\/egliseenbrianconnais.net\\\/WordPress3\\\/\"},{\"@type\":\"ListItem\",\"position\":2,\"name\":\"CONTACTS\"}]},{\"@type\":\"WebSite\",\"@id\":\"https:\\\/\\\/egliseenbrianconnais.net\\\/WordPress3\\\/#website\",\"url\":\"https:\\\/\\\/egliseenbrianconnais.net\\\/WordPress3\\\/\",\"name\":\"EgliseenBrian\u00e7onnais\",\"description\":\"BIENVENUE !\",\"publisher\":{\"@id\":\"https:\\\/\\\/egliseenbrianconnais.net\\\/WordPress3\\\/#organization\"},\"potentialAction\":[{\"@type\":\"SearchAction\",\"target\":{\"@type\":\"EntryPoint\",\"urlTemplate\":\"https:\\\/\\\/egliseenbrianconnais.net\\\/WordPress3\\\/?s={search_term_string}\"},\"query-input\":{\"@type\":\"PropertyValueSpecification\",\"valueRequired\":true,\"valueName\":\"search_term_string\"}}],\"inLanguage\":\"fr-FR\"},{\"@type\":\"Organization\",\"@id\":\"https:\\\/\\\/egliseenbrianconnais.net\\\/WordPress3\\\/#organization\",\"name\":\"EgliseenBrian\u00e7onnais\",\"url\":\"https:\\\/\\\/egliseenbrianconnais.net\\\/WordPress3\\\/\",\"logo\":{\"@type\":\"ImageObject\",\"inLanguage\":\"fr-FR\",\"@id\":\"https:\\\/\\\/egliseenbrianconnais.net\\\/WordPress3\\\/#\\\/schema\\\/logo\\\/image\\\/\",\"url\":\"http:\\\/\\\/egliseenbrianconnais.net\\\/WordPress3\\\/wp-content\\\/uploads\\\/2021\\\/09\\\/Logo-Ste-Catherine.jpg\",\"contentUrl\":\"http:\\\/\\\/egliseenbrianconnais.net\\\/WordPress3\\\/wp-content\\\/uploads\\\/2021\\\/09\\\/Logo-Ste-Catherine.jpg\",\"width\":850,\"height\":1417,\"caption\":\"EgliseenBrian\u00e7onnais\"},\"image\":{\"@id\":\"https:\\\/\\\/egliseenbrianconnais.net\\\/WordPress3\\\/#\\\/schema\\\/logo\\\/image\\\/\"}}]}<\/script>\n<!-- \/ Yoast SEO plugin. -->","yoast_head_json":{"title":"CONTACTS - Eglise en Brian\u00e7onnais","robots":{"index":"index","follow":"follow","max-snippet":"max-snippet:-1","max-image-preview":"max-image-preview:large","max-video-preview":"max-video-preview:-1"},"canonical":"https:\/\/egliseenbrianconnais.net\/WordPress3\/contacts\/","og_locale":"fr_FR","og_type":"article","og_title":"CONTACTS - Eglise en Brian\u00e7onnais","og_description":"PR\u00caTRES et DIACRES du DOYENN\u00c9 de BRIAN\u00c7ON Jean-Michel BARDET &nbsp; Cur\u00e9 des Paroisses catholiques des Hautes Vall\u00e9es Saint Hippolyte des Sources Clar\u00e9e-Durance Notre Dame des Neiges en Brian\u00e7onnais &nbsp; Communes de Brian\u00e7on, Villar Saint Pancrace, Cervi\u00e8res, Saint Martin de Queyri\u00e8res, Puy Saint Andr\u00e9, Puy Saint Pierre, Montgen\u00e8vre, N\u00e9vache, Val des Pr\u00e9s &nbsp; 04 92 20 [&hellip;]","og_url":"https:\/\/egliseenbrianconnais.net\/WordPress3\/contacts\/","og_site_name":"Eglise en Brian\u00e7onnais","article_modified_time":"2025-12-08T13:18:55+00:00","og_image":[{"width":1093,"height":759,"url":"https:\/\/egliseenbrianconnais.net\/WordPress3\/wp-content\/uploads\/2025\/09\/Structiure_Paroissial_2025-P1.jpg","type":"image\/jpeg"}],"twitter_card":"summary_large_image","twitter_misc":{"Dur\u00e9e de lecture estim\u00e9e":"3 minutes"},"schema":{"@context":"https:\/\/schema.org","@graph":[{"@type":"WebPage","@id":"https:\/\/egliseenbrianconnais.net\/WordPress3\/contacts\/","url":"https:\/\/egliseenbrianconnais.net\/WordPress3\/contacts\/","name":"CONTACTS - Eglise en Brian\u00e7onnais","isPartOf":{"@id":"https:\/\/egliseenbrianconnais.net\/WordPress3\/#website"},"primaryImageOfPage":{"@id":"https:\/\/egliseenbrianconnais.net\/WordPress3\/contacts\/#primaryimage"},"image":{"@id":"https:\/\/egliseenbrianconnais.net\/WordPress3\/contacts\/#primaryimage"},"thumbnailUrl":"https:\/\/egliseenbrianconnais.net\/WordPress3\/wp-content\/uploads\/2025\/09\/Structiure_Paroissial_2025-P1-1024x711.jpg","datePublished":"2021-09-19T08:00:38+00:00","dateModified":"2025-12-08T13:18:55+00:00","breadcrumb":{"@id":"https:\/\/egliseenbrianconnais.net\/WordPress3\/contacts\/#breadcrumb"},"inLanguage":"fr-FR","potentialAction":[{"@type":"ReadAction","target":["https:\/\/egliseenbrianconnais.net\/WordPress3\/contacts\/"]}]},{"@type":"ImageObject","inLanguage":"fr-FR","@id":"https:\/\/egliseenbrianconnais.net\/WordPress3\/contacts\/#primaryimage","url":"https:\/\/egliseenbrianconnais.net\/WordPress3\/wp-content\/uploads\/2025\/09\/Structiure_Paroissial_2025-P1.jpg","contentUrl":"https:\/\/egliseenbrianconnais.net\/WordPress3\/wp-content\/uploads\/2025\/09\/Structiure_Paroissial_2025-P1.jpg","width":1093,"height":759},{"@type":"BreadcrumbList","@id":"https:\/\/egliseenbrianconnais.net\/WordPress3\/contacts\/#breadcrumb","itemListElement":[{"@type":"ListItem","position":1,"name":"Accueil","item":"https:\/\/egliseenbrianconnais.net\/WordPress3\/"},{"@type":"ListItem","position":2,"name":"CONTACTS"}]},{"@type":"WebSite","@id":"https:\/\/egliseenbrianconnais.net\/WordPress3\/#website","url":"https:\/\/egliseenbrianconnais.net\/WordPress3\/","name":"EgliseenBrian\u00e7onnais","description":"BIENVENUE !","publisher":{"@id":"https:\/\/egliseenbrianconnais.net\/WordPress3\/#organization"},"potentialAction":[{"@type":"SearchAction","target":{"@type":"EntryPoint","urlTemplate":"https:\/\/egliseenbrianconnais.net\/WordPress3\/?s={search_term_string}"},"query-input":{"@type":"PropertyValueSpecification","valueRequired":true,"valueName":"search_term_string"}}],"inLanguage":"fr-FR"},{"@type":"Organization","@id":"https:\/\/egliseenbrianconnais.net\/WordPress3\/#organization","name":"EgliseenBrian\u00e7onnais","url":"https:\/\/egliseenbrianconnais.net\/WordPress3\/","logo":{"@type":"ImageObject","inLanguage":"fr-FR","@id":"https:\/\/egliseenbrianconnais.net\/WordPress3\/#\/schema\/logo\/image\/","url":"http:\/\/egliseenbrianconnais.net\/WordPress3\/wp-content\/uploads\/2021\/09\/Logo-Ste-Catherine.jpg","contentUrl":"http:\/\/egliseenbrianconnais.net\/WordPress3\/wp-content\/uploads\/2021\/09\/Logo-Ste-Catherine.jpg","width":850,"height":1417,"caption":"EgliseenBrian\u00e7onnais"},"image":{"@id":"https:\/\/egliseenbrianconnais.net\/WordPress3\/#\/schema\/logo\/image\/"}}]}},"jetpack_sharing_enabled":true,"_links":{"self":[{"href":"https:\/\/egliseenbrianconnais.net\/WordPress3\/wp-json\/wp\/v2\/pages\/34456","targetHints":{"allow":["GET"]}}],"collection":[{"href":"https:\/\/egliseenbrianconnais.net\/WordPress3\/wp-json\/wp\/v2\/pages"}],"about":[{"href":"https:\/\/egliseenbrianconnais.net\/WordPress3\/wp-json\/wp\/v2\/types\/page"}],"author":[{"embeddable":true,"href":"https:\/\/egliseenbrianconnais.net\/WordPress3\/wp-json\/wp\/v2\/users\/407"}],"replies":[{"embeddable":true,"href":"https:\/\/egliseenbrianconnais.net\/WordPress3\/wp-json\/wp\/v2\/comments?post=34456"}],"version-history":[{"count":28,"href":"https:\/\/egliseenbrianconnais.net\/WordPress3\/wp-json\/wp\/v2\/pages\/34456\/revisions"}],"predecessor-version":[{"id":49385,"href":"https:\/\/egliseenbrianconnais.net\/WordPress3\/wp-json\/wp\/v2\/pages\/34456\/revisions\/49385"}],"wp:attachment":[{"href":"https:\/\/egliseenbrianconnais.net\/WordPress3\/wp-json\/wp\/v2\/media?parent=34456"}],"curies":[{"name":"wp","href":"https:\/\/api.w.org\/{rel}","templated":true}]}}