{"id":33887,"date":"2021-08-20T22:54:14","date_gmt":"2021-08-20T21:54:14","guid":{"rendered":"http:\/\/egliseenbrianconnais.net\/WordPress3\/?page_id=33887"},"modified":"2026-04-03T14:44:37","modified_gmt":"2026-04-03T13:44:37","slug":"edito","status":"publish","type":"page","link":"https:\/\/egliseenbrianconnais.net\/WordPress3\/edito\/","title":{"rendered":"EDITO"},"content":{"rendered":"\n<p class=\"has-small-font-size\"><em>Chaque semaine, un pr\u00eatre du Brian\u00e7onnais propose une r\u00e9flexion dominicale.<\/em><\/p>\n\n\n\n<p class=\"has-background\" style=\"background-color:#d8f6d9\">Semaine du 4 au 12 2026<strong> : \u00ab\u00a0<\/strong>J\u2019aurai d\u00fb accorder au f\u00e9minin, puisqu\u2019elles sont trois chez nous au matin de P\u00e2ques, mais je l\u2019\u00e9tends \u00e0 toute l\u2019Eglise \u00bb &#8230; <a href=\"https:\/\/egliseenbrianconnais.net\/WordPress3\/wp-content\/uploads\/2026\/04\/Semaine-4-12-avril-2026.pdf\" type=\"link\" id=\"https:\/\/egliseenbrianconnais.net\/WordPress3\/wp-content\/uploads\/2026\/04\/Semaine-4-12-avril-2026.pdf\">Lire la suite<\/a>. \u2013 L&rsquo;abb\u00e9 de Warren<\/p>\n\n\n\n<p class=\"has-background\" style=\"background-color:#cae9f6\">Semaine du 28 mars au 6 avril 2026<strong> : \u00ab\u00a0<\/strong>En entrant dans la Semaine Sainte \u00e0 hauteur d\u2019enfant ce jeudi dernier au cat\u00e9, en leur pr\u00e9sentant la succession des jours Saints, nous mesurons combien nous sommes invit\u00e9s \u00e0 suivre le Christ \u00bb &#8230; <a href=\"https:\/\/egliseenbrianconnais.net\/WordPress3\/wp-content\/uploads\/2026\/04\/Semaine-28-mars-6-avril-2026.pdf\" type=\"link\" id=\"https:\/\/egliseenbrianconnais.net\/WordPress3\/wp-content\/uploads\/2026\/04\/Semaine-28-mars-6-avril-2026.pdf\">Lire la suite<\/a>. \u2013 Jean-Michel Bardet, cur\u00e9<\/p>\n\n\n\n<p class=\"has-background\" style=\"background-color:#e4d197\">Semaine du 21 au 29 mars 2026<strong> : \u00ab&nbsp;Dieu veut ouvrir nos tombeaux \u00bb <\/strong>J\u00e9sus est en larmes, ces larmes sont le trop-plein de l\u2019amour de Dieu&nbsp;.&nbsp;&#8230; <a href=\"https:\/\/egliseenbrianconnais.net\/WordPress3\/wp-content\/uploads\/2026\/03\/Semaine-21-29-mars-2026.pdf\" type=\"link\" id=\"https:\/\/egliseenbrianconnais.net\/WordPress3\/wp-content\/uploads\/2026\/03\/Semaine-21-29-mars-2026.pdf\">Lire la suite<\/a>. \u2013 Hugues Chardonnet, diacre<\/p>\n\n\n\n<p class=\"has-background\" style=\"background-color:#f2ea9e\">Semaine du 14 au 22 mars 2026<strong> : \u00ab&nbsp;La vie en rose ! \u00bb <\/strong>Rose&nbsp;: ce mot peut nous faire penser \u00e0 Sainte Th\u00e9r\u00e8se, souvent repr\u00e9sent\u00e9e avec les mains remplies de roses, &nbsp;&#8230; <a href=\"https:\/\/egliseenbrianconnais.net\/WordPress3\/wp-content\/uploads\/2026\/03\/Semaine-14-22-mars-2026.pdf\" type=\"link\" id=\"https:\/\/egliseenbrianconnais.net\/WordPress3\/wp-content\/uploads\/2026\/03\/Semaine-14-22-mars-2026.pdf\">Lire la suite<\/a>. \u2013 P\u00e8re Alexis Daboncourt<\/p>\n\n\n\n<p class=\"has-background\" style=\"background-color:#e3d3ed70\">Semaine du 7 au 15 mars 2026<strong> : \u00ab&nbsp;La paix n\u2019est pas un id\u00e9al lointain&#8230;\u00bb <\/strong>Lorsque nous traitons la paix comme un id\u00e9al lointain, nous finissons par ne plus consid\u00e9rer scandaleux que l\u2019on puisse la nier.&nbsp;&#8230; <a href=\"https:\/\/egliseenbrianconnais.net\/WordPress3\/wp-content\/uploads\/2026\/03\/Semaine-7-15-mars-2026.pdf\" type=\"link\" id=\"https:\/\/egliseenbrianconnais.net\/WordPress3\/wp-content\/uploads\/2026\/03\/Semaine-7-15-mars-2026.pdf\">Lire la suite<\/a>. \u2013 Pape L\u00e9on XIV, Message pour la journ\u00e9e mondiale de la paix<\/p>\n\n\n\n<p class=\"has-background\" style=\"background-color:#d8f6d9\">Semaine du 28 f\u00e9vrier au 8 mars 2026<strong> : \u00ab&nbsp;Transfigur\u00e9s&nbsp;! \u00bb <\/strong>Le Seigneur nous veut transfigur\u00e9s, emplis de sa lumi\u00e8re.&nbsp;&#8230; <a href=\"https:\/\/egliseenbrianconnais.net\/WordPress3\/wp-content\/uploads\/2026\/02\/Semaine-28fev-8mars-2026.pdf\" type=\"link\" id=\"https:\/\/egliseenbrianconnais.net\/WordPress3\/wp-content\/uploads\/2026\/02\/Semaine-28fev-8mars-2026.pdf\">Lire la suite<\/a>. \u2013 L\u2019abb\u00e9 Mathieu<\/p>\n\n\n\n<p class=\"has-background\" style=\"background-color:#cae9f6\">Semaine du 21 f\u00e9vrier au 1<sup>er<\/sup> mars 2026 <strong>: \u00ab&nbsp;Une mise en quarantaine&nbsp;: pour quoi faire&nbsp;?<\/strong> <strong>\u00bb <\/strong>Nous voici entr\u00e9s de plein pied dans notre Car\u00eame&nbsp;&#8230; <a href=\"https:\/\/egliseenbrianconnais.net\/WordPress3\/wp-content\/uploads\/2026\/02\/Semaine-21fev-1mars-2026.pdf\" type=\"link\" id=\"https:\/\/egliseenbrianconnais.net\/WordPress3\/wp-content\/uploads\/2026\/02\/Semaine-21fev-1mars-2026.pdf\">Lire la suite<\/a>. \u2013 <strong>Jean-Michel Bardet, cur\u00e9<\/strong><\/p>\n\n\n\n<p class=\"has-background\" style=\"background-color:#e4d197\"><strong>\u00ab&nbsp;Mais&nbsp;moi je vous dis&nbsp;!&nbsp;\u00bb <\/strong>Encore une fois ce dimanche, J\u00e9sus nous bouscule pour nous propulser dans son royaume&#8230; <a href=\"https:\/\/egliseenbrianconnais.net\/WordPress3\/wp-content\/uploads\/2026\/02\/Semaine-14-22-fev-2026.pdf\" type=\"link\" id=\"https:\/\/egliseenbrianconnais.net\/WordPress3\/wp-content\/uploads\/2026\/02\/Semaine-14-22-fev-2026.pdf\">Lire la suite<\/a>. \u2013 <strong>Hugues<\/strong><\/p>\n\n\n\n<p class=\"has-background\" style=\"background-color:#f2ea9e\">Semaine du 7 au 15 f\u00e9vrier 2026<strong> : \u00ab&nbsp;<\/strong>Vous \u00eates la lumi\u00e8re du monde <strong>\u00bb <\/strong>Depuis 1992, l\u2019\u00c9glise universelle c\u00e9l\u00e8bre tous les 11 f\u00e9vrier, f\u00eate de Notre-Dame de Lourdes, la Journ\u00e9e Mondiale du malade &#8230; <a href=\"https:\/\/egliseenbrianconnais.net\/WordPress3\/wp-content\/uploads\/2026\/02\/Semaine-7-15-fev-2026.pdf\" type=\"link\" id=\"https:\/\/egliseenbrianconnais.net\/WordPress3\/wp-content\/uploads\/2026\/02\/Semaine-7-15-fev-2026.pdf\">Lire la suite<\/a>. \u2013 P\u00e8re<strong> <\/strong>Alexis Daboncourt<\/p>\n\n\n\n<p class=\"has-background\" style=\"background-color:#e1e8e7\">Semaine du 1<sup>er<\/sup> au 8 f\u00e9vrier 2026<strong> : \u00ab&nbsp;<\/strong>La loi du plus faible ! <strong>\u00bb <\/strong>Comment ne pas \u00eatre chaque fois surpris par les textes que nous entendons ce dimanche, particuli\u00e8rement la deuxi\u00e8me lecture &#8230; <a href=\"https:\/\/egliseenbrianconnais.net\/WordPress3\/wp-content\/uploads\/2026\/01\/Semaine-1-8-fev-2026.pdf\" type=\"link\" id=\"https:\/\/egliseenbrianconnais.net\/WordPress3\/wp-content\/uploads\/2026\/01\/Semaine-1-8-fev-2026.pdf\">Lire la suite<\/a>. \u2013 Thierry Sauzay, vicaire<\/p>\n\n\n\n<p class=\"has-background\" style=\"background-color:#d8f6d9\">Semaine du 24 janvier au 1<sup>er<\/sup> f\u00e9vrier 2026<strong> : \u00ab&nbsp;<\/strong>Au travail&nbsp;! <strong>\u00bb <\/strong>J\u00e9sus se met au travail lorsque Jean-Baptiste ne peut plus assurer le sien &#8230;. <a href=\"https:\/\/egliseenbrianconnais.net\/WordPress3\/wp-content\/uploads\/2026\/01\/Semaine-24-janv-1-fev-2026.pdf\" type=\"link\" id=\"https:\/\/egliseenbrianconnais.net\/WordPress3\/wp-content\/uploads\/2026\/01\/Semaine-24-janv-1-fev-2026.pdf\">Lire la suite<\/a>. \u2013 L\u2019abb\u00e9 Mathieu<\/p>\n\n\n\n<p class=\"has-background\" style=\"background-color:#cae9f6\">Semaine du 17 au 25 janvier 2026<strong> : \u00ab&nbsp;2026&nbsp;! Nous voici \u00e0 pied d\u2019\u0153uvre&nbsp;! \u00bb <\/strong>&#8230;. <a href=\"https:\/\/egliseenbrianconnais.net\/WordPress3\/wp-content\/uploads\/2026\/01\/Semaine-17-25-janv-2026.pdf\">Lire la suite<\/a>. \u2013 Jean-Michel Bardet, cur\u00e9<\/p>\n\n\n\n<p class=\"has-background\" style=\"background-color:#e4d197\">Semaine du 10 au 18 janvier 2026<strong> : \u00ab&nbsp;La voix du Dieu cr\u00e9ateur<\/strong> <strong>\u00bb <\/strong>&#8230;. <a href=\"https:\/\/egliseenbrianconnais.net\/WordPress3\/wp-content\/uploads\/2026\/01\/Semaine-10-18-janv-2026.pdf\">lire la suite<\/a>. \u2013 Hugues Chardonnet, diacre<\/p>\n\n\n\n<p class=\"has-background\" style=\"background-color:#f2ea9e\">Semaine du 3 au 11 janvier 2026<strong> : \u00ab&nbsp;<\/strong>Le hasard faisant plus ou moins bien les choses <strong>\u00bb <\/strong>&#8230;. <a href=\"https:\/\/egliseenbrianconnais.net\/WordPress3\/wp-content\/uploads\/2026\/01\/Semaine-3-11-janv-2026.pdf\">lire la suite<\/a>. \u2013 P\u00e8re Alexis Daboncourt<\/p>\n\n\n\n<p class=\"has-background\" style=\"background-color:#d8f6d9\">Semaine du 20 au 28 d\u00e9cembre 2025<strong> : \u00ab&nbsp;Oclocher est parmi nous&nbsp;! \u00bb <\/strong>&#8230;. <a href=\"https:\/\/egliseenbrianconnais.net\/WordPress3\/wp-content\/uploads\/2025\/12\/Semaine-20-28-dec-2025.pdf\">lire la suite<\/a>. \u2013 Abb\u00e9 Mathieu de Warren<\/p>\n\n\n\n<p class=\"has-background\" style=\"background-color:#cae9f6\">Semaine du 13 au 21 d\u00e9cembre 2025<strong> : \u00ab&nbsp;Le pr\u00eatre nouveau est arriv\u00e9&nbsp;! \u00bb <\/strong>&#8230;. <a href=\"https:\/\/egliseenbrianconnais.net\/WordPress3\/wp-content\/uploads\/2025\/12\/Semaine-13-21-dec-2025.pdf\">lire la suite<\/a>. \u2013 Jean-Michel Bardet, cur\u00e9<\/p>\n\n\n\n<p class=\"has-background\" style=\"background-color:#e4d197\">Semaine du 6 au 14 d\u00e9cembre 2025<strong> : \u00ab&nbsp;<\/strong>L\u2019\u00eatre chr\u00e9tien de Jean <strong>\u00bb <\/strong>&#8230;. <a href=\"https:\/\/egliseenbrianconnais.net\/WordPress3\/wp-content\/uploads\/2025\/12\/Semaine-6-14-dec-2025.pdf\">lire la suite<\/a>. \u2013 <strong>Hugues<\/strong><\/p>\n\n\n\n<p class=\"has-background\" style=\"background-color:#f2ea9e\">Semaine du 29 novembre au 7 d\u00e9cembre 2025<strong> : \u00ab&nbsp;<\/strong>L\u2019ann\u00e9e touche \u00e0 sa fin\u2026 en tout cas, notre ann\u00e9e liturgique&nbsp;!<strong>\u00bb <\/strong>&#8230;. <a href=\"https:\/\/egliseenbrianconnais.net\/WordPress3\/wp-content\/uploads\/2025\/11\/Semaine-29-nov-7-dec-2025.pdf\">lire la suite<\/a>. \u2013 P\u00e8re Alexis Daboncourt<\/p>\n\n\n\n<p><\/p>\n","protected":false},"excerpt":{"rendered":"<p>Chaque semaine, un pr\u00eatre du Brian\u00e7onnais propose une r\u00e9flexion dominicale. Semaine du 4 au 12 2026 : \u00ab\u00a0J\u2019aurai d\u00fb accorder au f\u00e9minin, puisqu\u2019elles sont trois chez nous au matin de P\u00e2ques, mais je l\u2019\u00e9tends \u00e0 toute l\u2019Eglise \u00bb &#8230; Lire la suite. \u2013 L&rsquo;abb\u00e9 de Warren Semaine du 28 mars au 6 avril 2026 : [&hellip;]<\/p>\n","protected":false},"author":407,"featured_media":0,"parent":0,"menu_order":0,"comment_status":"closed","ping_status":"closed","template":"","meta":{"jetpack_post_was_ever_published":false,"footnotes":""},"class_list":["post-33887","page","type-page","status-publish","hentry"],"yoast_head":"<!-- This site is optimized with the Yoast SEO plugin v27.4 - https:\/\/yoast.com\/product\/yoast-seo-wordpress\/ -->\n<title>EDITO - Eglise en Brian\u00e7onnais<\/title>\n<meta name=\"robots\" content=\"index, follow, max-snippet:-1, max-image-preview:large, max-video-preview:-1\" \/>\n<link rel=\"canonical\" href=\"https:\/\/egliseenbrianconnais.net\/WordPress3\/edito\/\" \/>\n<meta property=\"og:locale\" content=\"fr_FR\" \/>\n<meta property=\"og:type\" content=\"article\" \/>\n<meta property=\"og:title\" content=\"EDITO - Eglise en Brian\u00e7onnais\" \/>\n<meta property=\"og:description\" content=\"Chaque semaine, un pr\u00eatre du Brian\u00e7onnais propose une r\u00e9flexion dominicale. Semaine du 4 au 12 2026 : \u00ab\u00a0J\u2019aurai d\u00fb accorder au f\u00e9minin, puisqu\u2019elles sont trois chez nous au matin de P\u00e2ques, mais je l\u2019\u00e9tends \u00e0 toute l\u2019Eglise \u00bb &#8230; Lire la suite. \u2013 L&rsquo;abb\u00e9 de Warren Semaine du 28 mars au 6 avril 2026 : [&hellip;]\" \/>\n<meta property=\"og:url\" content=\"https:\/\/egliseenbrianconnais.net\/WordPress3\/edito\/\" \/>\n<meta property=\"og:site_name\" content=\"Eglise en Brian\u00e7onnais\" \/>\n<meta property=\"article:modified_time\" content=\"2026-04-03T13:44:37+00:00\" \/>\n<meta name=\"twitter:card\" content=\"summary_large_image\" \/>\n<meta name=\"twitter:label1\" content=\"Dur\u00e9e de lecture estim\u00e9e\" \/>\n\t<meta name=\"twitter:data1\" content=\"3 minutes\" \/>\n<script type=\"application\/ld+json\" class=\"yoast-schema-graph\">{\"@context\":\"https:\\\/\\\/schema.org\",\"@graph\":[{\"@type\":\"WebPage\",\"@id\":\"https:\\\/\\\/egliseenbrianconnais.net\\\/WordPress3\\\/edito\\\/\",\"url\":\"https:\\\/\\\/egliseenbrianconnais.net\\\/WordPress3\\\/edito\\\/\",\"name\":\"EDITO - Eglise en Brian\u00e7onnais\",\"isPartOf\":{\"@id\":\"https:\\\/\\\/egliseenbrianconnais.net\\\/WordPress3\\\/#website\"},\"datePublished\":\"2021-08-20T21:54:14+00:00\",\"dateModified\":\"2026-04-03T13:44:37+00:00\",\"breadcrumb\":{\"@id\":\"https:\\\/\\\/egliseenbrianconnais.net\\\/WordPress3\\\/edito\\\/#breadcrumb\"},\"inLanguage\":\"fr-FR\",\"potentialAction\":[{\"@type\":\"ReadAction\",\"target\":[\"https:\\\/\\\/egliseenbrianconnais.net\\\/WordPress3\\\/edito\\\/\"]}]},{\"@type\":\"BreadcrumbList\",\"@id\":\"https:\\\/\\\/egliseenbrianconnais.net\\\/WordPress3\\\/edito\\\/#breadcrumb\",\"itemListElement\":[{\"@type\":\"ListItem\",\"position\":1,\"name\":\"Accueil\",\"item\":\"https:\\\/\\\/egliseenbrianconnais.net\\\/WordPress3\\\/\"},{\"@type\":\"ListItem\",\"position\":2,\"name\":\"EDITO\"}]},{\"@type\":\"WebSite\",\"@id\":\"https:\\\/\\\/egliseenbrianconnais.net\\\/WordPress3\\\/#website\",\"url\":\"https:\\\/\\\/egliseenbrianconnais.net\\\/WordPress3\\\/\",\"name\":\"EgliseenBrian\u00e7onnais\",\"description\":\"BIENVENUE !\",\"publisher\":{\"@id\":\"https:\\\/\\\/egliseenbrianconnais.net\\\/WordPress3\\\/#organization\"},\"potentialAction\":[{\"@type\":\"SearchAction\",\"target\":{\"@type\":\"EntryPoint\",\"urlTemplate\":\"https:\\\/\\\/egliseenbrianconnais.net\\\/WordPress3\\\/?s={search_term_string}\"},\"query-input\":{\"@type\":\"PropertyValueSpecification\",\"valueRequired\":true,\"valueName\":\"search_term_string\"}}],\"inLanguage\":\"fr-FR\"},{\"@type\":\"Organization\",\"@id\":\"https:\\\/\\\/egliseenbrianconnais.net\\\/WordPress3\\\/#organization\",\"name\":\"EgliseenBrian\u00e7onnais\",\"url\":\"https:\\\/\\\/egliseenbrianconnais.net\\\/WordPress3\\\/\",\"logo\":{\"@type\":\"ImageObject\",\"inLanguage\":\"fr-FR\",\"@id\":\"https:\\\/\\\/egliseenbrianconnais.net\\\/WordPress3\\\/#\\\/schema\\\/logo\\\/image\\\/\",\"url\":\"http:\\\/\\\/egliseenbrianconnais.net\\\/WordPress3\\\/wp-content\\\/uploads\\\/2021\\\/09\\\/Logo-Ste-Catherine.jpg\",\"contentUrl\":\"http:\\\/\\\/egliseenbrianconnais.net\\\/WordPress3\\\/wp-content\\\/uploads\\\/2021\\\/09\\\/Logo-Ste-Catherine.jpg\",\"width\":850,\"height\":1417,\"caption\":\"EgliseenBrian\u00e7onnais\"},\"image\":{\"@id\":\"https:\\\/\\\/egliseenbrianconnais.net\\\/WordPress3\\\/#\\\/schema\\\/logo\\\/image\\\/\"}}]}<\/script>\n<!-- \/ Yoast SEO plugin. -->","yoast_head_json":{"title":"EDITO - Eglise en Brian\u00e7onnais","robots":{"index":"index","follow":"follow","max-snippet":"max-snippet:-1","max-image-preview":"max-image-preview:large","max-video-preview":"max-video-preview:-1"},"canonical":"https:\/\/egliseenbrianconnais.net\/WordPress3\/edito\/","og_locale":"fr_FR","og_type":"article","og_title":"EDITO - Eglise en Brian\u00e7onnais","og_description":"Chaque semaine, un pr\u00eatre du Brian\u00e7onnais propose une r\u00e9flexion dominicale. Semaine du 4 au 12 2026 : \u00ab\u00a0J\u2019aurai d\u00fb accorder au f\u00e9minin, puisqu\u2019elles sont trois chez nous au matin de P\u00e2ques, mais je l\u2019\u00e9tends \u00e0 toute l\u2019Eglise \u00bb &#8230; Lire la suite. \u2013 L&rsquo;abb\u00e9 de Warren Semaine du 28 mars au 6 avril 2026 : [&hellip;]","og_url":"https:\/\/egliseenbrianconnais.net\/WordPress3\/edito\/","og_site_name":"Eglise en Brian\u00e7onnais","article_modified_time":"2026-04-03T13:44:37+00:00","twitter_card":"summary_large_image","twitter_misc":{"Dur\u00e9e de lecture estim\u00e9e":"3 minutes"},"schema":{"@context":"https:\/\/schema.org","@graph":[{"@type":"WebPage","@id":"https:\/\/egliseenbrianconnais.net\/WordPress3\/edito\/","url":"https:\/\/egliseenbrianconnais.net\/WordPress3\/edito\/","name":"EDITO - Eglise en Brian\u00e7onnais","isPartOf":{"@id":"https:\/\/egliseenbrianconnais.net\/WordPress3\/#website"},"datePublished":"2021-08-20T21:54:14+00:00","dateModified":"2026-04-03T13:44:37+00:00","breadcrumb":{"@id":"https:\/\/egliseenbrianconnais.net\/WordPress3\/edito\/#breadcrumb"},"inLanguage":"fr-FR","potentialAction":[{"@type":"ReadAction","target":["https:\/\/egliseenbrianconnais.net\/WordPress3\/edito\/"]}]},{"@type":"BreadcrumbList","@id":"https:\/\/egliseenbrianconnais.net\/WordPress3\/edito\/#breadcrumb","itemListElement":[{"@type":"ListItem","position":1,"name":"Accueil","item":"https:\/\/egliseenbrianconnais.net\/WordPress3\/"},{"@type":"ListItem","position":2,"name":"EDITO"}]},{"@type":"WebSite","@id":"https:\/\/egliseenbrianconnais.net\/WordPress3\/#website","url":"https:\/\/egliseenbrianconnais.net\/WordPress3\/","name":"EgliseenBrian\u00e7onnais","description":"BIENVENUE !","publisher":{"@id":"https:\/\/egliseenbrianconnais.net\/WordPress3\/#organization"},"potentialAction":[{"@type":"SearchAction","target":{"@type":"EntryPoint","urlTemplate":"https:\/\/egliseenbrianconnais.net\/WordPress3\/?s={search_term_string}"},"query-input":{"@type":"PropertyValueSpecification","valueRequired":true,"valueName":"search_term_string"}}],"inLanguage":"fr-FR"},{"@type":"Organization","@id":"https:\/\/egliseenbrianconnais.net\/WordPress3\/#organization","name":"EgliseenBrian\u00e7onnais","url":"https:\/\/egliseenbrianconnais.net\/WordPress3\/","logo":{"@type":"ImageObject","inLanguage":"fr-FR","@id":"https:\/\/egliseenbrianconnais.net\/WordPress3\/#\/schema\/logo\/image\/","url":"http:\/\/egliseenbrianconnais.net\/WordPress3\/wp-content\/uploads\/2021\/09\/Logo-Ste-Catherine.jpg","contentUrl":"http:\/\/egliseenbrianconnais.net\/WordPress3\/wp-content\/uploads\/2021\/09\/Logo-Ste-Catherine.jpg","width":850,"height":1417,"caption":"EgliseenBrian\u00e7onnais"},"image":{"@id":"https:\/\/egliseenbrianconnais.net\/WordPress3\/#\/schema\/logo\/image\/"}}]}},"jetpack_sharing_enabled":true,"_links":{"self":[{"href":"https:\/\/egliseenbrianconnais.net\/WordPress3\/wp-json\/wp\/v2\/pages\/33887","targetHints":{"allow":["GET"]}}],"collection":[{"href":"https:\/\/egliseenbrianconnais.net\/WordPress3\/wp-json\/wp\/v2\/pages"}],"about":[{"href":"https:\/\/egliseenbrianconnais.net\/WordPress3\/wp-json\/wp\/v2\/types\/page"}],"author":[{"embeddable":true,"href":"https:\/\/egliseenbrianconnais.net\/WordPress3\/wp-json\/wp\/v2\/users\/407"}],"replies":[{"embeddable":true,"href":"https:\/\/egliseenbrianconnais.net\/WordPress3\/wp-json\/wp\/v2\/comments?post=33887"}],"version-history":[{"count":177,"href":"https:\/\/egliseenbrianconnais.net\/WordPress3\/wp-json\/wp\/v2\/pages\/33887\/revisions"}],"predecessor-version":[{"id":50262,"href":"https:\/\/egliseenbrianconnais.net\/WordPress3\/wp-json\/wp\/v2\/pages\/33887\/revisions\/50262"}],"wp:attachment":[{"href":"https:\/\/egliseenbrianconnais.net\/WordPress3\/wp-json\/wp\/v2\/media?parent=33887"}],"curies":[{"name":"wp","href":"https:\/\/api.w.org\/{rel}","templated":true}]}}