{"id":33631,"date":"2021-06-24T00:26:53","date_gmt":"2021-06-23T23:26:53","guid":{"rendered":"http:\/\/egliseenbrianconnais.net\/WordPress3\/?page_id=33631"},"modified":"2026-02-12T08:33:06","modified_gmt":"2026-02-12T07:33:06","slug":"apero-evangile","status":"publish","type":"page","link":"https:\/\/egliseenbrianconnais.net\/WordPress3\/apero-evangile\/","title":{"rendered":"APERO EVANGILE"},"content":{"rendered":"\n<figure class=\"wp-block-image size-full\"><img loading=\"lazy\" decoding=\"async\" width=\"1000\" height=\"666\" src=\"https:\/\/egliseenbrianconnais.net\/WordPress3\/wp-content\/uploads\/2020\/10\/Apero-Evangile.jpg\" alt=\"\" class=\"wp-image-30039\" srcset=\"https:\/\/egliseenbrianconnais.net\/WordPress3\/wp-content\/uploads\/2020\/10\/Apero-Evangile.jpg 1000w, https:\/\/egliseenbrianconnais.net\/WordPress3\/wp-content\/uploads\/2020\/10\/Apero-Evangile-300x200.jpg 300w, https:\/\/egliseenbrianconnais.net\/WordPress3\/wp-content\/uploads\/2020\/10\/Apero-Evangile-768x511.jpg 768w\" sizes=\"auto, (max-width: 1000px) 100vw, 1000px\" \/><\/figure>\n\n\n\n<p class=\"has-text-align-center has-text-color has-medium-font-size\" style=\"color:#a30000\"><strong>APERO EVANGILE<\/strong><\/p>\n\n\n<p style=\"text-align: center;\"><strong>Dates des Prochaines Rencontres \u00e0 Brian\u00e7on :<\/strong><\/p>\n<p style=\"text-align: center;\"><strong>Mardi 14 octobre 2025 : Maison Paroissiale<br \/>Mardi 18 novembre 2025 : 49 Route de Grenoble<br \/>Mardi 9 d\u00e9cembre 2025 : 49 Route de Grenoble<br \/>Mardi 13 janvier 2026 : Maison Paroissiale 17 rue Alphand<br \/>Mardi 10 f\u00e9vrier 2026 : 49 Route de Grenoble<br \/>Mardi 17 mars 2026<br \/>Mardi 28 avril 2026<br \/>Mardi 19 mai 2026<br \/>Mardi 9 juin 2026<\/strong><\/p>\n<p style=\"text-align: center;\"><span style=\"color: #ff0000;\"><strong>Le lieu sera pr\u00e9ciser pour chaque rencontre<br \/>(49 avenue de Grenoble ou Maison Paroissiale)<\/strong><\/span><\/p>\n<p style=\"text-align: center;\"><strong>Th\u00e8me :<\/strong><\/p>\n<p style=\"text-align: center;\"><strong>J\u00e9sus et les femmes<\/strong><\/p>\n<p style=\"text-align: center;\"><span style=\"color: #003fbd;\"><strong>Mardi 17 mars : La dame au parfun &#8211; Luc 7, 36-50\u00a0<\/strong><\/span><\/p>\n<p style=\"text-align: center;\"><strong>Paroisse de Brian\u00e7on<br \/>\u00ab L\u2019\u00e9vangile et du vin \u00bb Ann\u00e9e 2025 \/ 26<\/strong><\/p>\n<p style=\"text-align: center;\"><strong>\u00a0<\/strong><\/p>\n<p><!-- \/wp:post-content --><\/p>\n<p><!-- wp:paragraph --><\/p>\n<p><!-- \/wp:paragraph --><\/p>\n<p><!-- wp:paragraph --><\/p>\n<p><!-- \/wp:paragraph --><\/p>\n<p><!-- wp:table {\"align\":\"wide\"} --><\/p>\n<p><!-- \/wp:table --><\/p>\n<p><!-- wp:image {\"id\":49337,\"sizeSlug\":\"large\",\"linkDestination\":\"media\"} --><\/p>\n<figure class=\"wp-block-image size-large\"><\/figure>\n<p><!-- \/wp:image --><\/p>\n<p><!-- wp:paragraph {\"align\":\"center\"} --><\/p>\n<p style=\"text-align: center;\">\u25ca \u25ca \u25ca \u25ca \u25ca \u25ca \u25ca \u25ca \u25ca \u25ca<\/p>\n<p><!-- \/wp:paragraph --><\/p>\n<p><!-- wp:paragraph --><\/p>\n<p><!-- \/wp:paragraph --><\/p>\n<p><!-- wp:paragraph --><\/p>\n<p><!-- \/wp:paragraph --><\/p>\n<p><!-- wp:table {\"align\":\"wide\"} --><\/p>\n<p><!-- \/wp:table --><\/p>\n<p><!-- \/wp:paragraph --><\/p>\n<p><!-- wp:gallery {\"linkTo\":\"none\"} --><\/p>\n<figure class=\"wp-block-gallery has-nested-images columns-default is-cropped\"><!-- wp:image {\"id\":49346,\"sizeSlug\":\"large\",\"linkDestination\":\"media\"} -->\n<figure class=\"wp-block-image size-large\"><a href=\"https:\/\/egliseenbrianconnais.net\/WordPress3\/wp-content\/uploads\/2025\/12\/82400-Photo-2.jpg\"><img loading=\"lazy\" decoding=\"async\" width=\"1024\" height=\"683\" class=\"wp-image-49346\" src=\"https:\/\/egliseenbrianconnais.net\/WordPress3\/wp-content\/uploads\/2025\/12\/82400-Photo-2-1024x683.jpg\" alt=\"\" srcset=\"https:\/\/egliseenbrianconnais.net\/WordPress3\/wp-content\/uploads\/2025\/12\/82400-Photo-2-1024x683.jpg 1024w, https:\/\/egliseenbrianconnais.net\/WordPress3\/wp-content\/uploads\/2025\/12\/82400-Photo-2-300x200.jpg 300w, https:\/\/egliseenbrianconnais.net\/WordPress3\/wp-content\/uploads\/2025\/12\/82400-Photo-2-768x512.jpg 768w, https:\/\/egliseenbrianconnais.net\/WordPress3\/wp-content\/uploads\/2025\/12\/82400-Photo-2-50x33.jpg 50w, https:\/\/egliseenbrianconnais.net\/WordPress3\/wp-content\/uploads\/2025\/12\/82400-Photo-2-1600x1068.jpg 1600w, https:\/\/egliseenbrianconnais.net\/WordPress3\/wp-content\/uploads\/2025\/12\/82400-Photo-2-1536x1025.jpg 1536w, https:\/\/egliseenbrianconnais.net\/WordPress3\/wp-content\/uploads\/2025\/12\/82400-Photo-2-1200x801.jpg 1200w, https:\/\/egliseenbrianconnais.net\/WordPress3\/wp-content\/uploads\/2025\/12\/82400-Photo-2.jpg 1920w\" sizes=\"auto, (max-width: 1024px) 100vw, 1024px\" \/><\/a><\/figure>\n<p><!-- \/wp:image --><\/p>\n<p><!-- wp:image {\"id\":49347,\"sizeSlug\":\"large\",\"linkDestination\":\"media\"} --><\/p>\n<figure class=\"wp-block-image size-large\"><a href=\"https:\/\/egliseenbrianconnais.net\/WordPress3\/wp-content\/uploads\/2025\/12\/82400-Photo-1.jpg\"><img loading=\"lazy\" decoding=\"async\" width=\"1024\" height=\"683\" class=\"wp-image-49347\" src=\"https:\/\/egliseenbrianconnais.net\/WordPress3\/wp-content\/uploads\/2025\/12\/82400-Photo-1.jpg\" alt=\"\" srcset=\"https:\/\/egliseenbrianconnais.net\/WordPress3\/wp-content\/uploads\/2025\/12\/82400-Photo-1.jpg 1024w, https:\/\/egliseenbrianconnais.net\/WordPress3\/wp-content\/uploads\/2025\/12\/82400-Photo-1-300x200.jpg 300w, https:\/\/egliseenbrianconnais.net\/WordPress3\/wp-content\/uploads\/2025\/12\/82400-Photo-1-768x512.jpg 768w, https:\/\/egliseenbrianconnais.net\/WordPress3\/wp-content\/uploads\/2025\/12\/82400-Photo-1-50x33.jpg 50w\" sizes=\"auto, (max-width: 1024px) 100vw, 1024px\" \/><\/a><\/figure>\n<p><!-- \/wp:image --><\/p>\n<\/figure>\n<p><!-- \/wp:gallery --><\/p>\n<p><!-- wp:paragraph {\"align\":\"center\"} --><\/p>\n<p class=\"has-text-align-center\">82 4000 &#8211; 49 Route de Grenoble 05100 Brian\u00e7on<\/p>\n<p><!-- \/wp:paragraph --><\/p>","protected":false},"excerpt":{"rendered":"<p>APERO EVANGILE Dates des Prochaines Rencontres \u00e0 Brian\u00e7on : Mardi 14 octobre 2025 : Maison ParoissialeMardi 18 novembre 2025 : 49 Route de GrenobleMardi 9 d\u00e9cembre 2025 : 49 Route de GrenobleMardi 13 janvier 2026 : Maison Paroissiale 17 rue AlphandMardi 10 f\u00e9vrier 2026 : 49 Route de GrenobleMardi 17 mars 2026Mardi 28 avril 2026Mardi [&hellip;]<\/p>\n","protected":false},"author":407,"featured_media":0,"parent":0,"menu_order":0,"comment_status":"closed","ping_status":"closed","template":"","meta":{"jetpack_post_was_ever_published":false,"footnotes":""},"class_list":["post-33631","page","type-page","status-publish","hentry"],"yoast_head":"<!-- This site is optimized with the Yoast SEO plugin v27.3 - https:\/\/yoast.com\/product\/yoast-seo-wordpress\/ -->\n<title>APERO EVANGILE - Eglise en Brian\u00e7onnais<\/title>\n<meta name=\"robots\" content=\"index, follow, max-snippet:-1, max-image-preview:large, max-video-preview:-1\" \/>\n<link rel=\"canonical\" href=\"https:\/\/egliseenbrianconnais.net\/WordPress3\/apero-evangile\/\" \/>\n<meta property=\"og:locale\" content=\"fr_FR\" \/>\n<meta property=\"og:type\" content=\"article\" \/>\n<meta property=\"og:title\" content=\"APERO EVANGILE - Eglise en Brian\u00e7onnais\" \/>\n<meta property=\"og:description\" content=\"APERO EVANGILE Dates des Prochaines Rencontres \u00e0 Brian\u00e7on : Mardi 14 octobre 2025 : Maison ParoissialeMardi 18 novembre 2025 : 49 Route de GrenobleMardi 9 d\u00e9cembre 2025 : 49 Route de GrenobleMardi 13 janvier 2026 : Maison Paroissiale 17 rue AlphandMardi 10 f\u00e9vrier 2026 : 49 Route de GrenobleMardi 17 mars 2026Mardi 28 avril 2026Mardi [&hellip;]\" \/>\n<meta property=\"og:url\" content=\"https:\/\/egliseenbrianconnais.net\/WordPress3\/apero-evangile\/\" \/>\n<meta property=\"og:site_name\" content=\"Eglise en Brian\u00e7onnais\" \/>\n<meta property=\"article:modified_time\" content=\"2026-02-12T07:33:06+00:00\" \/>\n<meta property=\"og:image\" content=\"https:\/\/egliseenbrianconnais.net\/WordPress3\/wp-content\/uploads\/2020\/10\/Apero-Evangile.jpg\" \/>\n\t<meta property=\"og:image:width\" content=\"1000\" \/>\n\t<meta property=\"og:image:height\" content=\"666\" \/>\n\t<meta property=\"og:image:type\" content=\"image\/jpeg\" \/>\n<meta name=\"twitter:card\" content=\"summary_large_image\" \/>\n<meta name=\"twitter:label1\" content=\"Dur\u00e9e de lecture estim\u00e9e\" \/>\n\t<meta name=\"twitter:data1\" content=\"2 minutes\" \/>\n<script type=\"application\/ld+json\" class=\"yoast-schema-graph\">{\"@context\":\"https:\\\/\\\/schema.org\",\"@graph\":[{\"@type\":\"WebPage\",\"@id\":\"https:\\\/\\\/egliseenbrianconnais.net\\\/WordPress3\\\/apero-evangile\\\/\",\"url\":\"https:\\\/\\\/egliseenbrianconnais.net\\\/WordPress3\\\/apero-evangile\\\/\",\"name\":\"APERO EVANGILE - Eglise en Brian\u00e7onnais\",\"isPartOf\":{\"@id\":\"https:\\\/\\\/egliseenbrianconnais.net\\\/WordPress3\\\/#website\"},\"primaryImageOfPage\":{\"@id\":\"https:\\\/\\\/egliseenbrianconnais.net\\\/WordPress3\\\/apero-evangile\\\/#primaryimage\"},\"image\":{\"@id\":\"https:\\\/\\\/egliseenbrianconnais.net\\\/WordPress3\\\/apero-evangile\\\/#primaryimage\"},\"thumbnailUrl\":\"https:\\\/\\\/egliseenbrianconnais.net\\\/WordPress3\\\/wp-content\\\/uploads\\\/2020\\\/10\\\/Apero-Evangile.jpg\",\"datePublished\":\"2021-06-23T23:26:53+00:00\",\"dateModified\":\"2026-02-12T07:33:06+00:00\",\"breadcrumb\":{\"@id\":\"https:\\\/\\\/egliseenbrianconnais.net\\\/WordPress3\\\/apero-evangile\\\/#breadcrumb\"},\"inLanguage\":\"fr-FR\",\"potentialAction\":[{\"@type\":\"ReadAction\",\"target\":[\"https:\\\/\\\/egliseenbrianconnais.net\\\/WordPress3\\\/apero-evangile\\\/\"]}]},{\"@type\":\"ImageObject\",\"inLanguage\":\"fr-FR\",\"@id\":\"https:\\\/\\\/egliseenbrianconnais.net\\\/WordPress3\\\/apero-evangile\\\/#primaryimage\",\"url\":\"https:\\\/\\\/egliseenbrianconnais.net\\\/WordPress3\\\/wp-content\\\/uploads\\\/2020\\\/10\\\/Apero-Evangile.jpg\",\"contentUrl\":\"https:\\\/\\\/egliseenbrianconnais.net\\\/WordPress3\\\/wp-content\\\/uploads\\\/2020\\\/10\\\/Apero-Evangile.jpg\",\"width\":1000,\"height\":666},{\"@type\":\"BreadcrumbList\",\"@id\":\"https:\\\/\\\/egliseenbrianconnais.net\\\/WordPress3\\\/apero-evangile\\\/#breadcrumb\",\"itemListElement\":[{\"@type\":\"ListItem\",\"position\":1,\"name\":\"Accueil\",\"item\":\"https:\\\/\\\/egliseenbrianconnais.net\\\/WordPress3\\\/\"},{\"@type\":\"ListItem\",\"position\":2,\"name\":\"APERO EVANGILE\"}]},{\"@type\":\"WebSite\",\"@id\":\"https:\\\/\\\/egliseenbrianconnais.net\\\/WordPress3\\\/#website\",\"url\":\"https:\\\/\\\/egliseenbrianconnais.net\\\/WordPress3\\\/\",\"name\":\"EgliseenBrian\u00e7onnais\",\"description\":\"BIENVENUE !\",\"publisher\":{\"@id\":\"https:\\\/\\\/egliseenbrianconnais.net\\\/WordPress3\\\/#organization\"},\"potentialAction\":[{\"@type\":\"SearchAction\",\"target\":{\"@type\":\"EntryPoint\",\"urlTemplate\":\"https:\\\/\\\/egliseenbrianconnais.net\\\/WordPress3\\\/?s={search_term_string}\"},\"query-input\":{\"@type\":\"PropertyValueSpecification\",\"valueRequired\":true,\"valueName\":\"search_term_string\"}}],\"inLanguage\":\"fr-FR\"},{\"@type\":\"Organization\",\"@id\":\"https:\\\/\\\/egliseenbrianconnais.net\\\/WordPress3\\\/#organization\",\"name\":\"EgliseenBrian\u00e7onnais\",\"url\":\"https:\\\/\\\/egliseenbrianconnais.net\\\/WordPress3\\\/\",\"logo\":{\"@type\":\"ImageObject\",\"inLanguage\":\"fr-FR\",\"@id\":\"https:\\\/\\\/egliseenbrianconnais.net\\\/WordPress3\\\/#\\\/schema\\\/logo\\\/image\\\/\",\"url\":\"http:\\\/\\\/egliseenbrianconnais.net\\\/WordPress3\\\/wp-content\\\/uploads\\\/2021\\\/09\\\/Logo-Ste-Catherine.jpg\",\"contentUrl\":\"http:\\\/\\\/egliseenbrianconnais.net\\\/WordPress3\\\/wp-content\\\/uploads\\\/2021\\\/09\\\/Logo-Ste-Catherine.jpg\",\"width\":850,\"height\":1417,\"caption\":\"EgliseenBrian\u00e7onnais\"},\"image\":{\"@id\":\"https:\\\/\\\/egliseenbrianconnais.net\\\/WordPress3\\\/#\\\/schema\\\/logo\\\/image\\\/\"}}]}<\/script>\n<!-- \/ Yoast SEO plugin. -->","yoast_head_json":{"title":"APERO EVANGILE - Eglise en Brian\u00e7onnais","robots":{"index":"index","follow":"follow","max-snippet":"max-snippet:-1","max-image-preview":"max-image-preview:large","max-video-preview":"max-video-preview:-1"},"canonical":"https:\/\/egliseenbrianconnais.net\/WordPress3\/apero-evangile\/","og_locale":"fr_FR","og_type":"article","og_title":"APERO EVANGILE - Eglise en Brian\u00e7onnais","og_description":"APERO EVANGILE Dates des Prochaines Rencontres \u00e0 Brian\u00e7on : Mardi 14 octobre 2025 : Maison ParoissialeMardi 18 novembre 2025 : 49 Route de GrenobleMardi 9 d\u00e9cembre 2025 : 49 Route de GrenobleMardi 13 janvier 2026 : Maison Paroissiale 17 rue AlphandMardi 10 f\u00e9vrier 2026 : 49 Route de GrenobleMardi 17 mars 2026Mardi 28 avril 2026Mardi [&hellip;]","og_url":"https:\/\/egliseenbrianconnais.net\/WordPress3\/apero-evangile\/","og_site_name":"Eglise en Brian\u00e7onnais","article_modified_time":"2026-02-12T07:33:06+00:00","og_image":[{"width":1000,"height":666,"url":"https:\/\/egliseenbrianconnais.net\/WordPress3\/wp-content\/uploads\/2020\/10\/Apero-Evangile.jpg","type":"image\/jpeg"}],"twitter_card":"summary_large_image","twitter_misc":{"Dur\u00e9e de lecture estim\u00e9e":"2 minutes"},"schema":{"@context":"https:\/\/schema.org","@graph":[{"@type":"WebPage","@id":"https:\/\/egliseenbrianconnais.net\/WordPress3\/apero-evangile\/","url":"https:\/\/egliseenbrianconnais.net\/WordPress3\/apero-evangile\/","name":"APERO EVANGILE - Eglise en Brian\u00e7onnais","isPartOf":{"@id":"https:\/\/egliseenbrianconnais.net\/WordPress3\/#website"},"primaryImageOfPage":{"@id":"https:\/\/egliseenbrianconnais.net\/WordPress3\/apero-evangile\/#primaryimage"},"image":{"@id":"https:\/\/egliseenbrianconnais.net\/WordPress3\/apero-evangile\/#primaryimage"},"thumbnailUrl":"https:\/\/egliseenbrianconnais.net\/WordPress3\/wp-content\/uploads\/2020\/10\/Apero-Evangile.jpg","datePublished":"2021-06-23T23:26:53+00:00","dateModified":"2026-02-12T07:33:06+00:00","breadcrumb":{"@id":"https:\/\/egliseenbrianconnais.net\/WordPress3\/apero-evangile\/#breadcrumb"},"inLanguage":"fr-FR","potentialAction":[{"@type":"ReadAction","target":["https:\/\/egliseenbrianconnais.net\/WordPress3\/apero-evangile\/"]}]},{"@type":"ImageObject","inLanguage":"fr-FR","@id":"https:\/\/egliseenbrianconnais.net\/WordPress3\/apero-evangile\/#primaryimage","url":"https:\/\/egliseenbrianconnais.net\/WordPress3\/wp-content\/uploads\/2020\/10\/Apero-Evangile.jpg","contentUrl":"https:\/\/egliseenbrianconnais.net\/WordPress3\/wp-content\/uploads\/2020\/10\/Apero-Evangile.jpg","width":1000,"height":666},{"@type":"BreadcrumbList","@id":"https:\/\/egliseenbrianconnais.net\/WordPress3\/apero-evangile\/#breadcrumb","itemListElement":[{"@type":"ListItem","position":1,"name":"Accueil","item":"https:\/\/egliseenbrianconnais.net\/WordPress3\/"},{"@type":"ListItem","position":2,"name":"APERO EVANGILE"}]},{"@type":"WebSite","@id":"https:\/\/egliseenbrianconnais.net\/WordPress3\/#website","url":"https:\/\/egliseenbrianconnais.net\/WordPress3\/","name":"EgliseenBrian\u00e7onnais","description":"BIENVENUE !","publisher":{"@id":"https:\/\/egliseenbrianconnais.net\/WordPress3\/#organization"},"potentialAction":[{"@type":"SearchAction","target":{"@type":"EntryPoint","urlTemplate":"https:\/\/egliseenbrianconnais.net\/WordPress3\/?s={search_term_string}"},"query-input":{"@type":"PropertyValueSpecification","valueRequired":true,"valueName":"search_term_string"}}],"inLanguage":"fr-FR"},{"@type":"Organization","@id":"https:\/\/egliseenbrianconnais.net\/WordPress3\/#organization","name":"EgliseenBrian\u00e7onnais","url":"https:\/\/egliseenbrianconnais.net\/WordPress3\/","logo":{"@type":"ImageObject","inLanguage":"fr-FR","@id":"https:\/\/egliseenbrianconnais.net\/WordPress3\/#\/schema\/logo\/image\/","url":"http:\/\/egliseenbrianconnais.net\/WordPress3\/wp-content\/uploads\/2021\/09\/Logo-Ste-Catherine.jpg","contentUrl":"http:\/\/egliseenbrianconnais.net\/WordPress3\/wp-content\/uploads\/2021\/09\/Logo-Ste-Catherine.jpg","width":850,"height":1417,"caption":"EgliseenBrian\u00e7onnais"},"image":{"@id":"https:\/\/egliseenbrianconnais.net\/WordPress3\/#\/schema\/logo\/image\/"}}]}},"jetpack_sharing_enabled":true,"_links":{"self":[{"href":"https:\/\/egliseenbrianconnais.net\/WordPress3\/wp-json\/wp\/v2\/pages\/33631","targetHints":{"allow":["GET"]}}],"collection":[{"href":"https:\/\/egliseenbrianconnais.net\/WordPress3\/wp-json\/wp\/v2\/pages"}],"about":[{"href":"https:\/\/egliseenbrianconnais.net\/WordPress3\/wp-json\/wp\/v2\/types\/page"}],"author":[{"embeddable":true,"href":"https:\/\/egliseenbrianconnais.net\/WordPress3\/wp-json\/wp\/v2\/users\/407"}],"replies":[{"embeddable":true,"href":"https:\/\/egliseenbrianconnais.net\/WordPress3\/wp-json\/wp\/v2\/comments?post=33631"}],"version-history":[{"count":50,"href":"https:\/\/egliseenbrianconnais.net\/WordPress3\/wp-json\/wp\/v2\/pages\/33631\/revisions"}],"predecessor-version":[{"id":49847,"href":"https:\/\/egliseenbrianconnais.net\/WordPress3\/wp-json\/wp\/v2\/pages\/33631\/revisions\/49847"}],"wp:attachment":[{"href":"https:\/\/egliseenbrianconnais.net\/WordPress3\/wp-json\/wp\/v2\/media?parent=33631"}],"curies":[{"name":"wp","href":"https:\/\/api.w.org\/{rel}","templated":true}]}}