{"id":22089,"date":"2018-12-08T09:36:06","date_gmt":"2018-12-08T08:36:06","guid":{"rendered":"http:\/\/egliseenbrianconnais.net\/WordPress3\/?page_id=22089"},"modified":"2025-03-11T09:56:36","modified_gmt":"2025-03-11T08:56:36","slug":"mariage","status":"publish","type":"page","link":"https:\/\/egliseenbrianconnais.net\/WordPress3\/mariage\/","title":{"rendered":"MARIAGE"},"content":{"rendered":"\n<p class=\"has-text-align-center has-text-color has-larger-font-size\" style=\"color:#0e455e\"><strong>Le mariage chr\u00e9tien<\/strong><\/p>\n\n\n\n<p class=\"has-text-align-center\">Homme et femme, nous sommes cr\u00e9\u00e9s \u00e0 l&rsquo;image de Dieu qui aime chacune et chacun d&rsquo;entre nous. Le mariage chr\u00e9tien est le reflet de cet Amour.<br \/><br \/>Vous donner le sacrement de mariage, c&rsquo;est associer \u00e0 votre amour humain l&rsquo;infini de l&rsquo;Amour de Dieu et rendre votre vie de couple plus f\u00e9conde. Cette d\u00e9marche repose sur quatre engagements :<br \/><br \/>\u2022 \u00eatre libre dans votre d\u00e9sir de vous marier,<br \/>\u2022 vous promettre fid\u00e9lit\u00e9 tout au long de votre vie,<br \/>\u2022 accueillir dans votre foyer et \u00e9duquer dans la foi catholique les enfants que vous aurez,<br \/>\u2022 vous engager pour toute votre vie.<br \/><br \/>Cela appelle une pr\u00e9paration.<br \/><br \/><strong>Pr\u00e9parer son mariage<\/strong><br \/><br \/>Un an avant la date pr\u00e9vue, contactez l\u2019\u00c9quipe de Pr\u00e9paration au Mariage rattach\u00e9e \u00e0 votre paroisse ; elle vous accueillera et vous pr\u00e9parera tout au long de ces mois.<br \/><br \/>Ce cheminement comprend des temps d&rsquo;\u00e9change avec le pr\u00eatre ou le diacre qui c\u00e9l\u00e9brera votre mariage, des temps d&rsquo;approfondissement avec d&rsquo;autres fianc\u00e9s et l&rsquo;\u00c9quipe de Pr\u00e9paration au Mariage compos\u00e9e de couples mari\u00e9s et d&rsquo;un pr\u00eatre ou d&rsquo;un diacre.<br \/><br \/>Ce temps de pr\u00e9paration est l&rsquo;occasion de d\u00e9couvrir le visage de l&rsquo;\u00c9glise, \u00e9loign\u00e9 de l&rsquo;image que nous en donnent parfois les m\u00e9dias. Il est \u00e9galement un magnifique cadeau que les fianc\u00e9s se font l&rsquo;un \u00e0 l&rsquo;autre ; il permet d&rsquo;enraciner leur amour dans celui de Dieu.<br \/><br \/><strong>Quelques rep\u00e8res chronologiques pour vivre cette pr\u00e9paration<\/strong><br \/><br \/>\u2022 <strong>Lors de votre prise de contact, <\/strong>\u00e0 l&rsquo;accueil de la Maison Paroissiale, vous recevrez :<br \/>&#8211; <strong>une brochure<\/strong> \u00ab\u00a0Le mariage ? Parlons-en&nbsp;!\u00a0\u00bb dans laquelle vous trouverez de nombreuses pistes de r\u00e9flexion que vous approfondirez entre vous et avec d&rsquo;autres couples, lors des soir\u00e9es de pr\u00e9paration au mariage&nbsp;:<br \/>&nbsp;&#8211; <strong>une fiche d&rsquo;inscription<\/strong> \u00e0 remettre au secr\u00e9tariat paroissial lors de votre rencontre avec la Secr\u00e9taire, avec laquelle vous v\u00e9rifierez la possibilit\u00e9 de la date et du lieu.<br \/>&#8211; <strong>la liste des documents ou information<\/strong>s qu&rsquo;il vous faudra fournir ou indiquer pour constituer le dossier de mariage, ainsi qu&rsquo;un petit quizz pour vous \u00e9veiller aux plaisirs de la vie en couple&#8230;<br \/><br \/>\u2022 <strong>La rencontre au Secr\u00e9tariat<\/strong> se fait sur rendez-vous o\u00f9 vous remettrez les premiers \u00e9l\u00e9ments du dossier administratif de mariage. La Secr\u00e9taire vous renseignera sur les premi\u00e8res rencontres de pr\u00e9paration en vous orientant vers les membres de l&rsquo;Equipe de Pr\u00e9paration : ce sont des chr\u00e9tiens de la Paroisse, heureux de vous accompagner dans votre d\u00e9marche ; ils prendront du temps pour \u00e9changer sur les enjeux de la vie en couple, le sens du mariage \u00e0 l&rsquo;Eglise, les choix de la c\u00e9l\u00e9bration liturgique.<br \/>\u2022 <strong>La rencontre avec les animateurs<\/strong> est habituellement propos\u00e9e sur deux soir\u00e9es.<br \/>\u2022 <strong>La rencontre avec le pr\u00eatre ou le diacre<\/strong> qui pr\u00e9sidera la c\u00e9l\u00e9bration du mariage permet de finaliser le dossier et la c\u00e9l\u00e9bration (au moins deux rencontres)<br \/>\u2022 Vient la C\u00e9l\u00e9bration du Grand Jour !<br \/><br \/><\/p>\n\n\n\n<p class=\"has-small-font-size\"><strong>Renseignements divers (pour les \u00e9glises de Brian\u00e7on en particulier)<\/strong><br \/><br \/>&#8211; Fleurir l&rsquo;\u00e9glise \/ Coll\u00e9giale : Mme BERT &#8211; Ste Catherine : Bernadette Laurens<br \/><br \/>&nbsp;(demander les coordonn\u00e9es t\u00e9l\u00e9phoniques de ces personnes au secr\u00e9tariat)<br \/><br \/>**********<br \/><br \/><br \/><strong>Participation financi\u00e8re<br \/><br \/><\/strong>Une participation de 200 \u20ac est sollicit\u00e9e ; cette somme est une participation aux frais g\u00e9n\u00e9raux de la paroisse : elle peut \u00eatre adapt\u00e9e selon les ressources financi\u00e8res de chacun. Elle peut \u00eatre sup\u00e9rieure pour couvrir la contribution aux frais de ceux qui ont tr\u00e8s peu de moyens. Pour rappel, merci de consid\u00e9rer que les communaut\u00e9s confessionnelles, conform\u00e9ment aux lois r\u00e9publicaines, ne re\u00e7oivent aucune subvention : leurs ressources reposent sur la libre participation de chacun. Le \u00ab\u00a0denier de l&rsquo;\u00e9glise\u00a0\u00bb est \u00e0 ce titre la contribution annuelle des catholiques.<br \/><br \/><\/p>\n\n\n\n<p class=\"has-text-align-left has-small-font-size\"><strong>Liste des \u00e9l\u00e9ments \u00e0 fournir pour votre dossier de mariage<\/strong><br \/><br \/>\u2022 Votre acte de naissance (de moins de trois mois avant la date du mariage).<br \/>\u2022 Si vous \u00eates mari\u00e9s civilement, l&rsquo;acte de mariage d\u00e9livr\u00e9 par la mairie.<br \/>\u2022 Communiquer \u00e0 la secr\u00e9taire le lieu pr\u00e9cis et si possible la date de votre bapt\u00eame. Celle-ci se chargera de demander les actes paroissiaux.<br \/>\u2022 Si vous avez d\u00e9j\u00e0 \u00e9t\u00e9 mari\u00e9 civilement (ou peut-\u00eatre aussi religieusement). D&rsquo;autres documents pourraient vous \u00eatre demand\u00e9s par la suite.<\/p>\n\n\n<div class=\"wp-block-image\">\n<figure class=\"aligncenter size-full is-resized\"><img loading=\"lazy\" decoding=\"async\" width=\"589\" height=\"800\" src=\"https:\/\/egliseenbrianconnais.net\/WordPress3\/wp-content\/uploads\/2023\/10\/image.png\" alt=\"\" class=\"wp-image-44750\" style=\"aspect-ratio:0.73625;width:216px;height:auto\" srcset=\"https:\/\/egliseenbrianconnais.net\/WordPress3\/wp-content\/uploads\/2023\/10\/image.png 589w, https:\/\/egliseenbrianconnais.net\/WordPress3\/wp-content\/uploads\/2023\/10\/image-221x300.png 221w\" sizes=\"auto, (max-width: 589px) 100vw, 589px\" \/><\/figure>\n<\/div>\n\n\n<p class=\"has-text-align-center has-small-font-size\"><br \/><br \/><a href=\"http:\/\/egliseenbrianconnais.net\/WordPress3\/wp-content\/uploads\/2018\/12\/Le-Quizz.pdf\">LE QUIZZ&nbsp;: Download<\/a><br \/><br \/><\/p>\n\n\n\n<div data-wp-interactive=\"core\/file\" class=\"wp-block-file\"><object data-wp-bind--hidden=\"!state.hasPdfPreview\" hidden class=\"wp-block-file__embed\" data=\"https:\/\/egliseenbrianconnais.net\/WordPress3\/wp-content\/uploads\/2025\/03\/Depliant_Mariage_CEF2025.pdf\" type=\"application\/pdf\" style=\"width:100%;height:200px\" aria-label=\"Contenu embarqu\u00e9 Depliant_Mariage_CEF2025.\"><\/object><a id=\"wp-block-file--media-40a71f66-f946-46e9-8cba-48ac0a212296\" href=\"https:\/\/egliseenbrianconnais.net\/WordPress3\/wp-content\/uploads\/2025\/03\/Depliant_Mariage_CEF2025.pdf\">Depliant_Mariage_CEF2025<\/a><a href=\"https:\/\/egliseenbrianconnais.net\/WordPress3\/wp-content\/uploads\/2025\/03\/Depliant_Mariage_CEF2025.pdf\" class=\"wp-block-file__button wp-element-button\" download aria-describedby=\"wp-block-file--media-40a71f66-f946-46e9-8cba-48ac0a212296\">T\u00e9l\u00e9charger<\/a><\/div>\n\n\n\n<p class=\"has-text-align-center\"><br \/>Permanences Accueil Paroisse<\/p>\n\n\n\n<p class=\"has-text-align-center has-small-font-size\"><img loading=\"lazy\" decoding=\"async\" width=\"600\" height=\"138\" class=\"wp-image-47072\" style=\"width: 600px;\" src=\"https:\/\/egliseenbrianconnais.net\/WordPress3\/wp-content\/uploads\/2024\/10\/Horaires-Accueil-2024-.jpg\" alt=\"\" srcset=\"https:\/\/egliseenbrianconnais.net\/WordPress3\/wp-content\/uploads\/2024\/10\/Horaires-Accueil-2024-.jpg 879w, https:\/\/egliseenbrianconnais.net\/WordPress3\/wp-content\/uploads\/2024\/10\/Horaires-Accueil-2024--300x69.jpg 300w, https:\/\/egliseenbrianconnais.net\/WordPress3\/wp-content\/uploads\/2024\/10\/Horaires-Accueil-2024--768x176.jpg 768w, https:\/\/egliseenbrianconnais.net\/WordPress3\/wp-content\/uploads\/2024\/10\/Horaires-Accueil-2024--50x11.jpg 50w\" sizes=\"auto, (max-width: 600px) 100vw, 600px\" \/><\/p>\n\n\n\n<p><\/p>\n","protected":false},"excerpt":{"rendered":"<p>Le mariage chr\u00e9tien Homme et femme, nous sommes cr\u00e9\u00e9s \u00e0 l&rsquo;image de Dieu qui aime chacune et chacun d&rsquo;entre nous. Le mariage chr\u00e9tien est le reflet de cet Amour. Vous donner le sacrement de mariage, c&rsquo;est associer \u00e0 votre amour humain l&rsquo;infini de l&rsquo;Amour de Dieu et rendre votre vie de couple plus f\u00e9conde. Cette [&hellip;]<\/p>\n","protected":false},"author":407,"featured_media":0,"parent":0,"menu_order":0,"comment_status":"closed","ping_status":"closed","template":"","meta":{"jetpack_post_was_ever_published":false,"footnotes":""},"class_list":["post-22089","page","type-page","status-publish","hentry"],"yoast_head":"<!-- This site is optimized with the Yoast SEO plugin v27.3 - https:\/\/yoast.com\/product\/yoast-seo-wordpress\/ -->\n<title>MARIAGE - Eglise en Brian\u00e7onnais<\/title>\n<meta name=\"robots\" content=\"index, follow, max-snippet:-1, max-image-preview:large, max-video-preview:-1\" \/>\n<link rel=\"canonical\" href=\"https:\/\/egliseenbrianconnais.net\/WordPress3\/mariage\/\" \/>\n<meta property=\"og:locale\" content=\"fr_FR\" \/>\n<meta property=\"og:type\" content=\"article\" \/>\n<meta property=\"og:title\" content=\"MARIAGE - Eglise en Brian\u00e7onnais\" \/>\n<meta property=\"og:description\" content=\"Le mariage chr\u00e9tien Homme et femme, nous sommes cr\u00e9\u00e9s \u00e0 l&rsquo;image de Dieu qui aime chacune et chacun d&rsquo;entre nous. Le mariage chr\u00e9tien est le reflet de cet Amour. Vous donner le sacrement de mariage, c&rsquo;est associer \u00e0 votre amour humain l&rsquo;infini de l&rsquo;Amour de Dieu et rendre votre vie de couple plus f\u00e9conde. Cette [&hellip;]\" \/>\n<meta property=\"og:url\" content=\"https:\/\/egliseenbrianconnais.net\/WordPress3\/mariage\/\" \/>\n<meta property=\"og:site_name\" content=\"Eglise en Brian\u00e7onnais\" \/>\n<meta property=\"article:modified_time\" content=\"2025-03-11T08:56:36+00:00\" \/>\n<meta property=\"og:image\" content=\"https:\/\/egliseenbrianconnais.net\/WordPress3\/wp-content\/uploads\/2023\/10\/image.png\" \/>\n\t<meta property=\"og:image:width\" content=\"589\" \/>\n\t<meta property=\"og:image:height\" content=\"800\" \/>\n\t<meta property=\"og:image:type\" content=\"image\/png\" \/>\n<meta name=\"twitter:card\" content=\"summary_large_image\" \/>\n<meta name=\"twitter:label1\" content=\"Dur\u00e9e de lecture estim\u00e9e\" \/>\n\t<meta name=\"twitter:data1\" content=\"4 minutes\" \/>\n<script type=\"application\/ld+json\" class=\"yoast-schema-graph\">{\"@context\":\"https:\\\/\\\/schema.org\",\"@graph\":[{\"@type\":\"WebPage\",\"@id\":\"https:\\\/\\\/egliseenbrianconnais.net\\\/WordPress3\\\/mariage\\\/\",\"url\":\"https:\\\/\\\/egliseenbrianconnais.net\\\/WordPress3\\\/mariage\\\/\",\"name\":\"MARIAGE - Eglise en Brian\u00e7onnais\",\"isPartOf\":{\"@id\":\"https:\\\/\\\/egliseenbrianconnais.net\\\/WordPress3\\\/#website\"},\"primaryImageOfPage\":{\"@id\":\"https:\\\/\\\/egliseenbrianconnais.net\\\/WordPress3\\\/mariage\\\/#primaryimage\"},\"image\":{\"@id\":\"https:\\\/\\\/egliseenbrianconnais.net\\\/WordPress3\\\/mariage\\\/#primaryimage\"},\"thumbnailUrl\":\"https:\\\/\\\/egliseenbrianconnais.net\\\/WordPress3\\\/wp-content\\\/uploads\\\/2023\\\/10\\\/image.png\",\"datePublished\":\"2018-12-08T08:36:06+00:00\",\"dateModified\":\"2025-03-11T08:56:36+00:00\",\"breadcrumb\":{\"@id\":\"https:\\\/\\\/egliseenbrianconnais.net\\\/WordPress3\\\/mariage\\\/#breadcrumb\"},\"inLanguage\":\"fr-FR\",\"potentialAction\":[{\"@type\":\"ReadAction\",\"target\":[\"https:\\\/\\\/egliseenbrianconnais.net\\\/WordPress3\\\/mariage\\\/\"]}]},{\"@type\":\"ImageObject\",\"inLanguage\":\"fr-FR\",\"@id\":\"https:\\\/\\\/egliseenbrianconnais.net\\\/WordPress3\\\/mariage\\\/#primaryimage\",\"url\":\"https:\\\/\\\/egliseenbrianconnais.net\\\/WordPress3\\\/wp-content\\\/uploads\\\/2023\\\/10\\\/image.png\",\"contentUrl\":\"https:\\\/\\\/egliseenbrianconnais.net\\\/WordPress3\\\/wp-content\\\/uploads\\\/2023\\\/10\\\/image.png\",\"width\":589,\"height\":800},{\"@type\":\"BreadcrumbList\",\"@id\":\"https:\\\/\\\/egliseenbrianconnais.net\\\/WordPress3\\\/mariage\\\/#breadcrumb\",\"itemListElement\":[{\"@type\":\"ListItem\",\"position\":1,\"name\":\"Accueil\",\"item\":\"https:\\\/\\\/egliseenbrianconnais.net\\\/WordPress3\\\/\"},{\"@type\":\"ListItem\",\"position\":2,\"name\":\"MARIAGE\"}]},{\"@type\":\"WebSite\",\"@id\":\"https:\\\/\\\/egliseenbrianconnais.net\\\/WordPress3\\\/#website\",\"url\":\"https:\\\/\\\/egliseenbrianconnais.net\\\/WordPress3\\\/\",\"name\":\"EgliseenBrian\u00e7onnais\",\"description\":\"BIENVENUE !\",\"publisher\":{\"@id\":\"https:\\\/\\\/egliseenbrianconnais.net\\\/WordPress3\\\/#organization\"},\"potentialAction\":[{\"@type\":\"SearchAction\",\"target\":{\"@type\":\"EntryPoint\",\"urlTemplate\":\"https:\\\/\\\/egliseenbrianconnais.net\\\/WordPress3\\\/?s={search_term_string}\"},\"query-input\":{\"@type\":\"PropertyValueSpecification\",\"valueRequired\":true,\"valueName\":\"search_term_string\"}}],\"inLanguage\":\"fr-FR\"},{\"@type\":\"Organization\",\"@id\":\"https:\\\/\\\/egliseenbrianconnais.net\\\/WordPress3\\\/#organization\",\"name\":\"EgliseenBrian\u00e7onnais\",\"url\":\"https:\\\/\\\/egliseenbrianconnais.net\\\/WordPress3\\\/\",\"logo\":{\"@type\":\"ImageObject\",\"inLanguage\":\"fr-FR\",\"@id\":\"https:\\\/\\\/egliseenbrianconnais.net\\\/WordPress3\\\/#\\\/schema\\\/logo\\\/image\\\/\",\"url\":\"http:\\\/\\\/egliseenbrianconnais.net\\\/WordPress3\\\/wp-content\\\/uploads\\\/2021\\\/09\\\/Logo-Ste-Catherine.jpg\",\"contentUrl\":\"http:\\\/\\\/egliseenbrianconnais.net\\\/WordPress3\\\/wp-content\\\/uploads\\\/2021\\\/09\\\/Logo-Ste-Catherine.jpg\",\"width\":850,\"height\":1417,\"caption\":\"EgliseenBrian\u00e7onnais\"},\"image\":{\"@id\":\"https:\\\/\\\/egliseenbrianconnais.net\\\/WordPress3\\\/#\\\/schema\\\/logo\\\/image\\\/\"}}]}<\/script>\n<!-- \/ Yoast SEO plugin. -->","yoast_head_json":{"title":"MARIAGE - Eglise en Brian\u00e7onnais","robots":{"index":"index","follow":"follow","max-snippet":"max-snippet:-1","max-image-preview":"max-image-preview:large","max-video-preview":"max-video-preview:-1"},"canonical":"https:\/\/egliseenbrianconnais.net\/WordPress3\/mariage\/","og_locale":"fr_FR","og_type":"article","og_title":"MARIAGE - Eglise en Brian\u00e7onnais","og_description":"Le mariage chr\u00e9tien Homme et femme, nous sommes cr\u00e9\u00e9s \u00e0 l&rsquo;image de Dieu qui aime chacune et chacun d&rsquo;entre nous. Le mariage chr\u00e9tien est le reflet de cet Amour. Vous donner le sacrement de mariage, c&rsquo;est associer \u00e0 votre amour humain l&rsquo;infini de l&rsquo;Amour de Dieu et rendre votre vie de couple plus f\u00e9conde. Cette [&hellip;]","og_url":"https:\/\/egliseenbrianconnais.net\/WordPress3\/mariage\/","og_site_name":"Eglise en Brian\u00e7onnais","article_modified_time":"2025-03-11T08:56:36+00:00","og_image":[{"width":589,"height":800,"url":"https:\/\/egliseenbrianconnais.net\/WordPress3\/wp-content\/uploads\/2023\/10\/image.png","type":"image\/png"}],"twitter_card":"summary_large_image","twitter_misc":{"Dur\u00e9e de lecture estim\u00e9e":"4 minutes"},"schema":{"@context":"https:\/\/schema.org","@graph":[{"@type":"WebPage","@id":"https:\/\/egliseenbrianconnais.net\/WordPress3\/mariage\/","url":"https:\/\/egliseenbrianconnais.net\/WordPress3\/mariage\/","name":"MARIAGE - Eglise en Brian\u00e7onnais","isPartOf":{"@id":"https:\/\/egliseenbrianconnais.net\/WordPress3\/#website"},"primaryImageOfPage":{"@id":"https:\/\/egliseenbrianconnais.net\/WordPress3\/mariage\/#primaryimage"},"image":{"@id":"https:\/\/egliseenbrianconnais.net\/WordPress3\/mariage\/#primaryimage"},"thumbnailUrl":"https:\/\/egliseenbrianconnais.net\/WordPress3\/wp-content\/uploads\/2023\/10\/image.png","datePublished":"2018-12-08T08:36:06+00:00","dateModified":"2025-03-11T08:56:36+00:00","breadcrumb":{"@id":"https:\/\/egliseenbrianconnais.net\/WordPress3\/mariage\/#breadcrumb"},"inLanguage":"fr-FR","potentialAction":[{"@type":"ReadAction","target":["https:\/\/egliseenbrianconnais.net\/WordPress3\/mariage\/"]}]},{"@type":"ImageObject","inLanguage":"fr-FR","@id":"https:\/\/egliseenbrianconnais.net\/WordPress3\/mariage\/#primaryimage","url":"https:\/\/egliseenbrianconnais.net\/WordPress3\/wp-content\/uploads\/2023\/10\/image.png","contentUrl":"https:\/\/egliseenbrianconnais.net\/WordPress3\/wp-content\/uploads\/2023\/10\/image.png","width":589,"height":800},{"@type":"BreadcrumbList","@id":"https:\/\/egliseenbrianconnais.net\/WordPress3\/mariage\/#breadcrumb","itemListElement":[{"@type":"ListItem","position":1,"name":"Accueil","item":"https:\/\/egliseenbrianconnais.net\/WordPress3\/"},{"@type":"ListItem","position":2,"name":"MARIAGE"}]},{"@type":"WebSite","@id":"https:\/\/egliseenbrianconnais.net\/WordPress3\/#website","url":"https:\/\/egliseenbrianconnais.net\/WordPress3\/","name":"EgliseenBrian\u00e7onnais","description":"BIENVENUE !","publisher":{"@id":"https:\/\/egliseenbrianconnais.net\/WordPress3\/#organization"},"potentialAction":[{"@type":"SearchAction","target":{"@type":"EntryPoint","urlTemplate":"https:\/\/egliseenbrianconnais.net\/WordPress3\/?s={search_term_string}"},"query-input":{"@type":"PropertyValueSpecification","valueRequired":true,"valueName":"search_term_string"}}],"inLanguage":"fr-FR"},{"@type":"Organization","@id":"https:\/\/egliseenbrianconnais.net\/WordPress3\/#organization","name":"EgliseenBrian\u00e7onnais","url":"https:\/\/egliseenbrianconnais.net\/WordPress3\/","logo":{"@type":"ImageObject","inLanguage":"fr-FR","@id":"https:\/\/egliseenbrianconnais.net\/WordPress3\/#\/schema\/logo\/image\/","url":"http:\/\/egliseenbrianconnais.net\/WordPress3\/wp-content\/uploads\/2021\/09\/Logo-Ste-Catherine.jpg","contentUrl":"http:\/\/egliseenbrianconnais.net\/WordPress3\/wp-content\/uploads\/2021\/09\/Logo-Ste-Catherine.jpg","width":850,"height":1417,"caption":"EgliseenBrian\u00e7onnais"},"image":{"@id":"https:\/\/egliseenbrianconnais.net\/WordPress3\/#\/schema\/logo\/image\/"}}]}},"jetpack_sharing_enabled":true,"_links":{"self":[{"href":"https:\/\/egliseenbrianconnais.net\/WordPress3\/wp-json\/wp\/v2\/pages\/22089","targetHints":{"allow":["GET"]}}],"collection":[{"href":"https:\/\/egliseenbrianconnais.net\/WordPress3\/wp-json\/wp\/v2\/pages"}],"about":[{"href":"https:\/\/egliseenbrianconnais.net\/WordPress3\/wp-json\/wp\/v2\/types\/page"}],"author":[{"embeddable":true,"href":"https:\/\/egliseenbrianconnais.net\/WordPress3\/wp-json\/wp\/v2\/users\/407"}],"replies":[{"embeddable":true,"href":"https:\/\/egliseenbrianconnais.net\/WordPress3\/wp-json\/wp\/v2\/comments?post=22089"}],"version-history":[{"count":9,"href":"https:\/\/egliseenbrianconnais.net\/WordPress3\/wp-json\/wp\/v2\/pages\/22089\/revisions"}],"predecessor-version":[{"id":47797,"href":"https:\/\/egliseenbrianconnais.net\/WordPress3\/wp-json\/wp\/v2\/pages\/22089\/revisions\/47797"}],"wp:attachment":[{"href":"https:\/\/egliseenbrianconnais.net\/WordPress3\/wp-json\/wp\/v2\/media?parent=22089"}],"curies":[{"name":"wp","href":"https:\/\/api.w.org\/{rel}","templated":true}]}}