{"id":22035,"date":"2018-12-07T21:51:21","date_gmt":"2018-12-07T20:51:21","guid":{"rendered":"http:\/\/egliseenbrianconnais.net\/WordPress3\/?page_id=22035"},"modified":"2026-02-20T23:22:03","modified_gmt":"2026-02-20T22:22:03","slug":"bapteme","status":"publish","type":"page","link":"https:\/\/egliseenbrianconnais.net\/WordPress3\/bapteme\/","title":{"rendered":"BAPT\u00caME"},"content":{"rendered":"\n<p class=\"has-text-align-center\"><strong>CATECHUMENAT \u2013 BAPT\u00caME DES ADULTES<\/strong><br \/><strong>Faire baptiser son enfant<\/strong><\/p>\n\n\n\n<figure class=\"wp-block-table alignwide\"><table class=\"has-fixed-layout\"><tbody><tr><td class=\"has-text-align-left\" data-align=\"left\">Vous d\u00e9sirez faire baptiser votre enfant, soyez les bienvenus !<br \/>Des chr\u00e9tiens de la Paroisse vous expriment leur joie de pr\u00e9parer avec vous ce beau sacrement et vous assurent de leur soutien.<br \/>La pr\u00e9paration sera diff\u00e9rente en fonction de l&rsquo;\u00e2ge de votre enfant.<br \/><br \/><strong>Si votre enfant a moins de deux ans<\/strong>, vous serez invit\u00e9s \u00e0 participer \u00e0 quelques r\u00e9unions. Ces rencontres ont pour but d&rsquo;\u00e9changer sur la demande et la signification du bapt\u00eame ainsi que de pr\u00e9parer la c\u00e9l\u00e9bration. Un pr\u00eatre et des la\u00efcs vous accompagneront dans votre d\u00e9marche.<br \/><br \/><strong>Si votre enfant a entre deux et sept ans,<\/strong> vous serez invit\u00e9s \u00e0 participer \u00e0 la pr\u00e9paration avec votre enfant. Sa dur\u00e9e variera selon son \u00e2ge et une p\u00e9dagogie adapt\u00e9e sera mise en \u0153uvre. Pour que l&rsquo;enfant soit \u00abacteur\u00bb de la c\u00e9l\u00e9bration, il est donc important que lui soient expliqu\u00e9s les rites et la raison pour laquelle toute sa famille est convi\u00e9e. Durant cette pr\u00e9paration, vous pourrez \u00eatre invit\u00e9s \u00e0 des rencontres d&rsquo;\u00e9veil \u00e0 la foi. Vous y rencontrerez d&rsquo;autres parents qui accompagnent leur enfant.<br \/><br \/><strong>Pour les enfants de plus de sept ans<\/strong>, la pr\u00e9paration au bapt\u00eame se fait g\u00e9n\u00e9ralement en lien avec la cat\u00e9ch\u00e8se.<br \/><br \/><strong>Le parrain et la marraine<\/strong><br \/>Un enfant peut avoir un parrain ou une marraine ou les deux. Durant le bapt\u00eame, le parrain est appel\u00e9 \u00e0 professer la foi de l&rsquo;Eglise catholique, il est donc demand\u00e9 que celui-ci soit de confession catholique. Un chr\u00e9tien baptis\u00e9 appartenant \u00e0 une communaut\u00e9 eccl\u00e9siale non catholique sera t\u00e9moin chr\u00e9tien du bapt\u00eame.<br \/><br \/><strong>Quelques rep\u00e8res chronologiques pour vivre cette pr\u00e9paration :<\/strong><br \/><br \/>&#8211; Une fiche d&rsquo;inscription \u00ab\u00a0Renseignements en vue du Bapt\u00eame\u00a0\u00bb vous sera remise lors de votre premi\u00e8re d\u00e9marche. Vous pourrez la remplir sur place ou la remettre d\u00e8s que possible \u00e0 l&rsquo;Accueil de la Maison Paroissiale.<br \/><br \/>&#8211; Lorsque le parrain et la marraine auront \u00e9t\u00e9 choisis, vous leur demanderez de nous fournir un extrait de Bapt\u00eame. Si celui-ci a eu lieu \u00e0 Brian\u00e7on ou dans les villages environnants, nous rechercherons dans les registres. Si l&rsquo;un des deux n&rsquo;est pas baptis\u00e9, il sera alors t\u00e9moin du bapt\u00eame. Le parrain et la marraine sont \u00e2g\u00e9s d&rsquo;au moins 16 ans.<br \/><br \/>&#8211; Vous recevrez une invitation par mail (ou par courrier), avec le parrain et la marraine s&rsquo;ils sont dans le Brian\u00e7onnais, pour participer \u00e0 une rencontre avec les animateurs et d&rsquo;autres familles.<br \/><br \/>&#8211; Une rencontre aura lieu avec le pr\u00eatre ou le diacre qui pr\u00e9sidera la c\u00e9l\u00e9bration du bapt\u00eame afin de finaliser la c\u00e9r\u00e9monie.<br \/><br \/>&#8211; Vient alors la c\u00e9l\u00e9bration du Grand Jour !<br \/><br \/>&#8211; Parall\u00e8lement \u00e0 cette rencontre, vous serez invit\u00e9s \u00e0 venir pr\u00e9senter votre enfant \u00e0 la communaut\u00e9 paroissiale au cours d&rsquo;une \u00ab\u00a0messe dominicale\u00a0\u00bb.<br \/><br \/><br \/>***<br \/><br \/><strong>Le bapt\u00eame \u00e0 l&rsquo;\u00e2ge adulte <\/strong>:<br \/>Un adulte demande le bapt\u00eame\u00a0: l\u2019Eglise lui propose un temps de pr\u00e9paration, un cheminement appel\u00e9 \u00ab\u00a0Cat\u00e9chum\u00e9nat\u00a0\u00bb, pendant lequel il va d\u00e9couvrir l\u2019enseignement de J\u00e9sus, la relation \u00e0 Dieu dans la pri\u00e8re, la vie en Eglise.<\/td><\/tr><\/tbody><\/table><\/figure>\n\n\n\n<p class=\"has-text-align-center has-normal-font-size\"><\/p>\n\n\n\n<p class=\"has-text-align-center has-normal-font-size\">***<\/p>\n\n\n<div class=\"wp-block-image\">\n<figure class=\"aligncenter\"><img loading=\"lazy\" decoding=\"async\" width=\"219\" height=\"317\" src=\"http:\/\/egliseenbrianconnais.net\/WordPress3\/wp-content\/uploads\/2018\/12\/Christ.jpg\" alt=\"\" class=\"wp-image-22138\" srcset=\"https:\/\/egliseenbrianconnais.net\/WordPress3\/wp-content\/uploads\/2018\/12\/Christ.jpg 219w, https:\/\/egliseenbrianconnais.net\/WordPress3\/wp-content\/uploads\/2018\/12\/Christ-207x300.jpg 207w\" sizes=\"auto, (max-width: 219px) 100vw, 219px\" \/><\/figure>\n<\/div>\n\n\n<p class=\"has-text-align-center has-small-font-size\">***<\/p>\n\n\n\n<p class=\"has-text-align-center has-normal-font-size\"><strong>Participation financi\u00e8re<\/strong><\/p>\n\n\n\n<p class=\"has-text-align-left has-normal-font-size\">Une participation de 50 \u20ac est sollicit\u00e9e. Cette somme est une participation aux frais g\u00e9n\u00e9raux de la Paroisse. Elle peut \u00eatre adapt\u00e9e selon les ressources financi\u00e8res de chacun. Elle peut \u00eatre sup\u00e9rieure pour couvrir la contribution aux frais de ceux qui ont tr\u00e8s peu de moyens. Pour rappel, merci de consid\u00e9rer que les communaut\u00e9s confessionnelles, conform\u00e9ment aux lois r\u00e9publicaines, ne re\u00e7oivent aucune subvention. Leurs ressources reposent sur la libre participation de chacun. Le \u00ab\u00a0Denier de l&rsquo;Eglise\u00a0\u00bb est \u00e0 ce titre la contribution annuelle des Catholiques.<\/p>\n\n\n\n<p class=\"has-text-align-center has-small-font-size\"><br \/><\/p>\n\n\n\n<p class=\"has-text-align-center\">&#x2666;&nbsp; &nbsp;&#x2666;&nbsp; &nbsp;&#x2666;<\/p>\n\n\n\n<p class=\"has-text-align-center\">Prendre contact avec la paroisse <\/p>\n\n\n\n<p class=\"has-text-align-center\"><br \/><strong>Mail&nbsp;: <\/strong><a href=\"mailto:paroissedebriancon@orange.fr\"><strong>paroisse.briancon@diocesedegap.com<\/strong><\/a><\/p>\n\n\n\n<figure class=\"wp-block-table aligncenter\"><table class=\"has-fixed-layout\"><tbody><tr><td class=\"has-text-align-center\" data-align=\"center\"><img loading=\"lazy\" decoding=\"async\" width=\"600\" height=\"138\" class=\"wp-image-47072\" style=\"width: 600px;\" src=\"https:\/\/egliseenbrianconnais.net\/WordPress3\/wp-content\/uploads\/2024\/10\/Horaires-Accueil-2024-.jpg\" alt=\"\" srcset=\"https:\/\/egliseenbrianconnais.net\/WordPress3\/wp-content\/uploads\/2024\/10\/Horaires-Accueil-2024-.jpg 879w, https:\/\/egliseenbrianconnais.net\/WordPress3\/wp-content\/uploads\/2024\/10\/Horaires-Accueil-2024--300x69.jpg 300w, https:\/\/egliseenbrianconnais.net\/WordPress3\/wp-content\/uploads\/2024\/10\/Horaires-Accueil-2024--768x176.jpg 768w, https:\/\/egliseenbrianconnais.net\/WordPress3\/wp-content\/uploads\/2024\/10\/Horaires-Accueil-2024--50x11.jpg 50w\" sizes=\"auto, (max-width: 600px) 100vw, 600px\" \/><\/td><\/tr><\/tbody><\/table><\/figure>\n\n\n\n<p class=\"has-text-align-center\"><\/p>\n\n\n\n<div data-wp-interactive=\"core\/file\" class=\"wp-block-file\"><object data-wp-bind--hidden=\"!state.hasPdfPreview\" hidden class=\"wp-block-file__embed\" data=\"https:\/\/egliseenbrianconnais.net\/WordPress3\/wp-content\/uploads\/2025\/03\/Depliant_Bapteme_CEF2025.pdf\" type=\"application\/pdf\" style=\"width:100%;height:200px\" aria-label=\"Contenu embarqu\u00e9 Depliant_Bapteme_CEF2025.\"><\/object><a id=\"wp-block-file--media-21fc9dcf-141e-49c4-aba2-38865198cfde\" href=\"https:\/\/egliseenbrianconnais.net\/WordPress3\/wp-content\/uploads\/2025\/03\/Depliant_Bapteme_CEF2025.pdf\">Depliant_Bapteme_CEF2025<\/a><a href=\"https:\/\/egliseenbrianconnais.net\/WordPress3\/wp-content\/uploads\/2025\/03\/Depliant_Bapteme_CEF2025.pdf\" class=\"wp-block-file__button wp-element-button\" download aria-describedby=\"wp-block-file--media-21fc9dcf-141e-49c4-aba2-38865198cfde\">T\u00e9l\u00e9charger<\/a><\/div>\n\n\n\n<p class=\"has-text-align-center\">************<\/p>\n\n\n\n<div data-wp-interactive=\"core\/file\" class=\"wp-block-file\"><object data-wp-bind--hidden=\"!state.hasPdfPreview\" hidden class=\"wp-block-file__embed\" data=\"https:\/\/egliseenbrianconnais.net\/WordPress3\/wp-content\/uploads\/2025\/09\/Depliant_Bapteme_Adultes_CEF2025.pdf\" type=\"application\/pdf\" style=\"width:100%;height:200px\" aria-label=\"Contenu embarqu\u00e9 Depliant_Bapteme_Adultes_CEF2025.\"><\/object><a id=\"wp-block-file--media-776fdd47-8197-451e-a35f-14a546b26681\" href=\"https:\/\/egliseenbrianconnais.net\/WordPress3\/wp-content\/uploads\/2025\/09\/Depliant_Bapteme_Adultes_CEF2025.pdf\">Depliant_Bapteme_Adultes_CEF2025<\/a><a href=\"https:\/\/egliseenbrianconnais.net\/WordPress3\/wp-content\/uploads\/2025\/09\/Depliant_Bapteme_Adultes_CEF2025.pdf\" class=\"wp-block-file__button wp-element-button\" download aria-describedby=\"wp-block-file--media-776fdd47-8197-451e-a35f-14a546b26681\">T\u00e9l\u00e9charger<\/a><\/div>\n","protected":false},"excerpt":{"rendered":"<p>CATECHUMENAT \u2013 BAPT\u00caME DES ADULTESFaire baptiser son enfant Vous d\u00e9sirez faire baptiser votre enfant, soyez les bienvenus !Des chr\u00e9tiens de la Paroisse vous expriment leur joie de pr\u00e9parer avec vous ce beau sacrement et vous assurent de leur soutien.La pr\u00e9paration sera diff\u00e9rente en fonction de l&rsquo;\u00e2ge de votre enfant. Si votre enfant a moins de [&hellip;]<\/p>\n","protected":false},"author":407,"featured_media":0,"parent":0,"menu_order":0,"comment_status":"closed","ping_status":"closed","template":"templates\/template-full-width.php","meta":{"jetpack_post_was_ever_published":false,"footnotes":""},"class_list":["post-22035","page","type-page","status-publish","hentry"],"yoast_head":"<!-- This site is optimized with the Yoast SEO plugin v27.4 - https:\/\/yoast.com\/product\/yoast-seo-wordpress\/ -->\n<title>BAPT\u00caME - Eglise en Brian\u00e7onnais<\/title>\n<meta name=\"robots\" content=\"index, follow, max-snippet:-1, max-image-preview:large, max-video-preview:-1\" \/>\n<link rel=\"canonical\" href=\"https:\/\/egliseenbrianconnais.net\/WordPress3\/bapteme\/\" \/>\n<meta property=\"og:locale\" content=\"fr_FR\" \/>\n<meta property=\"og:type\" content=\"article\" \/>\n<meta property=\"og:title\" content=\"BAPT\u00caME - Eglise en Brian\u00e7onnais\" \/>\n<meta property=\"og:description\" content=\"CATECHUMENAT \u2013 BAPT\u00caME DES ADULTESFaire baptiser son enfant Vous d\u00e9sirez faire baptiser votre enfant, soyez les bienvenus !Des chr\u00e9tiens de la Paroisse vous expriment leur joie de pr\u00e9parer avec vous ce beau sacrement et vous assurent de leur soutien.La pr\u00e9paration sera diff\u00e9rente en fonction de l&rsquo;\u00e2ge de votre enfant. Si votre enfant a moins de [&hellip;]\" \/>\n<meta property=\"og:url\" content=\"https:\/\/egliseenbrianconnais.net\/WordPress3\/bapteme\/\" \/>\n<meta property=\"og:site_name\" content=\"Eglise en Brian\u00e7onnais\" \/>\n<meta property=\"article:modified_time\" content=\"2026-02-20T22:22:03+00:00\" \/>\n<meta property=\"og:image\" content=\"https:\/\/egliseenbrianconnais.net\/WordPress3\/wp-content\/uploads\/2018\/12\/Christ.jpg\" \/>\n\t<meta property=\"og:image:width\" content=\"219\" \/>\n\t<meta property=\"og:image:height\" content=\"317\" \/>\n\t<meta property=\"og:image:type\" content=\"image\/jpeg\" \/>\n<meta name=\"twitter:card\" content=\"summary_large_image\" \/>\n<meta name=\"twitter:label1\" content=\"Dur\u00e9e de lecture estim\u00e9e\" \/>\n\t<meta name=\"twitter:data1\" content=\"4 minutes\" \/>\n<script type=\"application\/ld+json\" class=\"yoast-schema-graph\">{\"@context\":\"https:\\\/\\\/schema.org\",\"@graph\":[{\"@type\":\"WebPage\",\"@id\":\"https:\\\/\\\/egliseenbrianconnais.net\\\/WordPress3\\\/bapteme\\\/\",\"url\":\"https:\\\/\\\/egliseenbrianconnais.net\\\/WordPress3\\\/bapteme\\\/\",\"name\":\"BAPT\u00caME - Eglise en Brian\u00e7onnais\",\"isPartOf\":{\"@id\":\"https:\\\/\\\/egliseenbrianconnais.net\\\/WordPress3\\\/#website\"},\"primaryImageOfPage\":{\"@id\":\"https:\\\/\\\/egliseenbrianconnais.net\\\/WordPress3\\\/bapteme\\\/#primaryimage\"},\"image\":{\"@id\":\"https:\\\/\\\/egliseenbrianconnais.net\\\/WordPress3\\\/bapteme\\\/#primaryimage\"},\"thumbnailUrl\":\"http:\\\/\\\/egliseenbrianconnais.net\\\/WordPress3\\\/wp-content\\\/uploads\\\/2018\\\/12\\\/Christ.jpg\",\"datePublished\":\"2018-12-07T20:51:21+00:00\",\"dateModified\":\"2026-02-20T22:22:03+00:00\",\"breadcrumb\":{\"@id\":\"https:\\\/\\\/egliseenbrianconnais.net\\\/WordPress3\\\/bapteme\\\/#breadcrumb\"},\"inLanguage\":\"fr-FR\",\"potentialAction\":[{\"@type\":\"ReadAction\",\"target\":[\"https:\\\/\\\/egliseenbrianconnais.net\\\/WordPress3\\\/bapteme\\\/\"]}]},{\"@type\":\"ImageObject\",\"inLanguage\":\"fr-FR\",\"@id\":\"https:\\\/\\\/egliseenbrianconnais.net\\\/WordPress3\\\/bapteme\\\/#primaryimage\",\"url\":\"https:\\\/\\\/egliseenbrianconnais.net\\\/WordPress3\\\/wp-content\\\/uploads\\\/2018\\\/12\\\/Christ.jpg\",\"contentUrl\":\"https:\\\/\\\/egliseenbrianconnais.net\\\/WordPress3\\\/wp-content\\\/uploads\\\/2018\\\/12\\\/Christ.jpg\",\"width\":219,\"height\":317},{\"@type\":\"BreadcrumbList\",\"@id\":\"https:\\\/\\\/egliseenbrianconnais.net\\\/WordPress3\\\/bapteme\\\/#breadcrumb\",\"itemListElement\":[{\"@type\":\"ListItem\",\"position\":1,\"name\":\"Accueil\",\"item\":\"https:\\\/\\\/egliseenbrianconnais.net\\\/WordPress3\\\/\"},{\"@type\":\"ListItem\",\"position\":2,\"name\":\"BAPT\u00caME\"}]},{\"@type\":\"WebSite\",\"@id\":\"https:\\\/\\\/egliseenbrianconnais.net\\\/WordPress3\\\/#website\",\"url\":\"https:\\\/\\\/egliseenbrianconnais.net\\\/WordPress3\\\/\",\"name\":\"EgliseenBrian\u00e7onnais\",\"description\":\"BIENVENUE !\",\"publisher\":{\"@id\":\"https:\\\/\\\/egliseenbrianconnais.net\\\/WordPress3\\\/#organization\"},\"potentialAction\":[{\"@type\":\"SearchAction\",\"target\":{\"@type\":\"EntryPoint\",\"urlTemplate\":\"https:\\\/\\\/egliseenbrianconnais.net\\\/WordPress3\\\/?s={search_term_string}\"},\"query-input\":{\"@type\":\"PropertyValueSpecification\",\"valueRequired\":true,\"valueName\":\"search_term_string\"}}],\"inLanguage\":\"fr-FR\"},{\"@type\":\"Organization\",\"@id\":\"https:\\\/\\\/egliseenbrianconnais.net\\\/WordPress3\\\/#organization\",\"name\":\"EgliseenBrian\u00e7onnais\",\"url\":\"https:\\\/\\\/egliseenbrianconnais.net\\\/WordPress3\\\/\",\"logo\":{\"@type\":\"ImageObject\",\"inLanguage\":\"fr-FR\",\"@id\":\"https:\\\/\\\/egliseenbrianconnais.net\\\/WordPress3\\\/#\\\/schema\\\/logo\\\/image\\\/\",\"url\":\"http:\\\/\\\/egliseenbrianconnais.net\\\/WordPress3\\\/wp-content\\\/uploads\\\/2021\\\/09\\\/Logo-Ste-Catherine.jpg\",\"contentUrl\":\"http:\\\/\\\/egliseenbrianconnais.net\\\/WordPress3\\\/wp-content\\\/uploads\\\/2021\\\/09\\\/Logo-Ste-Catherine.jpg\",\"width\":850,\"height\":1417,\"caption\":\"EgliseenBrian\u00e7onnais\"},\"image\":{\"@id\":\"https:\\\/\\\/egliseenbrianconnais.net\\\/WordPress3\\\/#\\\/schema\\\/logo\\\/image\\\/\"}}]}<\/script>\n<!-- \/ Yoast SEO plugin. -->","yoast_head_json":{"title":"BAPT\u00caME - Eglise en Brian\u00e7onnais","robots":{"index":"index","follow":"follow","max-snippet":"max-snippet:-1","max-image-preview":"max-image-preview:large","max-video-preview":"max-video-preview:-1"},"canonical":"https:\/\/egliseenbrianconnais.net\/WordPress3\/bapteme\/","og_locale":"fr_FR","og_type":"article","og_title":"BAPT\u00caME - Eglise en Brian\u00e7onnais","og_description":"CATECHUMENAT \u2013 BAPT\u00caME DES ADULTESFaire baptiser son enfant Vous d\u00e9sirez faire baptiser votre enfant, soyez les bienvenus !Des chr\u00e9tiens de la Paroisse vous expriment leur joie de pr\u00e9parer avec vous ce beau sacrement et vous assurent de leur soutien.La pr\u00e9paration sera diff\u00e9rente en fonction de l&rsquo;\u00e2ge de votre enfant. Si votre enfant a moins de [&hellip;]","og_url":"https:\/\/egliseenbrianconnais.net\/WordPress3\/bapteme\/","og_site_name":"Eglise en Brian\u00e7onnais","article_modified_time":"2026-02-20T22:22:03+00:00","og_image":[{"width":219,"height":317,"url":"https:\/\/egliseenbrianconnais.net\/WordPress3\/wp-content\/uploads\/2018\/12\/Christ.jpg","type":"image\/jpeg"}],"twitter_card":"summary_large_image","twitter_misc":{"Dur\u00e9e de lecture estim\u00e9e":"4 minutes"},"schema":{"@context":"https:\/\/schema.org","@graph":[{"@type":"WebPage","@id":"https:\/\/egliseenbrianconnais.net\/WordPress3\/bapteme\/","url":"https:\/\/egliseenbrianconnais.net\/WordPress3\/bapteme\/","name":"BAPT\u00caME - Eglise en Brian\u00e7onnais","isPartOf":{"@id":"https:\/\/egliseenbrianconnais.net\/WordPress3\/#website"},"primaryImageOfPage":{"@id":"https:\/\/egliseenbrianconnais.net\/WordPress3\/bapteme\/#primaryimage"},"image":{"@id":"https:\/\/egliseenbrianconnais.net\/WordPress3\/bapteme\/#primaryimage"},"thumbnailUrl":"http:\/\/egliseenbrianconnais.net\/WordPress3\/wp-content\/uploads\/2018\/12\/Christ.jpg","datePublished":"2018-12-07T20:51:21+00:00","dateModified":"2026-02-20T22:22:03+00:00","breadcrumb":{"@id":"https:\/\/egliseenbrianconnais.net\/WordPress3\/bapteme\/#breadcrumb"},"inLanguage":"fr-FR","potentialAction":[{"@type":"ReadAction","target":["https:\/\/egliseenbrianconnais.net\/WordPress3\/bapteme\/"]}]},{"@type":"ImageObject","inLanguage":"fr-FR","@id":"https:\/\/egliseenbrianconnais.net\/WordPress3\/bapteme\/#primaryimage","url":"https:\/\/egliseenbrianconnais.net\/WordPress3\/wp-content\/uploads\/2018\/12\/Christ.jpg","contentUrl":"https:\/\/egliseenbrianconnais.net\/WordPress3\/wp-content\/uploads\/2018\/12\/Christ.jpg","width":219,"height":317},{"@type":"BreadcrumbList","@id":"https:\/\/egliseenbrianconnais.net\/WordPress3\/bapteme\/#breadcrumb","itemListElement":[{"@type":"ListItem","position":1,"name":"Accueil","item":"https:\/\/egliseenbrianconnais.net\/WordPress3\/"},{"@type":"ListItem","position":2,"name":"BAPT\u00caME"}]},{"@type":"WebSite","@id":"https:\/\/egliseenbrianconnais.net\/WordPress3\/#website","url":"https:\/\/egliseenbrianconnais.net\/WordPress3\/","name":"EgliseenBrian\u00e7onnais","description":"BIENVENUE !","publisher":{"@id":"https:\/\/egliseenbrianconnais.net\/WordPress3\/#organization"},"potentialAction":[{"@type":"SearchAction","target":{"@type":"EntryPoint","urlTemplate":"https:\/\/egliseenbrianconnais.net\/WordPress3\/?s={search_term_string}"},"query-input":{"@type":"PropertyValueSpecification","valueRequired":true,"valueName":"search_term_string"}}],"inLanguage":"fr-FR"},{"@type":"Organization","@id":"https:\/\/egliseenbrianconnais.net\/WordPress3\/#organization","name":"EgliseenBrian\u00e7onnais","url":"https:\/\/egliseenbrianconnais.net\/WordPress3\/","logo":{"@type":"ImageObject","inLanguage":"fr-FR","@id":"https:\/\/egliseenbrianconnais.net\/WordPress3\/#\/schema\/logo\/image\/","url":"http:\/\/egliseenbrianconnais.net\/WordPress3\/wp-content\/uploads\/2021\/09\/Logo-Ste-Catherine.jpg","contentUrl":"http:\/\/egliseenbrianconnais.net\/WordPress3\/wp-content\/uploads\/2021\/09\/Logo-Ste-Catherine.jpg","width":850,"height":1417,"caption":"EgliseenBrian\u00e7onnais"},"image":{"@id":"https:\/\/egliseenbrianconnais.net\/WordPress3\/#\/schema\/logo\/image\/"}}]}},"jetpack_sharing_enabled":true,"_links":{"self":[{"href":"https:\/\/egliseenbrianconnais.net\/WordPress3\/wp-json\/wp\/v2\/pages\/22035","targetHints":{"allow":["GET"]}}],"collection":[{"href":"https:\/\/egliseenbrianconnais.net\/WordPress3\/wp-json\/wp\/v2\/pages"}],"about":[{"href":"https:\/\/egliseenbrianconnais.net\/WordPress3\/wp-json\/wp\/v2\/types\/page"}],"author":[{"embeddable":true,"href":"https:\/\/egliseenbrianconnais.net\/WordPress3\/wp-json\/wp\/v2\/users\/407"}],"replies":[{"embeddable":true,"href":"https:\/\/egliseenbrianconnais.net\/WordPress3\/wp-json\/wp\/v2\/comments?post=22035"}],"version-history":[{"count":23,"href":"https:\/\/egliseenbrianconnais.net\/WordPress3\/wp-json\/wp\/v2\/pages\/22035\/revisions"}],"predecessor-version":[{"id":49951,"href":"https:\/\/egliseenbrianconnais.net\/WordPress3\/wp-json\/wp\/v2\/pages\/22035\/revisions\/49951"}],"wp:attachment":[{"href":"https:\/\/egliseenbrianconnais.net\/WordPress3\/wp-json\/wp\/v2\/media?parent=22035"}],"curies":[{"name":"wp","href":"https:\/\/api.w.org\/{rel}","templated":true}]}}