{"id":21932,"date":"2018-12-05T21:55:40","date_gmt":"2018-12-05T20:55:40","guid":{"rendered":"http:\/\/egliseenbrianconnais.net\/WordPress3\/?page_id=21932"},"modified":"2025-03-11T09:58:31","modified_gmt":"2025-03-11T08:58:31","slug":"funerailles","status":"publish","type":"page","link":"https:\/\/egliseenbrianconnais.net\/WordPress3\/funerailles\/","title":{"rendered":"FUNERAILLES"},"content":{"rendered":"<div class=\"wp-block-image\">\n<figure class=\"aligncenter size-full\"><img loading=\"lazy\" decoding=\"async\" width=\"188\" height=\"300\" src=\"https:\/\/egliseenbrianconnais.net\/WordPress3\/wp-content\/uploads\/2023\/10\/image-1.png\" alt=\"\" class=\"wp-image-44755\"\/><\/figure>\n<\/div>\n\n\n<p class=\"has-text-align-right\"><\/p>\n\n\n\n<p class=\"has-text-align-center\"><strong>Pour vivre des fun\u00e9railles chr\u00e9tiennes<\/strong><\/p>\n\n\n\n<p class=\"has-small-font-size\">L&rsquo;accompagnement des familles en deuil est un lieu privil\u00e9gi\u00e9 d&rsquo;\u00e9vang\u00e9lisation pour faire conna\u00eetre, aimer et c\u00e9l\u00e9brer J\u00e9sus Christ. Il nous r\u00e9v\u00e8le, dans l&rsquo;Esprit, l&rsquo;Amour et la tendresse infinie de son P\u00e8re.<br \/><br \/>Il leur est important de pouvoir manifester la pl\u00e9nitude du visage de l&rsquo;Eglise dans l&rsquo;exercice de cette mission, particuli\u00e8rement lors de la c\u00e9l\u00e9bration des fun\u00e9railles. Lorsqu&rsquo;un missionn\u00e9 est amen\u00e9 \u00e0 \u00ab\u00a0guider\u00a0\u00bb une c\u00e9l\u00e9bration, au cours de sa mission pastorale, il est donc invit\u00e9 \u00e0 porter le signe distinctif choisi en Equipe Fun\u00e9railles. Il est absolument souhaitable qu&rsquo;il soit entour\u00e9 de deux ou trois autres fid\u00e8les la\u00efcs afin de rendre visible la prise en charge communautaire de la souffrance de ses fr\u00e8res et s\u0153urs.<\/p>\n\n\n\n<p class=\"has-small-font-size\"><strong>Le 2 novembre (Quelle origine&nbsp;?).<\/strong><br \/>Un document \u2014 \u00ab\u00a0Dans l&rsquo;esp\u00e9rance chr\u00e9tienne C\u00e9l\u00e9bration pour les d\u00e9funts\u00a0\u00bb \u2014 est \u00e0 disposition comme support \u00e0 la pri\u00e8re dirig\u00e9e par les la\u00efcs (le rituel des fun\u00e9railles demeurant le livre en usage pour les ministres ordonn\u00e9s). Pour une sollicitation dans une autre paroisse du Doyenn\u00e9, le missionn\u00e9 a toujours le souci de le faire toujours en accord et en dialogue avec le cur\u00e9 de cette paroisse<\/p>\n\n\n\n<p class=\"has-small-font-size\"><strong>Que vivre avec nos d\u00e9funts ?<\/strong><br \/>\u00ab\u00a0Mamie, tu seras toujours pr\u00e9sente en nos c\u0153urs. \u00a0\u00bb \u00ab\u00a0Papa: dans notre souvenir: tu demeureras vivant \u00e0 jamais.\u00a0\u00bb Il y a peu de fun\u00e9railles o\u00f9 nous n&rsquo;entendions ces expressions ou d&rsquo;autres semblables dans la bouche des proches du d\u00e9funt. Elles expriment l&rsquo;affection et l&rsquo;attachement mutuel profond des personnes. Elles pourront s&rsquo;expliciter dans l&rsquo;Esp\u00e9rance chr\u00e9tienne que nous proclamons lors de la c\u00e9l\u00e9bration des fun\u00e9railles. De quelle pr\u00e9sence s&rsquo;agit-il ? Et de quels souvenirs ? De nombreuses questions se pr\u00e9sentent \u00e0 notre esprit. Demeurer proche de ceux que l&rsquo;on aime est un d\u00e9sir intense du c\u0153ur humain, et la mort vient violenter cette aspiration.<\/p>\n\n\n\n<p class=\"has-small-font-size\"><strong>Y a-t-il la Vie apr\u00e8s la mort ?<\/strong><br \/>La foi chr\u00e9tienne reconna\u00eet en Dieu le Ma\u00eetre de la Vie. L&rsquo;\u00eatre humain ne saurait pas lui-m\u00eame se donner la vie, qui plus est, la Vie \u00e9ternelle. La Vie \u00e9ternelle est relation d&rsquo;amour avec Dieu, et communion entre tous les \u00eatres qui ne cesseront alors jamais de s&rsquo;aimer<\/p>\n\n\n\n<p class=\"has-small-font-size\"><strong>Peut-on communiquer avec les morts ?<\/strong><br \/>Dans notre environnement, des propositions aussi diverses qu&rsquo;incertaines sont avanc\u00e9es par des \u00ab\u00a0m\u00e9diums\u00a0\u00bb, par des associations se proposant de nous mettre en pr\u00e9sence de nos d\u00e9funts. C&rsquo;est notre profond d\u00e9sir de les \u00ab\u00a0garder pr\u00e8s de nous\u00a0\u00bb, mais n&rsquo;est-ce pas les retenir dans le pass\u00e9 r\u00e9volu de nos souvenirs limit\u00e9s ? Grandes et dangereuses peuvent \u00eatre les illusions&#8230; En accueillant dans la foi la Parole et la Pr\u00e9sence de Dieu, nous respectons le cheminement de nos d\u00e9funts. Nous les confions \u00e0 Dieu, s\u00fbrs de la Promesse du salut qu&rsquo;il propose \u00e0 tous. Nous \u00e9vitons de projeter sur eux nos propres r\u00eaves, nos propres projets. Un Amour infini vient alors illuminer nos deuils les plus d\u00e9sesp\u00e9rants : nous proclamons un chemin de vie et d&rsquo;avenir pour celui ou celle que nous pleurons.<\/p>\n\n\n\n<p class=\"has-small-font-size\"><strong>C\u00e9l\u00e9brer les fun\u00e9railles :<\/strong><br \/>Proclamer la Vie et l&rsquo;Esp\u00e9rance. Les fun\u00e9railles chr\u00e9tiennes conjuguent c\u00e9l\u00e9bration de la victoire sur la mort du Christ ressuscit\u00e9, pri\u00e8re pour le d\u00e9funt, consolation et compassion pour la famille et les proches. Elles se d\u00e9roulent en trois temps : &#8211; \u00e0 la maison ou au fun\u00e9rarium sous forme de veill\u00e9e. &#8211; \u00e0 l&rsquo;\u00e9glise pour une c\u00e9l\u00e9bration. &#8211; au cimeti\u00e8re (ou au cr\u00e9matorium).<\/p>\n\n\n\n<p class=\"has-small-font-size\"><strong>La c\u00e9l\u00e9bration : un temps de b\u00e9n\u00e9diction.<\/strong><br \/>\u2022 Qu&rsquo;est-ce que b\u00e9nir ?<br \/>B\u00e9nir, c&rsquo;est dire du bien de quelqu&rsquo;un, de quelque chose. Si la mort n&rsquo;est pas une b\u00e9n\u00e9diction, la c\u00e9l\u00e9bration des fun\u00e9railles en est une dans le sens o\u00f9 l&rsquo;on prend le temps de louer Dieu pour une vie dont lui seul conna\u00eet le myst\u00e8re, de rendre hommage \u00e0 une personne pour le bien qu&rsquo;elle a fait, de b\u00e9nir le corps en signe de respect. C&rsquo;est aussi un moment pour b\u00e9nir Dieu pour le chemin de vie qu&rsquo;il ouvre devant la mort : ce grand passage dans l&rsquo;esp\u00e9rance. Au d\u00e9but de la vie chr\u00e9tienne, les eaux du bapt\u00eame plongent l&rsquo;\u00eatre humain dans la vie de Dieu, le d\u00e9livrent des t\u00e9n\u00e8bres par le pardon, lui donnent d\u00e9j\u00e0 les germes de la r\u00e9surrection. Au terme de l&rsquo;existence, s&rsquo;accomplit cette grande travers\u00e9e de la mort avec le Christ. Il n&rsquo;y a pas de plus grande b\u00e9n\u00e9diction.<\/p>\n\n\n\n<p class=\"has-small-font-size\">A quoi \u00ab\u00a0sert\u00a0\u00bb la messe ?<br \/>La c\u00e9l\u00e9bration de la messe pour les d\u00e9funts ouvre au c\u0153ur de la mort une fen\u00eatre vivifiante : en accueillant la proximit\u00e9 du Christ, nous d\u00e9posons notre peine au pied de Dieu. La messe est cet \u00e9change o\u00f9 Dieu nous offre la vie.<\/p>\n\n\n\n<p class=\"has-small-font-size\">Pour nous-m\u00eames :<br \/>De la foi en la r\u00e9surrection de J\u00e9sus-Christ d\u00e9pend notre esp\u00e9rance en la r\u00e9surrection de tout d\u00e9funt vers la Vie \u00e9ternelle. La messe nous rend, par la foi, intimement proches de cet acte de Dieu. Il est vainqueur de la mort. Il maintient le lien vital de l&rsquo;Amour, entre nous et avec le d\u00e9funt, au moment o\u00f9 nous faisons l&rsquo;exp\u00e9rience extr\u00eame de la rupture irr\u00e9m\u00e9diable qu&rsquo;occasionne la mort. En participant \u00e0 l&rsquo;eucharistie, le Christ ressuscit\u00e9 demeure en nous \u00ab\u00a0Compagnon de route\u00a0\u00bb. Nous croyons qu&rsquo;avec Lui, nous sommes aussi en communion avec celle ou celui qui nous quitte.<\/p>\n\n\n\n<p class=\"has-small-font-size\">Pour nos fr\u00e8res d\u00e9funts :<br \/>Nous continuons, nous aussi, d&rsquo;accompagner, par le Christ, avec lui et en lui, nos fr\u00e8res et s\u0153urs d\u00e9funts dans leur chemin de Vie. Leur chemin est celui d&rsquo;une purification progressive (couramment appel\u00e9e purgatoire) vers la pl\u00e9nitude de leur r\u00e9surrection. Ce chemin \u00e9chappe d\u00e9sormais \u00e0 notre regard, mais il n&rsquo;est autre que celui ouvert par le Christ au jour de sa r\u00e9surrection. Et nous croyons que \u00ab\u00a0Dieu veut qu&rsquo;aucun de ses enfants ne se perde\u00a0\u00bb (Evangile selon Saint Jean 3,16). Nous esp\u00e9rons que personne ne sera d\u00e9finitivement perdu. A la messe, nous prions pour que chaque d\u00e9funt b\u00e9n\u00e9ficie du salut que Dieu lui offre, qu&rsquo;il ne soit pas priv\u00e9 de son Amour.<\/p>\n\n\n\n<p><\/p>\n\n\n\n<p class=\"has-text-align-center\"><\/p>\n\n\n<div class=\"wp-block-image\">\n<figure class=\"aligncenter size-medium\"><img loading=\"lazy\" decoding=\"async\" width=\"210\" height=\"300\" src=\"https:\/\/egliseenbrianconnais.net\/WordPress3\/wp-content\/uploads\/2021\/09\/Eucharistie-210x300.jpg\" alt=\"\" class=\"wp-image-34497\" srcset=\"https:\/\/egliseenbrianconnais.net\/WordPress3\/wp-content\/uploads\/2021\/09\/Eucharistie-210x300.jpg 210w, https:\/\/egliseenbrianconnais.net\/WordPress3\/wp-content\/uploads\/2021\/09\/Eucharistie-768x1098.jpg 768w, https:\/\/egliseenbrianconnais.net\/WordPress3\/wp-content\/uploads\/2021\/09\/Eucharistie-716x1024.jpg 716w, https:\/\/egliseenbrianconnais.net\/WordPress3\/wp-content\/uploads\/2021\/09\/Eucharistie-1074x1536.jpg 1074w, https:\/\/egliseenbrianconnais.net\/WordPress3\/wp-content\/uploads\/2021\/09\/Eucharistie-1432x2048.jpg 1432w, https:\/\/egliseenbrianconnais.net\/WordPress3\/wp-content\/uploads\/2021\/09\/Eucharistie-1200x1716.jpg 1200w, https:\/\/egliseenbrianconnais.net\/WordPress3\/wp-content\/uploads\/2021\/09\/Eucharistie-1535x2195.jpg 1535w\" sizes=\"auto, (max-width: 210px) 100vw, 210px\" \/><\/figure>\n<\/div>\n\n\n<p><\/p>\n\n\n\n<p class=\"has-small-font-size\"><strong>Quelle offrande pour les obs\u00e8ques ?<\/strong><br \/>Vous demandez \u00e0 l\u2019Eglise cet accompagnement pour vivre le deuil d&rsquo;un \u00eatre cher. A cette occasion, vous pouvez remettre \u00e0 la communaut\u00e9 catholique une participation financi\u00e8re afin qu&rsquo;elle puisse assurer sa mission dans de bonnes conditions (besoins mat\u00e9riels des paroisses, formation de ses membres, etc.).<br \/>Votre offrande pourra \u00eatre remise directement \u00e0 la paroisse par vos soins. Dans certains cas, elle peut aussi \u00eatre incluse dans les frais d&rsquo;obs\u00e8ques de l&rsquo;entreprise fun\u00e9raire ; celle-ci fera le n\u00e9cessaire par la suite aupr\u00e8s de la paroisse.<br \/>Une somme vous est indiqu\u00e9e (180\u20ac au 1<sup>er<\/sup> janvier 2020). Celle-ci n&rsquo;est en aucun cas une facture en tant que telle : elle a \u00e9t\u00e9 estim\u00e9e plus par rapport aux revenus moyens des familles qu&rsquo;aux besoins financiers des paroisses.<br \/>Merci de votre participation, \u00e0 la mesure de vos moyens.<br \/>La participation \u00e0 la vie du dioc\u00e8se se fait \u00e9galement chaque ann\u00e9e par le biais du Denier de l&rsquo;Eglise. Merci de votre soutien financier.<\/p>\n\n\n<div class=\"wp-block-image\">\n<figure class=\"aligncenter size-full\"><img loading=\"lazy\" decoding=\"async\" width=\"227\" height=\"300\" src=\"https:\/\/egliseenbrianconnais.net\/WordPress3\/wp-content\/uploads\/2023\/10\/image-2.png\" alt=\"\" class=\"wp-image-44763\"\/><\/figure>\n<\/div>\n\n\n<p class=\"has-small-font-size\"><strong>Demander une messe ?<\/strong><br \/>L&rsquo;offrande financi\u00e8re associ\u00e9e \u00e0 la c\u00e9l\u00e9bration d&rsquo;une messe est tout autant la part symbolique que ; nous apportons pour signifier notre demande qu&rsquo;une contribution \u00e0 la vie mat\u00e9rielle des pr\u00eatres.<br \/>La messe pour un d\u00e9funt peut \u00eatre c\u00e9l\u00e9br\u00e9e au jour des fun\u00e9railles, ou dans les jours suivants avec la communaut\u00e9 paroissiale.<br \/>Le montant de cette offrande, donn\u00e9 \u00e0 titre indicatif, est actuellement fix\u00e9 \u00e0 18\u20ac pour tout le territoire national.<br \/>Une qu\u00eate est toujours propos\u00e9e aux fun\u00e9railles : cette offrande est donn\u00e9e \u00e0 l&rsquo;intention d&rsquo;une continuit\u00e9 de pri\u00e8re lors des messes c\u00e9l\u00e9br\u00e9es ult\u00e9rieurement pour les d\u00e9funts par des pr\u00eatres du dioc\u00e8se.<br \/>La \u00ab\u00a0neuvaine\u00a0\u00bb (9 jours cons\u00e9cutifs) est \u00e9galement une continuit\u00e9 de pri\u00e8re pour un d\u00e9funt ; certains chr\u00e9tiens demandent ainsi dans la m\u00eame id\u00e9e un \u00ab\u00a0trentain\u00a0\u00bb (30 jours cons\u00e9cutifs).<br \/>La \u00ab\u00a0messe anniversaire\u00a0\u00bb est une importante occasion de rassembler amis et familiers d&rsquo;une personne dans l&rsquo;Esp\u00e9rance en la Vie \u00e9ternelle.<\/p>\n\n\n\n<p class=\"has-text-align-center\">\u2022 \u2022 \u2022<br \/><img loading=\"lazy\" decoding=\"async\" width=\"600\" height=\"138\" class=\"wp-image-47072\" style=\"width: 600px;\" src=\"https:\/\/egliseenbrianconnais.net\/WordPress3\/wp-content\/uploads\/2024\/10\/Horaires-Accueil-2024-.jpg\" alt=\"\" srcset=\"https:\/\/egliseenbrianconnais.net\/WordPress3\/wp-content\/uploads\/2024\/10\/Horaires-Accueil-2024-.jpg 879w, https:\/\/egliseenbrianconnais.net\/WordPress3\/wp-content\/uploads\/2024\/10\/Horaires-Accueil-2024--300x69.jpg 300w, https:\/\/egliseenbrianconnais.net\/WordPress3\/wp-content\/uploads\/2024\/10\/Horaires-Accueil-2024--768x176.jpg 768w, https:\/\/egliseenbrianconnais.net\/WordPress3\/wp-content\/uploads\/2024\/10\/Horaires-Accueil-2024--50x11.jpg 50w\" sizes=\"auto, (max-width: 600px) 100vw, 600px\" \/><br \/>\u2022 \u2022 \u2022<\/p>\n\n\n\n<div data-wp-interactive=\"core\/file\" class=\"wp-block-file\"><object data-wp-bind--hidden=\"!state.hasPdfPreview\" hidden class=\"wp-block-file__embed\" data=\"https:\/\/egliseenbrianconnais.net\/WordPress3\/wp-content\/uploads\/2025\/03\/Depliant_Funerailles_CEF2025.pdf\" type=\"application\/pdf\" style=\"width:100%;height:200px\" aria-label=\"Contenu embarqu\u00e9 Depliant_Funerailles_CEF2025.\"><\/object><a id=\"wp-block-file--media-381502ea-5fed-4bba-9a38-551665f42b33\" href=\"https:\/\/egliseenbrianconnais.net\/WordPress3\/wp-content\/uploads\/2025\/03\/Depliant_Funerailles_CEF2025.pdf\">Depliant_Funerailles_CEF2025<\/a><a href=\"https:\/\/egliseenbrianconnais.net\/WordPress3\/wp-content\/uploads\/2025\/03\/Depliant_Funerailles_CEF2025.pdf\" class=\"wp-block-file__button wp-element-button\" download aria-describedby=\"wp-block-file--media-381502ea-5fed-4bba-9a38-551665f42b33\">T\u00e9l\u00e9charger<\/a><\/div>\n\n\n\n<p><br \/><br \/><\/p>\n","protected":false},"excerpt":{"rendered":"<p>Pour vivre des fun\u00e9railles chr\u00e9tiennes L&rsquo;accompagnement des familles en deuil est un lieu privil\u00e9gi\u00e9 d&rsquo;\u00e9vang\u00e9lisation pour faire conna\u00eetre, aimer et c\u00e9l\u00e9brer J\u00e9sus Christ. Il nous r\u00e9v\u00e8le, dans l&rsquo;Esprit, l&rsquo;Amour et la tendresse infinie de son P\u00e8re. Il leur est important de pouvoir manifester la pl\u00e9nitude du visage de l&rsquo;Eglise dans l&rsquo;exercice de cette mission, particuli\u00e8rement [&hellip;]<\/p>\n","protected":false},"author":407,"featured_media":0,"parent":0,"menu_order":0,"comment_status":"closed","ping_status":"closed","template":"","meta":{"jetpack_post_was_ever_published":false,"footnotes":""},"class_list":["post-21932","page","type-page","status-publish","hentry"],"yoast_head":"<!-- This site is optimized with the Yoast SEO plugin v27.4 - https:\/\/yoast.com\/product\/yoast-seo-wordpress\/ -->\n<title>FUNERAILLES - Eglise en Brian\u00e7onnais<\/title>\n<meta name=\"robots\" content=\"index, follow, max-snippet:-1, max-image-preview:large, max-video-preview:-1\" \/>\n<link rel=\"canonical\" href=\"https:\/\/egliseenbrianconnais.net\/WordPress3\/funerailles\/\" \/>\n<meta property=\"og:locale\" content=\"fr_FR\" \/>\n<meta property=\"og:type\" content=\"article\" \/>\n<meta property=\"og:title\" content=\"FUNERAILLES - Eglise en Brian\u00e7onnais\" \/>\n<meta property=\"og:description\" content=\"Pour vivre des fun\u00e9railles chr\u00e9tiennes L&rsquo;accompagnement des familles en deuil est un lieu privil\u00e9gi\u00e9 d&rsquo;\u00e9vang\u00e9lisation pour faire conna\u00eetre, aimer et c\u00e9l\u00e9brer J\u00e9sus Christ. Il nous r\u00e9v\u00e8le, dans l&rsquo;Esprit, l&rsquo;Amour et la tendresse infinie de son P\u00e8re. Il leur est important de pouvoir manifester la pl\u00e9nitude du visage de l&rsquo;Eglise dans l&rsquo;exercice de cette mission, particuli\u00e8rement [&hellip;]\" \/>\n<meta property=\"og:url\" content=\"https:\/\/egliseenbrianconnais.net\/WordPress3\/funerailles\/\" \/>\n<meta property=\"og:site_name\" content=\"Eglise en Brian\u00e7onnais\" \/>\n<meta property=\"article:modified_time\" content=\"2025-03-11T08:58:31+00:00\" \/>\n<meta property=\"og:image\" content=\"https:\/\/egliseenbrianconnais.net\/WordPress3\/wp-content\/uploads\/2023\/10\/image-1.png\" \/>\n\t<meta property=\"og:image:width\" content=\"188\" \/>\n\t<meta property=\"og:image:height\" content=\"300\" \/>\n\t<meta property=\"og:image:type\" content=\"image\/png\" \/>\n<meta name=\"twitter:card\" content=\"summary_large_image\" \/>\n<meta name=\"twitter:label1\" content=\"Dur\u00e9e de lecture estim\u00e9e\" \/>\n\t<meta name=\"twitter:data1\" content=\"8 minutes\" \/>\n<script type=\"application\/ld+json\" class=\"yoast-schema-graph\">{\"@context\":\"https:\\\/\\\/schema.org\",\"@graph\":[{\"@type\":\"WebPage\",\"@id\":\"https:\\\/\\\/egliseenbrianconnais.net\\\/WordPress3\\\/funerailles\\\/\",\"url\":\"https:\\\/\\\/egliseenbrianconnais.net\\\/WordPress3\\\/funerailles\\\/\",\"name\":\"FUNERAILLES - Eglise en Brian\u00e7onnais\",\"isPartOf\":{\"@id\":\"https:\\\/\\\/egliseenbrianconnais.net\\\/WordPress3\\\/#website\"},\"primaryImageOfPage\":{\"@id\":\"https:\\\/\\\/egliseenbrianconnais.net\\\/WordPress3\\\/funerailles\\\/#primaryimage\"},\"image\":{\"@id\":\"https:\\\/\\\/egliseenbrianconnais.net\\\/WordPress3\\\/funerailles\\\/#primaryimage\"},\"thumbnailUrl\":\"https:\\\/\\\/egliseenbrianconnais.net\\\/WordPress3\\\/wp-content\\\/uploads\\\/2023\\\/10\\\/image-1.png\",\"datePublished\":\"2018-12-05T20:55:40+00:00\",\"dateModified\":\"2025-03-11T08:58:31+00:00\",\"breadcrumb\":{\"@id\":\"https:\\\/\\\/egliseenbrianconnais.net\\\/WordPress3\\\/funerailles\\\/#breadcrumb\"},\"inLanguage\":\"fr-FR\",\"potentialAction\":[{\"@type\":\"ReadAction\",\"target\":[\"https:\\\/\\\/egliseenbrianconnais.net\\\/WordPress3\\\/funerailles\\\/\"]}]},{\"@type\":\"ImageObject\",\"inLanguage\":\"fr-FR\",\"@id\":\"https:\\\/\\\/egliseenbrianconnais.net\\\/WordPress3\\\/funerailles\\\/#primaryimage\",\"url\":\"https:\\\/\\\/egliseenbrianconnais.net\\\/WordPress3\\\/wp-content\\\/uploads\\\/2023\\\/10\\\/image-1.png\",\"contentUrl\":\"https:\\\/\\\/egliseenbrianconnais.net\\\/WordPress3\\\/wp-content\\\/uploads\\\/2023\\\/10\\\/image-1.png\",\"width\":188,\"height\":300},{\"@type\":\"BreadcrumbList\",\"@id\":\"https:\\\/\\\/egliseenbrianconnais.net\\\/WordPress3\\\/funerailles\\\/#breadcrumb\",\"itemListElement\":[{\"@type\":\"ListItem\",\"position\":1,\"name\":\"Accueil\",\"item\":\"https:\\\/\\\/egliseenbrianconnais.net\\\/WordPress3\\\/\"},{\"@type\":\"ListItem\",\"position\":2,\"name\":\"FUNERAILLES\"}]},{\"@type\":\"WebSite\",\"@id\":\"https:\\\/\\\/egliseenbrianconnais.net\\\/WordPress3\\\/#website\",\"url\":\"https:\\\/\\\/egliseenbrianconnais.net\\\/WordPress3\\\/\",\"name\":\"EgliseenBrian\u00e7onnais\",\"description\":\"BIENVENUE !\",\"publisher\":{\"@id\":\"https:\\\/\\\/egliseenbrianconnais.net\\\/WordPress3\\\/#organization\"},\"potentialAction\":[{\"@type\":\"SearchAction\",\"target\":{\"@type\":\"EntryPoint\",\"urlTemplate\":\"https:\\\/\\\/egliseenbrianconnais.net\\\/WordPress3\\\/?s={search_term_string}\"},\"query-input\":{\"@type\":\"PropertyValueSpecification\",\"valueRequired\":true,\"valueName\":\"search_term_string\"}}],\"inLanguage\":\"fr-FR\"},{\"@type\":\"Organization\",\"@id\":\"https:\\\/\\\/egliseenbrianconnais.net\\\/WordPress3\\\/#organization\",\"name\":\"EgliseenBrian\u00e7onnais\",\"url\":\"https:\\\/\\\/egliseenbrianconnais.net\\\/WordPress3\\\/\",\"logo\":{\"@type\":\"ImageObject\",\"inLanguage\":\"fr-FR\",\"@id\":\"https:\\\/\\\/egliseenbrianconnais.net\\\/WordPress3\\\/#\\\/schema\\\/logo\\\/image\\\/\",\"url\":\"http:\\\/\\\/egliseenbrianconnais.net\\\/WordPress3\\\/wp-content\\\/uploads\\\/2021\\\/09\\\/Logo-Ste-Catherine.jpg\",\"contentUrl\":\"http:\\\/\\\/egliseenbrianconnais.net\\\/WordPress3\\\/wp-content\\\/uploads\\\/2021\\\/09\\\/Logo-Ste-Catherine.jpg\",\"width\":850,\"height\":1417,\"caption\":\"EgliseenBrian\u00e7onnais\"},\"image\":{\"@id\":\"https:\\\/\\\/egliseenbrianconnais.net\\\/WordPress3\\\/#\\\/schema\\\/logo\\\/image\\\/\"}}]}<\/script>\n<!-- \/ Yoast SEO plugin. -->","yoast_head_json":{"title":"FUNERAILLES - Eglise en Brian\u00e7onnais","robots":{"index":"index","follow":"follow","max-snippet":"max-snippet:-1","max-image-preview":"max-image-preview:large","max-video-preview":"max-video-preview:-1"},"canonical":"https:\/\/egliseenbrianconnais.net\/WordPress3\/funerailles\/","og_locale":"fr_FR","og_type":"article","og_title":"FUNERAILLES - Eglise en Brian\u00e7onnais","og_description":"Pour vivre des fun\u00e9railles chr\u00e9tiennes L&rsquo;accompagnement des familles en deuil est un lieu privil\u00e9gi\u00e9 d&rsquo;\u00e9vang\u00e9lisation pour faire conna\u00eetre, aimer et c\u00e9l\u00e9brer J\u00e9sus Christ. Il nous r\u00e9v\u00e8le, dans l&rsquo;Esprit, l&rsquo;Amour et la tendresse infinie de son P\u00e8re. Il leur est important de pouvoir manifester la pl\u00e9nitude du visage de l&rsquo;Eglise dans l&rsquo;exercice de cette mission, particuli\u00e8rement [&hellip;]","og_url":"https:\/\/egliseenbrianconnais.net\/WordPress3\/funerailles\/","og_site_name":"Eglise en Brian\u00e7onnais","article_modified_time":"2025-03-11T08:58:31+00:00","og_image":[{"width":188,"height":300,"url":"https:\/\/egliseenbrianconnais.net\/WordPress3\/wp-content\/uploads\/2023\/10\/image-1.png","type":"image\/png"}],"twitter_card":"summary_large_image","twitter_misc":{"Dur\u00e9e de lecture estim\u00e9e":"8 minutes"},"schema":{"@context":"https:\/\/schema.org","@graph":[{"@type":"WebPage","@id":"https:\/\/egliseenbrianconnais.net\/WordPress3\/funerailles\/","url":"https:\/\/egliseenbrianconnais.net\/WordPress3\/funerailles\/","name":"FUNERAILLES - Eglise en Brian\u00e7onnais","isPartOf":{"@id":"https:\/\/egliseenbrianconnais.net\/WordPress3\/#website"},"primaryImageOfPage":{"@id":"https:\/\/egliseenbrianconnais.net\/WordPress3\/funerailles\/#primaryimage"},"image":{"@id":"https:\/\/egliseenbrianconnais.net\/WordPress3\/funerailles\/#primaryimage"},"thumbnailUrl":"https:\/\/egliseenbrianconnais.net\/WordPress3\/wp-content\/uploads\/2023\/10\/image-1.png","datePublished":"2018-12-05T20:55:40+00:00","dateModified":"2025-03-11T08:58:31+00:00","breadcrumb":{"@id":"https:\/\/egliseenbrianconnais.net\/WordPress3\/funerailles\/#breadcrumb"},"inLanguage":"fr-FR","potentialAction":[{"@type":"ReadAction","target":["https:\/\/egliseenbrianconnais.net\/WordPress3\/funerailles\/"]}]},{"@type":"ImageObject","inLanguage":"fr-FR","@id":"https:\/\/egliseenbrianconnais.net\/WordPress3\/funerailles\/#primaryimage","url":"https:\/\/egliseenbrianconnais.net\/WordPress3\/wp-content\/uploads\/2023\/10\/image-1.png","contentUrl":"https:\/\/egliseenbrianconnais.net\/WordPress3\/wp-content\/uploads\/2023\/10\/image-1.png","width":188,"height":300},{"@type":"BreadcrumbList","@id":"https:\/\/egliseenbrianconnais.net\/WordPress3\/funerailles\/#breadcrumb","itemListElement":[{"@type":"ListItem","position":1,"name":"Accueil","item":"https:\/\/egliseenbrianconnais.net\/WordPress3\/"},{"@type":"ListItem","position":2,"name":"FUNERAILLES"}]},{"@type":"WebSite","@id":"https:\/\/egliseenbrianconnais.net\/WordPress3\/#website","url":"https:\/\/egliseenbrianconnais.net\/WordPress3\/","name":"EgliseenBrian\u00e7onnais","description":"BIENVENUE !","publisher":{"@id":"https:\/\/egliseenbrianconnais.net\/WordPress3\/#organization"},"potentialAction":[{"@type":"SearchAction","target":{"@type":"EntryPoint","urlTemplate":"https:\/\/egliseenbrianconnais.net\/WordPress3\/?s={search_term_string}"},"query-input":{"@type":"PropertyValueSpecification","valueRequired":true,"valueName":"search_term_string"}}],"inLanguage":"fr-FR"},{"@type":"Organization","@id":"https:\/\/egliseenbrianconnais.net\/WordPress3\/#organization","name":"EgliseenBrian\u00e7onnais","url":"https:\/\/egliseenbrianconnais.net\/WordPress3\/","logo":{"@type":"ImageObject","inLanguage":"fr-FR","@id":"https:\/\/egliseenbrianconnais.net\/WordPress3\/#\/schema\/logo\/image\/","url":"http:\/\/egliseenbrianconnais.net\/WordPress3\/wp-content\/uploads\/2021\/09\/Logo-Ste-Catherine.jpg","contentUrl":"http:\/\/egliseenbrianconnais.net\/WordPress3\/wp-content\/uploads\/2021\/09\/Logo-Ste-Catherine.jpg","width":850,"height":1417,"caption":"EgliseenBrian\u00e7onnais"},"image":{"@id":"https:\/\/egliseenbrianconnais.net\/WordPress3\/#\/schema\/logo\/image\/"}}]}},"jetpack_sharing_enabled":true,"_links":{"self":[{"href":"https:\/\/egliseenbrianconnais.net\/WordPress3\/wp-json\/wp\/v2\/pages\/21932","targetHints":{"allow":["GET"]}}],"collection":[{"href":"https:\/\/egliseenbrianconnais.net\/WordPress3\/wp-json\/wp\/v2\/pages"}],"about":[{"href":"https:\/\/egliseenbrianconnais.net\/WordPress3\/wp-json\/wp\/v2\/types\/page"}],"author":[{"embeddable":true,"href":"https:\/\/egliseenbrianconnais.net\/WordPress3\/wp-json\/wp\/v2\/users\/407"}],"replies":[{"embeddable":true,"href":"https:\/\/egliseenbrianconnais.net\/WordPress3\/wp-json\/wp\/v2\/comments?post=21932"}],"version-history":[{"count":13,"href":"https:\/\/egliseenbrianconnais.net\/WordPress3\/wp-json\/wp\/v2\/pages\/21932\/revisions"}],"predecessor-version":[{"id":47801,"href":"https:\/\/egliseenbrianconnais.net\/WordPress3\/wp-json\/wp\/v2\/pages\/21932\/revisions\/47801"}],"wp:attachment":[{"href":"https:\/\/egliseenbrianconnais.net\/WordPress3\/wp-json\/wp\/v2\/media?parent=21932"}],"curies":[{"name":"wp","href":"https:\/\/api.w.org\/{rel}","templated":true}]}}