{"id":21843,"date":"2018-12-01T15:37:37","date_gmt":"2018-12-01T14:37:37","guid":{"rendered":"http:\/\/egliseenbrianconnais.net\/WordPress3\/?page_id=21843"},"modified":"2025-09-03T08:58:28","modified_gmt":"2025-09-03T07:58:28","slug":"pastorale-de-la-sante","status":"publish","type":"page","link":"https:\/\/egliseenbrianconnais.net\/WordPress3\/vie-paroissiale\/pastorale-de-la-sante\/","title":{"rendered":"PASTORALE  SANTE"},"content":{"rendered":"\n<p class=\"has-text-align-center has-large-font-size\"><strong>Pr\u00e9sence aupr\u00e8s des Malades<\/strong><\/p>\n\n\n\n<p>L&rsquo;ensemble de la communaut\u00e9 fait route avec ses membres souffrants ou isol\u00e9s du fait de la maladie, du handicap ou du grand \u00e2ge.<br \/><br \/>Elle envoie des baptis\u00e9s \u00e0 leur domicile, \u00e0 l&rsquo;h\u00f4pital, dans les maisons de retraite, les maisons de sant\u00e9 afin que le lien ne soit pas rompu.<\/p>\n\n\n\n<p class=\"has-text-align-center\">***************<\/p>\n\n\n\n<figure class=\"wp-block-image size-full\"><img loading=\"lazy\" decoding=\"async\" width=\"1024\" height=\"768\" src=\"https:\/\/egliseenbrianconnais.net\/WordPress3\/wp-content\/uploads\/2025\/09\/Sacrement-Malades.jpg\" alt=\"\" class=\"wp-image-48773\" srcset=\"https:\/\/egliseenbrianconnais.net\/WordPress3\/wp-content\/uploads\/2025\/09\/Sacrement-Malades.jpg 1024w, https:\/\/egliseenbrianconnais.net\/WordPress3\/wp-content\/uploads\/2025\/09\/Sacrement-Malades-300x225.jpg 300w, https:\/\/egliseenbrianconnais.net\/WordPress3\/wp-content\/uploads\/2025\/09\/Sacrement-Malades-768x576.jpg 768w, https:\/\/egliseenbrianconnais.net\/WordPress3\/wp-content\/uploads\/2025\/09\/Sacrement-Malades-50x38.jpg 50w\" sizes=\"auto, (max-width: 1024px) 100vw, 1024px\" \/><\/figure>\n\n\n\n<p class=\"has-text-align-center has-text-color has-link-color has-large-font-size wp-elements-864217c0cb8dc2f8095aa2bf544dc57f\" style=\"color:#a20909\"><strong><a href=\"https:\/\/egliseenbrianconnais.net\/WordPress3\/wp-content\/uploads\/2025\/09\/LE-SACREMENT-DES-MALADES.pdf\">LE SACREMENT DES MALADES (clic)<\/a><\/strong><\/p>\n\n\n\n<div class=\"wp-block-media-text alignwide has-media-on-the-right is-stacked-on-mobile\" style=\"grid-template-columns:auto 27%\"><div class=\"wp-block-media-text__content\">\n<p>\u2022 Aum\u00f4nerie Catholique du Centre Hospitalier : tel 04 92 25 20 08<br \/>\u2666 H\u00f4pital des Escartons, \u00c9toile des Neiges, (U.S.L.D.) t\u00e9l. : 04 92 25 25 25<br \/>Aum\u00f4nier : M. Armindo DIAS t\u00e9l. : 04 92 25 20 08<br \/>\u2666 Centre m\u00e9dical Chantoiseau<br \/>Aum\u00f4nier : M. Armindo DIAS<br \/>t\u00e9l.: 04 92 25 30 30<br \/><br \/>\u2022 Aum\u00f4nerie Catholique des Maisons de Sant\u00e9<br \/>&#8211; Accompagnement \u00e0 Domicile<br \/> \u2666 Maisons de sant\u00e9 du Bois de l&rsquo;Ours, Montjoy, Rh\u00f4ne-Azur, les Acacias, Le chalet du Soleil<br \/>Responsable : <em>Mme Pascale MANIFICAT<\/em><br \/>17 rue Alphand \u2014 05100 BRIAN\u00c7ON &#8211; t\u00e9l. : 04 92 20 04 10<\/p>\n<\/div><figure class=\"wp-block-media-text__media\"><img decoding=\"async\" src=\"http:\/\/egliseenbrianconnais.net\/WordPress3\/wp-content\/uploads\/2021\/09\/Collegiale-1-1009x714.jpg\" alt=\"\" class=\"wp-image-34419 size-full\"\/><\/figure><\/div>\n\n\n\n<p class=\"has-text-align-center\"><strong>***********************<\/strong><\/p>\n\n\n\n<p><\/p>\n","protected":false},"excerpt":{"rendered":"<p>Pr\u00e9sence aupr\u00e8s des Malades L&rsquo;ensemble de la communaut\u00e9 fait route avec ses membres souffrants ou isol\u00e9s du fait de la maladie, du handicap ou du grand \u00e2ge. Elle envoie des baptis\u00e9s \u00e0 leur domicile, \u00e0 l&rsquo;h\u00f4pital, dans les maisons de retraite, les maisons de sant\u00e9 afin que le lien ne soit pas rompu. *************** LE [&hellip;]<\/p>\n","protected":false},"author":407,"featured_media":0,"parent":6321,"menu_order":0,"comment_status":"closed","ping_status":"closed","template":"","meta":{"jetpack_post_was_ever_published":false,"footnotes":""},"class_list":["post-21843","page","type-page","status-publish","hentry"],"yoast_head":"<!-- This site is optimized with the Yoast SEO plugin v27.4 - https:\/\/yoast.com\/product\/yoast-seo-wordpress\/ -->\n<title>PASTORALE SANTE - Eglise en Brian\u00e7onnais<\/title>\n<meta name=\"robots\" content=\"index, follow, max-snippet:-1, max-image-preview:large, max-video-preview:-1\" \/>\n<link rel=\"canonical\" href=\"https:\/\/egliseenbrianconnais.net\/WordPress3\/vie-paroissiale\/pastorale-de-la-sante\/\" \/>\n<meta property=\"og:locale\" content=\"fr_FR\" \/>\n<meta property=\"og:type\" content=\"article\" \/>\n<meta property=\"og:title\" content=\"PASTORALE SANTE - Eglise en Brian\u00e7onnais\" \/>\n<meta property=\"og:description\" content=\"Pr\u00e9sence aupr\u00e8s des Malades L&rsquo;ensemble de la communaut\u00e9 fait route avec ses membres souffrants ou isol\u00e9s du fait de la maladie, du handicap ou du grand \u00e2ge. Elle envoie des baptis\u00e9s \u00e0 leur domicile, \u00e0 l&rsquo;h\u00f4pital, dans les maisons de retraite, les maisons de sant\u00e9 afin que le lien ne soit pas rompu. *************** LE [&hellip;]\" \/>\n<meta property=\"og:url\" content=\"https:\/\/egliseenbrianconnais.net\/WordPress3\/vie-paroissiale\/pastorale-de-la-sante\/\" \/>\n<meta property=\"og:site_name\" content=\"Eglise en Brian\u00e7onnais\" \/>\n<meta property=\"article:modified_time\" content=\"2025-09-03T07:58:28+00:00\" \/>\n<meta property=\"og:image\" content=\"https:\/\/egliseenbrianconnais.net\/WordPress3\/wp-content\/uploads\/2025\/09\/Sacrement-Malades.jpg\" \/>\n\t<meta property=\"og:image:width\" content=\"1024\" \/>\n\t<meta property=\"og:image:height\" content=\"768\" \/>\n\t<meta property=\"og:image:type\" content=\"image\/jpeg\" \/>\n<meta name=\"twitter:card\" content=\"summary_large_image\" \/>\n<meta name=\"twitter:label1\" content=\"Dur\u00e9e de lecture estim\u00e9e\" \/>\n\t<meta name=\"twitter:data1\" content=\"2 minutes\" \/>\n<script type=\"application\/ld+json\" class=\"yoast-schema-graph\">{\"@context\":\"https:\\\/\\\/schema.org\",\"@graph\":[{\"@type\":\"WebPage\",\"@id\":\"https:\\\/\\\/egliseenbrianconnais.net\\\/WordPress3\\\/vie-paroissiale\\\/pastorale-de-la-sante\\\/\",\"url\":\"https:\\\/\\\/egliseenbrianconnais.net\\\/WordPress3\\\/vie-paroissiale\\\/pastorale-de-la-sante\\\/\",\"name\":\"PASTORALE SANTE - Eglise en Brian\u00e7onnais\",\"isPartOf\":{\"@id\":\"https:\\\/\\\/egliseenbrianconnais.net\\\/WordPress3\\\/#website\"},\"primaryImageOfPage\":{\"@id\":\"https:\\\/\\\/egliseenbrianconnais.net\\\/WordPress3\\\/vie-paroissiale\\\/pastorale-de-la-sante\\\/#primaryimage\"},\"image\":{\"@id\":\"https:\\\/\\\/egliseenbrianconnais.net\\\/WordPress3\\\/vie-paroissiale\\\/pastorale-de-la-sante\\\/#primaryimage\"},\"thumbnailUrl\":\"https:\\\/\\\/egliseenbrianconnais.net\\\/WordPress3\\\/wp-content\\\/uploads\\\/2025\\\/09\\\/Sacrement-Malades.jpg\",\"datePublished\":\"2018-12-01T14:37:37+00:00\",\"dateModified\":\"2025-09-03T07:58:28+00:00\",\"breadcrumb\":{\"@id\":\"https:\\\/\\\/egliseenbrianconnais.net\\\/WordPress3\\\/vie-paroissiale\\\/pastorale-de-la-sante\\\/#breadcrumb\"},\"inLanguage\":\"fr-FR\",\"potentialAction\":[{\"@type\":\"ReadAction\",\"target\":[\"https:\\\/\\\/egliseenbrianconnais.net\\\/WordPress3\\\/vie-paroissiale\\\/pastorale-de-la-sante\\\/\"]}]},{\"@type\":\"ImageObject\",\"inLanguage\":\"fr-FR\",\"@id\":\"https:\\\/\\\/egliseenbrianconnais.net\\\/WordPress3\\\/vie-paroissiale\\\/pastorale-de-la-sante\\\/#primaryimage\",\"url\":\"https:\\\/\\\/egliseenbrianconnais.net\\\/WordPress3\\\/wp-content\\\/uploads\\\/2025\\\/09\\\/Sacrement-Malades.jpg\",\"contentUrl\":\"https:\\\/\\\/egliseenbrianconnais.net\\\/WordPress3\\\/wp-content\\\/uploads\\\/2025\\\/09\\\/Sacrement-Malades.jpg\",\"width\":1024,\"height\":768},{\"@type\":\"BreadcrumbList\",\"@id\":\"https:\\\/\\\/egliseenbrianconnais.net\\\/WordPress3\\\/vie-paroissiale\\\/pastorale-de-la-sante\\\/#breadcrumb\",\"itemListElement\":[{\"@type\":\"ListItem\",\"position\":1,\"name\":\"Accueil\",\"item\":\"https:\\\/\\\/egliseenbrianconnais.net\\\/WordPress3\\\/\"},{\"@type\":\"ListItem\",\"position\":2,\"name\":\"VIE PAROISSIALE\",\"item\":\"https:\\\/\\\/egliseenbrianconnais.net\\\/WordPress3\\\/vie-paroissiale\\\/\"},{\"@type\":\"ListItem\",\"position\":3,\"name\":\"PASTORALE SANTE\"}]},{\"@type\":\"WebSite\",\"@id\":\"https:\\\/\\\/egliseenbrianconnais.net\\\/WordPress3\\\/#website\",\"url\":\"https:\\\/\\\/egliseenbrianconnais.net\\\/WordPress3\\\/\",\"name\":\"EgliseenBrian\u00e7onnais\",\"description\":\"BIENVENUE !\",\"publisher\":{\"@id\":\"https:\\\/\\\/egliseenbrianconnais.net\\\/WordPress3\\\/#organization\"},\"potentialAction\":[{\"@type\":\"SearchAction\",\"target\":{\"@type\":\"EntryPoint\",\"urlTemplate\":\"https:\\\/\\\/egliseenbrianconnais.net\\\/WordPress3\\\/?s={search_term_string}\"},\"query-input\":{\"@type\":\"PropertyValueSpecification\",\"valueRequired\":true,\"valueName\":\"search_term_string\"}}],\"inLanguage\":\"fr-FR\"},{\"@type\":\"Organization\",\"@id\":\"https:\\\/\\\/egliseenbrianconnais.net\\\/WordPress3\\\/#organization\",\"name\":\"EgliseenBrian\u00e7onnais\",\"url\":\"https:\\\/\\\/egliseenbrianconnais.net\\\/WordPress3\\\/\",\"logo\":{\"@type\":\"ImageObject\",\"inLanguage\":\"fr-FR\",\"@id\":\"https:\\\/\\\/egliseenbrianconnais.net\\\/WordPress3\\\/#\\\/schema\\\/logo\\\/image\\\/\",\"url\":\"http:\\\/\\\/egliseenbrianconnais.net\\\/WordPress3\\\/wp-content\\\/uploads\\\/2021\\\/09\\\/Logo-Ste-Catherine.jpg\",\"contentUrl\":\"http:\\\/\\\/egliseenbrianconnais.net\\\/WordPress3\\\/wp-content\\\/uploads\\\/2021\\\/09\\\/Logo-Ste-Catherine.jpg\",\"width\":850,\"height\":1417,\"caption\":\"EgliseenBrian\u00e7onnais\"},\"image\":{\"@id\":\"https:\\\/\\\/egliseenbrianconnais.net\\\/WordPress3\\\/#\\\/schema\\\/logo\\\/image\\\/\"}}]}<\/script>\n<!-- \/ Yoast SEO plugin. -->","yoast_head_json":{"title":"PASTORALE SANTE - Eglise en Brian\u00e7onnais","robots":{"index":"index","follow":"follow","max-snippet":"max-snippet:-1","max-image-preview":"max-image-preview:large","max-video-preview":"max-video-preview:-1"},"canonical":"https:\/\/egliseenbrianconnais.net\/WordPress3\/vie-paroissiale\/pastorale-de-la-sante\/","og_locale":"fr_FR","og_type":"article","og_title":"PASTORALE SANTE - Eglise en Brian\u00e7onnais","og_description":"Pr\u00e9sence aupr\u00e8s des Malades L&rsquo;ensemble de la communaut\u00e9 fait route avec ses membres souffrants ou isol\u00e9s du fait de la maladie, du handicap ou du grand \u00e2ge. Elle envoie des baptis\u00e9s \u00e0 leur domicile, \u00e0 l&rsquo;h\u00f4pital, dans les maisons de retraite, les maisons de sant\u00e9 afin que le lien ne soit pas rompu. *************** LE [&hellip;]","og_url":"https:\/\/egliseenbrianconnais.net\/WordPress3\/vie-paroissiale\/pastorale-de-la-sante\/","og_site_name":"Eglise en Brian\u00e7onnais","article_modified_time":"2025-09-03T07:58:28+00:00","og_image":[{"width":1024,"height":768,"url":"https:\/\/egliseenbrianconnais.net\/WordPress3\/wp-content\/uploads\/2025\/09\/Sacrement-Malades.jpg","type":"image\/jpeg"}],"twitter_card":"summary_large_image","twitter_misc":{"Dur\u00e9e de lecture estim\u00e9e":"2 minutes"},"schema":{"@context":"https:\/\/schema.org","@graph":[{"@type":"WebPage","@id":"https:\/\/egliseenbrianconnais.net\/WordPress3\/vie-paroissiale\/pastorale-de-la-sante\/","url":"https:\/\/egliseenbrianconnais.net\/WordPress3\/vie-paroissiale\/pastorale-de-la-sante\/","name":"PASTORALE SANTE - Eglise en Brian\u00e7onnais","isPartOf":{"@id":"https:\/\/egliseenbrianconnais.net\/WordPress3\/#website"},"primaryImageOfPage":{"@id":"https:\/\/egliseenbrianconnais.net\/WordPress3\/vie-paroissiale\/pastorale-de-la-sante\/#primaryimage"},"image":{"@id":"https:\/\/egliseenbrianconnais.net\/WordPress3\/vie-paroissiale\/pastorale-de-la-sante\/#primaryimage"},"thumbnailUrl":"https:\/\/egliseenbrianconnais.net\/WordPress3\/wp-content\/uploads\/2025\/09\/Sacrement-Malades.jpg","datePublished":"2018-12-01T14:37:37+00:00","dateModified":"2025-09-03T07:58:28+00:00","breadcrumb":{"@id":"https:\/\/egliseenbrianconnais.net\/WordPress3\/vie-paroissiale\/pastorale-de-la-sante\/#breadcrumb"},"inLanguage":"fr-FR","potentialAction":[{"@type":"ReadAction","target":["https:\/\/egliseenbrianconnais.net\/WordPress3\/vie-paroissiale\/pastorale-de-la-sante\/"]}]},{"@type":"ImageObject","inLanguage":"fr-FR","@id":"https:\/\/egliseenbrianconnais.net\/WordPress3\/vie-paroissiale\/pastorale-de-la-sante\/#primaryimage","url":"https:\/\/egliseenbrianconnais.net\/WordPress3\/wp-content\/uploads\/2025\/09\/Sacrement-Malades.jpg","contentUrl":"https:\/\/egliseenbrianconnais.net\/WordPress3\/wp-content\/uploads\/2025\/09\/Sacrement-Malades.jpg","width":1024,"height":768},{"@type":"BreadcrumbList","@id":"https:\/\/egliseenbrianconnais.net\/WordPress3\/vie-paroissiale\/pastorale-de-la-sante\/#breadcrumb","itemListElement":[{"@type":"ListItem","position":1,"name":"Accueil","item":"https:\/\/egliseenbrianconnais.net\/WordPress3\/"},{"@type":"ListItem","position":2,"name":"VIE PAROISSIALE","item":"https:\/\/egliseenbrianconnais.net\/WordPress3\/vie-paroissiale\/"},{"@type":"ListItem","position":3,"name":"PASTORALE SANTE"}]},{"@type":"WebSite","@id":"https:\/\/egliseenbrianconnais.net\/WordPress3\/#website","url":"https:\/\/egliseenbrianconnais.net\/WordPress3\/","name":"EgliseenBrian\u00e7onnais","description":"BIENVENUE !","publisher":{"@id":"https:\/\/egliseenbrianconnais.net\/WordPress3\/#organization"},"potentialAction":[{"@type":"SearchAction","target":{"@type":"EntryPoint","urlTemplate":"https:\/\/egliseenbrianconnais.net\/WordPress3\/?s={search_term_string}"},"query-input":{"@type":"PropertyValueSpecification","valueRequired":true,"valueName":"search_term_string"}}],"inLanguage":"fr-FR"},{"@type":"Organization","@id":"https:\/\/egliseenbrianconnais.net\/WordPress3\/#organization","name":"EgliseenBrian\u00e7onnais","url":"https:\/\/egliseenbrianconnais.net\/WordPress3\/","logo":{"@type":"ImageObject","inLanguage":"fr-FR","@id":"https:\/\/egliseenbrianconnais.net\/WordPress3\/#\/schema\/logo\/image\/","url":"http:\/\/egliseenbrianconnais.net\/WordPress3\/wp-content\/uploads\/2021\/09\/Logo-Ste-Catherine.jpg","contentUrl":"http:\/\/egliseenbrianconnais.net\/WordPress3\/wp-content\/uploads\/2021\/09\/Logo-Ste-Catherine.jpg","width":850,"height":1417,"caption":"EgliseenBrian\u00e7onnais"},"image":{"@id":"https:\/\/egliseenbrianconnais.net\/WordPress3\/#\/schema\/logo\/image\/"}}]}},"jetpack_sharing_enabled":true,"_links":{"self":[{"href":"https:\/\/egliseenbrianconnais.net\/WordPress3\/wp-json\/wp\/v2\/pages\/21843","targetHints":{"allow":["GET"]}}],"collection":[{"href":"https:\/\/egliseenbrianconnais.net\/WordPress3\/wp-json\/wp\/v2\/pages"}],"about":[{"href":"https:\/\/egliseenbrianconnais.net\/WordPress3\/wp-json\/wp\/v2\/types\/page"}],"author":[{"embeddable":true,"href":"https:\/\/egliseenbrianconnais.net\/WordPress3\/wp-json\/wp\/v2\/users\/407"}],"replies":[{"embeddable":true,"href":"https:\/\/egliseenbrianconnais.net\/WordPress3\/wp-json\/wp\/v2\/comments?post=21843"}],"version-history":[{"count":19,"href":"https:\/\/egliseenbrianconnais.net\/WordPress3\/wp-json\/wp\/v2\/pages\/21843\/revisions"}],"predecessor-version":[{"id":48783,"href":"https:\/\/egliseenbrianconnais.net\/WordPress3\/wp-json\/wp\/v2\/pages\/21843\/revisions\/48783"}],"up":[{"embeddable":true,"href":"https:\/\/egliseenbrianconnais.net\/WordPress3\/wp-json\/wp\/v2\/pages\/6321"}],"wp:attachment":[{"href":"https:\/\/egliseenbrianconnais.net\/WordPress3\/wp-json\/wp\/v2\/media?parent=21843"}],"curies":[{"name":"wp","href":"https:\/\/api.w.org\/{rel}","templated":true}]}}