{"id":21023,"date":"2018-10-02T15:19:56","date_gmt":"2018-10-02T14:19:56","guid":{"rendered":"http:\/\/egliseenbrianconnais.net\/WordPress3\/?page_id=21023"},"modified":"2026-03-29T22:04:16","modified_gmt":"2026-03-29T21:04:16","slug":"les-refuges-solidaires","status":"publish","type":"page","link":"https:\/\/egliseenbrianconnais.net\/WordPress3\/les-refuges-solidaires\/","title":{"rendered":"TERRASSES SOLIDAIRES"},"content":{"rendered":"\n<p class=\"has-text-align-center\">&#8212;&#8212;&#8212;&#8212;&#8212;&#8212;&#8212;&#8212;&#8212;&#8212;&#8212;&#8212;&#8212;&#8212;&#8212;&#8212;&#8212;&#8212;&#8212;&#8211;<\/p>\n\n\n\n<p class=\"has-text-align-center\"><strong>Communiqu\u00e9 : du 28 mars 2026<\/strong><\/p>\n\n\n\n<div data-wp-interactive=\"core\/file\" class=\"wp-block-file\"><object data-wp-bind--hidden=\"!state.hasPdfPreview\" hidden class=\"wp-block-file__embed\" data=\"https:\/\/egliseenbrianconnais.net\/WordPress3\/wp-content\/uploads\/2026\/03\/Migrants.pdf\" type=\"application\/pdf\" style=\"width:100%;height:200px\" aria-label=\"Contenu embarqu\u00e9 Migrants.\"><\/object><a id=\"wp-block-file--media-6f365617-7aae-4cb9-a6f4-44536c1c3b86\" href=\"https:\/\/egliseenbrianconnais.net\/WordPress3\/wp-content\/uploads\/2026\/03\/Migrants.pdf\">Migrants<\/a><a href=\"https:\/\/egliseenbrianconnais.net\/WordPress3\/wp-content\/uploads\/2026\/03\/Migrants.pdf\" class=\"wp-block-file__button wp-element-button\" download aria-describedby=\"wp-block-file--media-6f365617-7aae-4cb9-a6f4-44536c1c3b86\">T\u00e9l\u00e9charger<\/a><\/div>\n\n\n\n<p class=\"has-text-align-center\">************************<\/p>\n\n\n\n<p class=\"has-text-align-center\"><a href=\"https:\/\/egliseenbrianconnais.net\/WordPress3\/wp-content\/uploads\/2026\/02\/Lecho-du-refuge-72.pdf\" type=\"link\" id=\"https:\/\/egliseenbrianconnais.net\/WordPress3\/wp-content\/uploads\/2026\/02\/Lecho-du-refuge-72.pdf\"><strong>L&rsquo;Echo du refuge n\u00b072<\/strong><\/a><\/p>\n\n\n\n<div data-wp-interactive=\"core\/file\" class=\"wp-block-file\"><object data-wp-bind--hidden=\"!state.hasPdfPreview\" hidden class=\"wp-block-file__embed\" data=\"https:\/\/egliseenbrianconnais.net\/WordPress3\/wp-content\/uploads\/2026\/02\/Lecho-du-refuge-72.pdf\" type=\"application\/pdf\" style=\"width:100%;height:200px\" aria-label=\"Contenu embarqu\u00e9 L&apos;echo du refuge 72.\"><\/object><a id=\"wp-block-file--media-4f7ae06d-6fa7-4cd4-8e42-96b5d1699999\" href=\"https:\/\/egliseenbrianconnais.net\/WordPress3\/wp-content\/uploads\/2026\/02\/Lecho-du-refuge-72.pdf\">L&rsquo;echo du refuge 72<\/a><a href=\"https:\/\/egliseenbrianconnais.net\/WordPress3\/wp-content\/uploads\/2026\/02\/Lecho-du-refuge-72.pdf\" class=\"wp-block-file__button wp-element-button\" download aria-describedby=\"wp-block-file--media-4f7ae06d-6fa7-4cd4-8e42-96b5d1699999\">T\u00e9l\u00e9charger<\/a><\/div>\n\n\n\n<p class=\"has-text-align-center\">************************<\/p>\n\n\n\n<p class=\"has-text-align-center\"><strong>Dignit\u00e9 et solidarit\u00e9 dans les&nbsp;Hautes-Alpes<\/strong><\/p>\n\n\n\n<p>Lors de la derni\u00e8re r\u00e9union de toutes les associations li\u00e9es \u00e0 l\u2019aide des personnes exil\u00e9es, nous avons d\u00e9cid\u00e9 d\u2019\u00e9crire une tribune contre l\u2019extr\u00eame droite. Nous souhaitions vous la partager aujourd\u2019hui. L\u2019extr\u00eame droite est aux portes du pouvoir, nous ne pouvons rester indiff\u00e9rent.es alors que l\u2019avenir de l\u2019accueil dans le Brian\u00e7onnais est menac\u00e9.<\/p>\n\n\n\n<p class=\"has-text-align-center\"><a href=\"https:\/\/refugessolidaires.com\/wp-content\/uploads\/2024\/07\/dignite-et-solidarite-dans-les-hautes-alpes.pdf\">T\u00e9l\u00e9chargez le pdf<\/a><\/p>\n\n\n\n<p class=\"has-text-align-center\">************************<\/p>\n\n\n\n<figure class=\"wp-block-video\"><video height=\"1080\" style=\"aspect-ratio: 1920 \/ 1080;\" width=\"1920\" controls src=\"https:\/\/egliseenbrianconnais.net\/WordPress3\/wp-content\/uploads\/2024\/02\/COURT-FILM-avec-logos-Migrant.mp4\"><\/video><\/figure>\n\n\n\n<p class=\"has-text-align-center\"><strong>REFUGE SOLIDAIRE<\/strong><\/p>\n\n\n\n<p class=\"has-text-align-center\">***********************<\/p>\n\n\n<div class=\"wp-block-image\">\n<figure class=\"aligncenter size-large is-resized\"><a href=\"https:\/\/egliseenbrianconnais.net\/WordPress3\/wp-content\/uploads\/2023\/04\/Affiche-appel-a-soutien.jpg\"><img loading=\"lazy\" decoding=\"async\" width=\"721\" height=\"1024\" src=\"https:\/\/egliseenbrianconnais.net\/WordPress3\/wp-content\/uploads\/2023\/04\/Affiche-appel-a-soutien-721x1024.jpg\" alt=\"\" class=\"wp-image-43326\" style=\"width:541px;height:768px\" srcset=\"https:\/\/egliseenbrianconnais.net\/WordPress3\/wp-content\/uploads\/2023\/04\/Affiche-appel-a-soutien-721x1024.jpg 721w, https:\/\/egliseenbrianconnais.net\/WordPress3\/wp-content\/uploads\/2023\/04\/Affiche-appel-a-soutien-211x300.jpg 211w, https:\/\/egliseenbrianconnais.net\/WordPress3\/wp-content\/uploads\/2023\/04\/Affiche-appel-a-soutien-768x1090.jpg 768w, https:\/\/egliseenbrianconnais.net\/WordPress3\/wp-content\/uploads\/2023\/04\/Affiche-appel-a-soutien.jpg 834w\" sizes=\"auto, (max-width: 721px) 100vw, 721px\" \/><\/a><\/figure>\n<\/div>\n\n\n<p class=\"has-text-align-center\"><a href=\"https:\/\/egliseenbrianconnais.net\/WordPress3\/wp-content\/uploads\/2023\/04\/Affiche-appel-a-soutien.pdf\"><strong>APPEL A SOUTIEN : TELECHARGER<\/strong><\/a><\/p>\n\n\n\n<p>Vos dons sont attribu\u00e9s \u00e0 l&rsquo;association de votre choix dont le logo figure en bas de l&rsquo;affiche.<\/p>\n\n\n\n<p>Toutes les personnes accueillies passent par le Refuge, mais toutes les assos, figurant en bas d&rsquo;affiche viennent en soutien.<\/p>\n\n\n\n<p class=\"has-text-align-center\">***********************<\/p>\n\n\n\n<p class=\"has-text-align-center\"><strong>SECOURS CATHOLIQUE<\/strong> : <strong>MIGRANTS<\/strong><\/p>\n\n\n\n<p class=\"has-text-align-center\"><a href=\"https:\/\/egliseenbrianconnais.net\/WordPress3\/wp-content\/uploads\/2023\/03\/Une-politique-de-controle-aux-frontieres-non-conforme-a-la-loi.pdf\"><strong>Une Politique de contr\u00f4le non conforme \u00e0 la Loi<\/strong><\/a><\/p>\n\n\n\n<p class=\"has-text-align-center\">*******************<\/p>\n","protected":false},"excerpt":{"rendered":"<p>&#8212;&#8212;&#8212;&#8212;&#8212;&#8212;&#8212;&#8212;&#8212;&#8212;&#8212;&#8212;&#8212;&#8212;&#8212;&#8212;&#8212;&#8212;&#8212;&#8211; Communiqu\u00e9 : du 28 mars 2026 ************************ L&rsquo;Echo du refuge n\u00b072 ************************ Dignit\u00e9 et solidarit\u00e9 dans les&nbsp;Hautes-Alpes Lors de la derni\u00e8re r\u00e9union de toutes les associations li\u00e9es \u00e0 l\u2019aide des personnes exil\u00e9es, nous avons d\u00e9cid\u00e9 d\u2019\u00e9crire une tribune contre l\u2019extr\u00eame droite. Nous souhaitions vous la partager aujourd\u2019hui. L\u2019extr\u00eame droite est aux portes du pouvoir, [&hellip;]<\/p>\n","protected":false},"author":407,"featured_media":0,"parent":0,"menu_order":0,"comment_status":"closed","ping_status":"closed","template":"","meta":{"jetpack_post_was_ever_published":false,"footnotes":""},"class_list":["post-21023","page","type-page","status-publish","hentry"],"yoast_head":"<!-- This site is optimized with the Yoast SEO plugin v27.3 - https:\/\/yoast.com\/product\/yoast-seo-wordpress\/ -->\n<title>TERRASSES SOLIDAIRES - Eglise en Brian\u00e7onnais<\/title>\n<meta name=\"robots\" content=\"index, follow, max-snippet:-1, max-image-preview:large, max-video-preview:-1\" \/>\n<link rel=\"canonical\" href=\"https:\/\/egliseenbrianconnais.net\/WordPress3\/les-refuges-solidaires\/\" \/>\n<meta property=\"og:locale\" content=\"fr_FR\" \/>\n<meta property=\"og:type\" content=\"article\" \/>\n<meta property=\"og:title\" content=\"TERRASSES SOLIDAIRES - Eglise en Brian\u00e7onnais\" \/>\n<meta property=\"og:description\" content=\"&#8212;&#8212;&#8212;&#8212;&#8212;&#8212;&#8212;&#8212;&#8212;&#8212;&#8212;&#8212;&#8212;&#8212;&#8212;&#8212;&#8212;&#8212;&#8212;&#8211; Communiqu\u00e9 : du 28 mars 2026 ************************ L&rsquo;Echo du refuge n\u00b072 ************************ Dignit\u00e9 et solidarit\u00e9 dans les&nbsp;Hautes-Alpes Lors de la derni\u00e8re r\u00e9union de toutes les associations li\u00e9es \u00e0 l\u2019aide des personnes exil\u00e9es, nous avons d\u00e9cid\u00e9 d\u2019\u00e9crire une tribune contre l\u2019extr\u00eame droite. Nous souhaitions vous la partager aujourd\u2019hui. L\u2019extr\u00eame droite est aux portes du pouvoir, [&hellip;]\" \/>\n<meta property=\"og:url\" content=\"https:\/\/egliseenbrianconnais.net\/WordPress3\/les-refuges-solidaires\/\" \/>\n<meta property=\"og:site_name\" content=\"Eglise en Brian\u00e7onnais\" \/>\n<meta property=\"article:modified_time\" content=\"2026-03-29T21:04:16+00:00\" \/>\n<meta property=\"og:image\" content=\"https:\/\/egliseenbrianconnais.net\/WordPress3\/wp-content\/uploads\/2023\/04\/Affiche-appel-a-soutien.jpg\" \/>\n\t<meta property=\"og:image:width\" content=\"834\" \/>\n\t<meta property=\"og:image:height\" content=\"1184\" \/>\n\t<meta property=\"og:image:type\" content=\"image\/jpeg\" \/>\n<meta name=\"twitter:card\" content=\"summary_large_image\" \/>\n<meta name=\"twitter:label1\" content=\"Dur\u00e9e de lecture estim\u00e9e\" \/>\n\t<meta name=\"twitter:data1\" content=\"1 minute\" \/>\n<script type=\"application\/ld+json\" class=\"yoast-schema-graph\">{\"@context\":\"https:\\\/\\\/schema.org\",\"@graph\":[{\"@type\":\"WebPage\",\"@id\":\"https:\\\/\\\/egliseenbrianconnais.net\\\/WordPress3\\\/les-refuges-solidaires\\\/\",\"url\":\"https:\\\/\\\/egliseenbrianconnais.net\\\/WordPress3\\\/les-refuges-solidaires\\\/\",\"name\":\"TERRASSES SOLIDAIRES - Eglise en Brian\u00e7onnais\",\"isPartOf\":{\"@id\":\"https:\\\/\\\/egliseenbrianconnais.net\\\/WordPress3\\\/#website\"},\"primaryImageOfPage\":{\"@id\":\"https:\\\/\\\/egliseenbrianconnais.net\\\/WordPress3\\\/les-refuges-solidaires\\\/#primaryimage\"},\"image\":{\"@id\":\"https:\\\/\\\/egliseenbrianconnais.net\\\/WordPress3\\\/les-refuges-solidaires\\\/#primaryimage\"},\"thumbnailUrl\":\"https:\\\/\\\/egliseenbrianconnais.net\\\/WordPress3\\\/wp-content\\\/uploads\\\/2023\\\/04\\\/Affiche-appel-a-soutien-721x1024.jpg\",\"datePublished\":\"2018-10-02T14:19:56+00:00\",\"dateModified\":\"2026-03-29T21:04:16+00:00\",\"breadcrumb\":{\"@id\":\"https:\\\/\\\/egliseenbrianconnais.net\\\/WordPress3\\\/les-refuges-solidaires\\\/#breadcrumb\"},\"inLanguage\":\"fr-FR\",\"potentialAction\":[{\"@type\":\"ReadAction\",\"target\":[\"https:\\\/\\\/egliseenbrianconnais.net\\\/WordPress3\\\/les-refuges-solidaires\\\/\"]}]},{\"@type\":\"ImageObject\",\"inLanguage\":\"fr-FR\",\"@id\":\"https:\\\/\\\/egliseenbrianconnais.net\\\/WordPress3\\\/les-refuges-solidaires\\\/#primaryimage\",\"url\":\"https:\\\/\\\/egliseenbrianconnais.net\\\/WordPress3\\\/wp-content\\\/uploads\\\/2023\\\/04\\\/Affiche-appel-a-soutien.jpg\",\"contentUrl\":\"https:\\\/\\\/egliseenbrianconnais.net\\\/WordPress3\\\/wp-content\\\/uploads\\\/2023\\\/04\\\/Affiche-appel-a-soutien.jpg\",\"width\":834,\"height\":1184},{\"@type\":\"BreadcrumbList\",\"@id\":\"https:\\\/\\\/egliseenbrianconnais.net\\\/WordPress3\\\/les-refuges-solidaires\\\/#breadcrumb\",\"itemListElement\":[{\"@type\":\"ListItem\",\"position\":1,\"name\":\"Accueil\",\"item\":\"https:\\\/\\\/egliseenbrianconnais.net\\\/WordPress3\\\/\"},{\"@type\":\"ListItem\",\"position\":2,\"name\":\"TERRASSES SOLIDAIRES\"}]},{\"@type\":\"WebSite\",\"@id\":\"https:\\\/\\\/egliseenbrianconnais.net\\\/WordPress3\\\/#website\",\"url\":\"https:\\\/\\\/egliseenbrianconnais.net\\\/WordPress3\\\/\",\"name\":\"EgliseenBrian\u00e7onnais\",\"description\":\"BIENVENUE !\",\"publisher\":{\"@id\":\"https:\\\/\\\/egliseenbrianconnais.net\\\/WordPress3\\\/#organization\"},\"potentialAction\":[{\"@type\":\"SearchAction\",\"target\":{\"@type\":\"EntryPoint\",\"urlTemplate\":\"https:\\\/\\\/egliseenbrianconnais.net\\\/WordPress3\\\/?s={search_term_string}\"},\"query-input\":{\"@type\":\"PropertyValueSpecification\",\"valueRequired\":true,\"valueName\":\"search_term_string\"}}],\"inLanguage\":\"fr-FR\"},{\"@type\":\"Organization\",\"@id\":\"https:\\\/\\\/egliseenbrianconnais.net\\\/WordPress3\\\/#organization\",\"name\":\"EgliseenBrian\u00e7onnais\",\"url\":\"https:\\\/\\\/egliseenbrianconnais.net\\\/WordPress3\\\/\",\"logo\":{\"@type\":\"ImageObject\",\"inLanguage\":\"fr-FR\",\"@id\":\"https:\\\/\\\/egliseenbrianconnais.net\\\/WordPress3\\\/#\\\/schema\\\/logo\\\/image\\\/\",\"url\":\"http:\\\/\\\/egliseenbrianconnais.net\\\/WordPress3\\\/wp-content\\\/uploads\\\/2021\\\/09\\\/Logo-Ste-Catherine.jpg\",\"contentUrl\":\"http:\\\/\\\/egliseenbrianconnais.net\\\/WordPress3\\\/wp-content\\\/uploads\\\/2021\\\/09\\\/Logo-Ste-Catherine.jpg\",\"width\":850,\"height\":1417,\"caption\":\"EgliseenBrian\u00e7onnais\"},\"image\":{\"@id\":\"https:\\\/\\\/egliseenbrianconnais.net\\\/WordPress3\\\/#\\\/schema\\\/logo\\\/image\\\/\"}}]}<\/script>\n<!-- \/ Yoast SEO plugin. -->","yoast_head_json":{"title":"TERRASSES SOLIDAIRES - Eglise en Brian\u00e7onnais","robots":{"index":"index","follow":"follow","max-snippet":"max-snippet:-1","max-image-preview":"max-image-preview:large","max-video-preview":"max-video-preview:-1"},"canonical":"https:\/\/egliseenbrianconnais.net\/WordPress3\/les-refuges-solidaires\/","og_locale":"fr_FR","og_type":"article","og_title":"TERRASSES SOLIDAIRES - Eglise en Brian\u00e7onnais","og_description":"&#8212;&#8212;&#8212;&#8212;&#8212;&#8212;&#8212;&#8212;&#8212;&#8212;&#8212;&#8212;&#8212;&#8212;&#8212;&#8212;&#8212;&#8212;&#8212;&#8211; Communiqu\u00e9 : du 28 mars 2026 ************************ L&rsquo;Echo du refuge n\u00b072 ************************ Dignit\u00e9 et solidarit\u00e9 dans les&nbsp;Hautes-Alpes Lors de la derni\u00e8re r\u00e9union de toutes les associations li\u00e9es \u00e0 l\u2019aide des personnes exil\u00e9es, nous avons d\u00e9cid\u00e9 d\u2019\u00e9crire une tribune contre l\u2019extr\u00eame droite. Nous souhaitions vous la partager aujourd\u2019hui. L\u2019extr\u00eame droite est aux portes du pouvoir, [&hellip;]","og_url":"https:\/\/egliseenbrianconnais.net\/WordPress3\/les-refuges-solidaires\/","og_site_name":"Eglise en Brian\u00e7onnais","article_modified_time":"2026-03-29T21:04:16+00:00","og_image":[{"width":834,"height":1184,"url":"https:\/\/egliseenbrianconnais.net\/WordPress3\/wp-content\/uploads\/2023\/04\/Affiche-appel-a-soutien.jpg","type":"image\/jpeg"}],"twitter_card":"summary_large_image","twitter_misc":{"Dur\u00e9e de lecture estim\u00e9e":"1 minute"},"schema":{"@context":"https:\/\/schema.org","@graph":[{"@type":"WebPage","@id":"https:\/\/egliseenbrianconnais.net\/WordPress3\/les-refuges-solidaires\/","url":"https:\/\/egliseenbrianconnais.net\/WordPress3\/les-refuges-solidaires\/","name":"TERRASSES SOLIDAIRES - Eglise en Brian\u00e7onnais","isPartOf":{"@id":"https:\/\/egliseenbrianconnais.net\/WordPress3\/#website"},"primaryImageOfPage":{"@id":"https:\/\/egliseenbrianconnais.net\/WordPress3\/les-refuges-solidaires\/#primaryimage"},"image":{"@id":"https:\/\/egliseenbrianconnais.net\/WordPress3\/les-refuges-solidaires\/#primaryimage"},"thumbnailUrl":"https:\/\/egliseenbrianconnais.net\/WordPress3\/wp-content\/uploads\/2023\/04\/Affiche-appel-a-soutien-721x1024.jpg","datePublished":"2018-10-02T14:19:56+00:00","dateModified":"2026-03-29T21:04:16+00:00","breadcrumb":{"@id":"https:\/\/egliseenbrianconnais.net\/WordPress3\/les-refuges-solidaires\/#breadcrumb"},"inLanguage":"fr-FR","potentialAction":[{"@type":"ReadAction","target":["https:\/\/egliseenbrianconnais.net\/WordPress3\/les-refuges-solidaires\/"]}]},{"@type":"ImageObject","inLanguage":"fr-FR","@id":"https:\/\/egliseenbrianconnais.net\/WordPress3\/les-refuges-solidaires\/#primaryimage","url":"https:\/\/egliseenbrianconnais.net\/WordPress3\/wp-content\/uploads\/2023\/04\/Affiche-appel-a-soutien.jpg","contentUrl":"https:\/\/egliseenbrianconnais.net\/WordPress3\/wp-content\/uploads\/2023\/04\/Affiche-appel-a-soutien.jpg","width":834,"height":1184},{"@type":"BreadcrumbList","@id":"https:\/\/egliseenbrianconnais.net\/WordPress3\/les-refuges-solidaires\/#breadcrumb","itemListElement":[{"@type":"ListItem","position":1,"name":"Accueil","item":"https:\/\/egliseenbrianconnais.net\/WordPress3\/"},{"@type":"ListItem","position":2,"name":"TERRASSES SOLIDAIRES"}]},{"@type":"WebSite","@id":"https:\/\/egliseenbrianconnais.net\/WordPress3\/#website","url":"https:\/\/egliseenbrianconnais.net\/WordPress3\/","name":"EgliseenBrian\u00e7onnais","description":"BIENVENUE !","publisher":{"@id":"https:\/\/egliseenbrianconnais.net\/WordPress3\/#organization"},"potentialAction":[{"@type":"SearchAction","target":{"@type":"EntryPoint","urlTemplate":"https:\/\/egliseenbrianconnais.net\/WordPress3\/?s={search_term_string}"},"query-input":{"@type":"PropertyValueSpecification","valueRequired":true,"valueName":"search_term_string"}}],"inLanguage":"fr-FR"},{"@type":"Organization","@id":"https:\/\/egliseenbrianconnais.net\/WordPress3\/#organization","name":"EgliseenBrian\u00e7onnais","url":"https:\/\/egliseenbrianconnais.net\/WordPress3\/","logo":{"@type":"ImageObject","inLanguage":"fr-FR","@id":"https:\/\/egliseenbrianconnais.net\/WordPress3\/#\/schema\/logo\/image\/","url":"http:\/\/egliseenbrianconnais.net\/WordPress3\/wp-content\/uploads\/2021\/09\/Logo-Ste-Catherine.jpg","contentUrl":"http:\/\/egliseenbrianconnais.net\/WordPress3\/wp-content\/uploads\/2021\/09\/Logo-Ste-Catherine.jpg","width":850,"height":1417,"caption":"EgliseenBrian\u00e7onnais"},"image":{"@id":"https:\/\/egliseenbrianconnais.net\/WordPress3\/#\/schema\/logo\/image\/"}}]}},"jetpack_sharing_enabled":true,"_links":{"self":[{"href":"https:\/\/egliseenbrianconnais.net\/WordPress3\/wp-json\/wp\/v2\/pages\/21023","targetHints":{"allow":["GET"]}}],"collection":[{"href":"https:\/\/egliseenbrianconnais.net\/WordPress3\/wp-json\/wp\/v2\/pages"}],"about":[{"href":"https:\/\/egliseenbrianconnais.net\/WordPress3\/wp-json\/wp\/v2\/types\/page"}],"author":[{"embeddable":true,"href":"https:\/\/egliseenbrianconnais.net\/WordPress3\/wp-json\/wp\/v2\/users\/407"}],"replies":[{"embeddable":true,"href":"https:\/\/egliseenbrianconnais.net\/WordPress3\/wp-json\/wp\/v2\/comments?post=21023"}],"version-history":[{"count":55,"href":"https:\/\/egliseenbrianconnais.net\/WordPress3\/wp-json\/wp\/v2\/pages\/21023\/revisions"}],"predecessor-version":[{"id":50204,"href":"https:\/\/egliseenbrianconnais.net\/WordPress3\/wp-json\/wp\/v2\/pages\/21023\/revisions\/50204"}],"wp:attachment":[{"href":"https:\/\/egliseenbrianconnais.net\/WordPress3\/wp-json\/wp\/v2\/media?parent=21023"}],"curies":[{"name":"wp","href":"https:\/\/api.w.org\/{rel}","templated":true}]}}