{"id":16367,"date":"2017-11-05T09:30:08","date_gmt":"2017-11-05T08:30:08","guid":{"rendered":"http:\/\/egliseenbrianconnais.net\/WordPress3\/?page_id=16367"},"modified":"2021-09-19T12:30:22","modified_gmt":"2021-09-19T11:30:22","slug":"eglise-verte","status":"publish","type":"page","link":"https:\/\/egliseenbrianconnais.net\/WordPress3\/annonce-de-la-parole\/eglise-verte\/","title":{"rendered":"EGLISE VERTE"},"content":{"rendered":"\n<p class=\"has-text-align-center has-text-color has-larger-font-size\" style=\"color:#217396\"><strong><a href=\"https:\/\/www.egliseverte.org\/videos\">VIDEOS<\/a><\/strong><\/p>\n\n\n\n<p class=\"has-text-align-center\"><strong>Lancement du label Eglise Verte&nbsp;:<\/strong><\/p>\n\n\n\n<div class=\"wp-block-image is-style-default\"><figure class=\"aligncenter size-full\"><img loading=\"lazy\" decoding=\"async\" width=\"210\" height=\"90\" src=\"http:\/\/egliseenbrianconnais.net\/WordPress3\/wp-content\/uploads\/2021\/09\/Logo-Eglise-Verte-210x90.jpg\" alt=\"\" class=\"wp-image-34543\"\/><\/figure><\/div>\n\n\n\n<p class=\"has-text-align-center\">EGLISE VERTE C\u2019EST PARTI\u00a0!<\/p>\n\n\n\n<p><br \/>Les rep\u00e8res de la journ\u00e9e de lancement du 16 septembre \u00e0 Paris<br \/>Pr\u00e9sentation du label et r\u00e9actions de plusieurs participants \u00e0 cette d\u00e9marche qui engagent toutes nos \u00e9glises.<br \/><br \/><strong>Des t\u00e9moins<\/strong><br \/>&#8211; Robin SAUTTER &#8211; Pasteur d&rsquo;une paroisse engag\u00e9e, \u00e0 Romans sur Is\u00e8re<br \/>&#8211; Mgr FEILLET &#8211; Charg\u00e9 de l&rsquo;\u00e9cologie pour l&rsquo;\u00e9piscopat de France<br \/>&#8211; Fran\u00e7ois CLAVAIROLY &#8211; Pr\u00e9sident de la F\u00e9d\u00e9ration Protestante de France<br \/>&#8211; Alain MASTIO &#8211; Paroisse protestante de Haguenau<br \/>&#8211; Gianni FAZZINI &#8211; Cur\u00e9 d&rsquo;Altino, Venise M\u00e9lisse &#8211; de la Communaut\u00e9 de l&rsquo;Emmanuel<br \/>&#8211; Nicolas &#8211; de la Communaut\u00e9 de l&rsquo;Emmanuel, un jeune plein d&rsquo;enthousiasme<br \/>&#8211; Sylvain DURGNAT &#8211; Pasteur en Suisse, \u00ab\u00a0labellisation Eglise Verte\u00a0\u00bb<br \/><br \/><strong>Des soutiens<\/strong><br \/>Norman LEVESQUE\u00a0: l\u2019encouragement du r\u00e9seau Eglise Verte au Canada.<br \/>Un aper\u00e7u de l\u2019historique et de la croissance rapide du r\u00e9seau.<br \/>L\u2019\u00e9quipe d\u2019OECO\u00a0: nos amis Suisses adressent leurs encouragements \u00e0 Eglise Verte.<br \/>OECO existe depuis plusieurs ann\u00e9es en Suisse et son \u00e9quipe est dynamique.<br \/><br \/><strong>Les interventions pl\u00e9ni\u00e8res de la journ\u00e9e du 16 septembre<\/strong><br \/><a href=\"https:\/\/mcr.asso.fr\/religion\/actualites-eglise\/journee-nationale-de-lancement-du-label-eglise-verte\/\">Retour sur la journ\u00e9e du 16 septembre 2017<\/a><br \/><br \/><strong>Ecologie un enjeu spirituel, pastoral, universel<\/strong><br \/>L&rsquo;\u00e9cologie un enjeu spirituel, pastoral et universel<br \/>Txetx ETCHEVERRY &#8211; co-fondateur d&rsquo;Alternatiba<br \/>Les chr\u00e9tiens sont attendus par la soci\u00e9t\u00e9 en parole et en action \u00e0 l&rsquo;appel poignant d&rsquo;un non croyant pour une mobilisation des chr\u00e9tiens. Il y a urgence absolue : \u00ab\u00a0la temp\u00e9rature de la plan\u00e8te s&#8217;emballe\u00a0\u00bb !<br \/>Fran\u00e7ois EITVE &#8211; Th\u00e9ologien j\u00e9suite, directeur de la revue \u00c9tudes De l&rsquo;\u00e9cologie, \u00ab\u00a0science des interd\u00e9pendances au sein de la cr\u00e9ation, au salut\u00a0\u00bb.<br \/>Michel Maxime EGGER &#8211; Sociologue orthodoxe auteur de La terre comme soi<br \/>Martin KOPP &#8211; Docteur en th\u00e9ologie, coordinateur du groupe climat de la F\u00e9d\u00e9ration protestante de France.<br \/><br \/><strong>L\u2019\u00e9co-diagnostic et le label, pratique et exemples<\/strong><br \/>La mise en pratique concr\u00e8te de l&rsquo;\u00e9co-diagnostic, du label et des exemples : Paul JEANSON &#8211; La pr\u00e9sentation du fonctionnement de l&rsquo;\u00e9co-diagnostic et de l&rsquo;attribution des niveaux d&rsquo;\u00e9tiquettes ; Membre d&rsquo;A Rocha, co-animateur du r\u00e9seau \u00e9glise verte avec Laura Morosini (AVEC), il fait une pr\u00e9sentation rapide et pratique ! Pam MARTIN &#8211; Une illustration d&rsquo;un processus suivi pendant plusieurs ann\u00e9es dans une paroisse anglaise. Une grande vari\u00e9t\u00e9 d&rsquo;initiatives prises dans le cadre du processus de labellisation \u00ab\u00a0cochurch\u00a0\u00bb et qui a conduit son fils Gianni FAZZINI -Pr\u00eatre d&rsquo;une paroisse italienne &#8211; montre comment s&rsquo;est mis en place une dynamique solidaire. Sylvain DURGNAT &#8211; Pasteur d&rsquo;une paroisse \u00e0 l&rsquo;ouest de LAUSANNE pr\u00e9sente notamment comment cette \u00e9glise a reconsid\u00e9r\u00e9 compl\u00e8tement sa consommation d&rsquo;\u00e9nergie.<br \/><br \/><strong>Les envois<\/strong><br \/>Fran\u00e7ois CLAVAIROLY \u2013 Pr\u00e9sident de la F\u00e9d\u00e9ration Protestante de France.<br \/>Monseigneur FEILLET \u2013 Responsable de l\u2019\u00e9cologie pour l\u2019\u00e9piscopat fran\u00e7ais.<br \/><br \/><strong>Le temps pour la cr\u00e9ation<\/strong><br \/>Un petit pas concret c\u2019est mieux qu\u2019un kilom\u00e8tre th\u00e9orique.<br \/><br \/>Nous contacter :\u00a0<a href=\"mailto:contact@egliseverte.org\">contact@egliseverte.org<\/a><\/p>\n\n\n\n<p><\/p>\n","protected":false},"excerpt":{"rendered":"<p>VIDEOS Lancement du label Eglise Verte&nbsp;: EGLISE VERTE C\u2019EST PARTI\u00a0! Les rep\u00e8res de la journ\u00e9e de lancement du 16 septembre \u00e0 ParisPr\u00e9sentation du label et r\u00e9actions de plusieurs participants \u00e0 cette d\u00e9marche qui engagent toutes nos \u00e9glises. Des t\u00e9moins&#8211; Robin SAUTTER &#8211; Pasteur d&rsquo;une paroisse engag\u00e9e, \u00e0 Romans sur Is\u00e8re&#8211; Mgr FEILLET &#8211; Charg\u00e9 de [&hellip;]<\/p>\n","protected":false},"author":407,"featured_media":0,"parent":12426,"menu_order":0,"comment_status":"closed","ping_status":"closed","template":"","meta":{"jetpack_post_was_ever_published":false,"footnotes":""},"class_list":["post-16367","page","type-page","status-publish","hentry"],"yoast_head":"<!-- This site is optimized with the Yoast SEO plugin v27.4 - https:\/\/yoast.com\/product\/yoast-seo-wordpress\/ -->\n<title>EGLISE VERTE - Eglise en Brian\u00e7onnais<\/title>\n<meta name=\"robots\" content=\"index, follow, max-snippet:-1, max-image-preview:large, max-video-preview:-1\" \/>\n<link rel=\"canonical\" href=\"https:\/\/egliseenbrianconnais.net\/WordPress3\/annonce-de-la-parole\/eglise-verte\/\" \/>\n<meta property=\"og:locale\" content=\"fr_FR\" \/>\n<meta property=\"og:type\" content=\"article\" \/>\n<meta property=\"og:title\" content=\"EGLISE VERTE - Eglise en Brian\u00e7onnais\" \/>\n<meta property=\"og:description\" content=\"VIDEOS Lancement du label Eglise Verte&nbsp;: EGLISE VERTE C\u2019EST PARTI\u00a0! Les rep\u00e8res de la journ\u00e9e de lancement du 16 septembre \u00e0 ParisPr\u00e9sentation du label et r\u00e9actions de plusieurs participants \u00e0 cette d\u00e9marche qui engagent toutes nos \u00e9glises. Des t\u00e9moins&#8211; Robin SAUTTER &#8211; Pasteur d&rsquo;une paroisse engag\u00e9e, \u00e0 Romans sur Is\u00e8re&#8211; Mgr FEILLET &#8211; Charg\u00e9 de [&hellip;]\" \/>\n<meta property=\"og:url\" content=\"https:\/\/egliseenbrianconnais.net\/WordPress3\/annonce-de-la-parole\/eglise-verte\/\" \/>\n<meta property=\"og:site_name\" content=\"Eglise en Brian\u00e7onnais\" \/>\n<meta property=\"article:modified_time\" content=\"2021-09-19T11:30:22+00:00\" \/>\n<meta property=\"og:image\" content=\"http:\/\/egliseenbrianconnais.net\/WordPress3\/wp-content\/uploads\/2021\/09\/Logo-Eglise-Verte-210x90.jpg\" \/>\n<meta name=\"twitter:card\" content=\"summary_large_image\" \/>\n<meta name=\"twitter:label1\" content=\"Dur\u00e9e de lecture estim\u00e9e\" \/>\n\t<meta name=\"twitter:data1\" content=\"3 minutes\" \/>\n<script type=\"application\/ld+json\" class=\"yoast-schema-graph\">{\"@context\":\"https:\\\/\\\/schema.org\",\"@graph\":[{\"@type\":\"WebPage\",\"@id\":\"https:\\\/\\\/egliseenbrianconnais.net\\\/WordPress3\\\/annonce-de-la-parole\\\/eglise-verte\\\/\",\"url\":\"https:\\\/\\\/egliseenbrianconnais.net\\\/WordPress3\\\/annonce-de-la-parole\\\/eglise-verte\\\/\",\"name\":\"EGLISE VERTE - Eglise en Brian\u00e7onnais\",\"isPartOf\":{\"@id\":\"https:\\\/\\\/egliseenbrianconnais.net\\\/WordPress3\\\/#website\"},\"primaryImageOfPage\":{\"@id\":\"https:\\\/\\\/egliseenbrianconnais.net\\\/WordPress3\\\/annonce-de-la-parole\\\/eglise-verte\\\/#primaryimage\"},\"image\":{\"@id\":\"https:\\\/\\\/egliseenbrianconnais.net\\\/WordPress3\\\/annonce-de-la-parole\\\/eglise-verte\\\/#primaryimage\"},\"thumbnailUrl\":\"http:\\\/\\\/egliseenbrianconnais.net\\\/WordPress3\\\/wp-content\\\/uploads\\\/2021\\\/09\\\/Logo-Eglise-Verte-210x90.jpg\",\"datePublished\":\"2017-11-05T08:30:08+00:00\",\"dateModified\":\"2021-09-19T11:30:22+00:00\",\"breadcrumb\":{\"@id\":\"https:\\\/\\\/egliseenbrianconnais.net\\\/WordPress3\\\/annonce-de-la-parole\\\/eglise-verte\\\/#breadcrumb\"},\"inLanguage\":\"fr-FR\",\"potentialAction\":[{\"@type\":\"ReadAction\",\"target\":[\"https:\\\/\\\/egliseenbrianconnais.net\\\/WordPress3\\\/annonce-de-la-parole\\\/eglise-verte\\\/\"]}]},{\"@type\":\"ImageObject\",\"inLanguage\":\"fr-FR\",\"@id\":\"https:\\\/\\\/egliseenbrianconnais.net\\\/WordPress3\\\/annonce-de-la-parole\\\/eglise-verte\\\/#primaryimage\",\"url\":\"https:\\\/\\\/egliseenbrianconnais.net\\\/WordPress3\\\/wp-content\\\/uploads\\\/2021\\\/09\\\/Logo-Eglise-Verte-210x90.jpg\",\"contentUrl\":\"https:\\\/\\\/egliseenbrianconnais.net\\\/WordPress3\\\/wp-content\\\/uploads\\\/2021\\\/09\\\/Logo-Eglise-Verte-210x90.jpg\",\"width\":210,\"height\":90},{\"@type\":\"BreadcrumbList\",\"@id\":\"https:\\\/\\\/egliseenbrianconnais.net\\\/WordPress3\\\/annonce-de-la-parole\\\/eglise-verte\\\/#breadcrumb\",\"itemListElement\":[{\"@type\":\"ListItem\",\"position\":1,\"name\":\"Accueil\",\"item\":\"https:\\\/\\\/egliseenbrianconnais.net\\\/WordPress3\\\/\"},{\"@type\":\"ListItem\",\"position\":2,\"name\":\"ANNONCE DE LA PAROLE\",\"item\":\"https:\\\/\\\/egliseenbrianconnais.net\\\/WordPress3\\\/annonce-de-la-parole\\\/\"},{\"@type\":\"ListItem\",\"position\":3,\"name\":\"EGLISE VERTE\"}]},{\"@type\":\"WebSite\",\"@id\":\"https:\\\/\\\/egliseenbrianconnais.net\\\/WordPress3\\\/#website\",\"url\":\"https:\\\/\\\/egliseenbrianconnais.net\\\/WordPress3\\\/\",\"name\":\"EgliseenBrian\u00e7onnais\",\"description\":\"BIENVENUE !\",\"publisher\":{\"@id\":\"https:\\\/\\\/egliseenbrianconnais.net\\\/WordPress3\\\/#organization\"},\"potentialAction\":[{\"@type\":\"SearchAction\",\"target\":{\"@type\":\"EntryPoint\",\"urlTemplate\":\"https:\\\/\\\/egliseenbrianconnais.net\\\/WordPress3\\\/?s={search_term_string}\"},\"query-input\":{\"@type\":\"PropertyValueSpecification\",\"valueRequired\":true,\"valueName\":\"search_term_string\"}}],\"inLanguage\":\"fr-FR\"},{\"@type\":\"Organization\",\"@id\":\"https:\\\/\\\/egliseenbrianconnais.net\\\/WordPress3\\\/#organization\",\"name\":\"EgliseenBrian\u00e7onnais\",\"url\":\"https:\\\/\\\/egliseenbrianconnais.net\\\/WordPress3\\\/\",\"logo\":{\"@type\":\"ImageObject\",\"inLanguage\":\"fr-FR\",\"@id\":\"https:\\\/\\\/egliseenbrianconnais.net\\\/WordPress3\\\/#\\\/schema\\\/logo\\\/image\\\/\",\"url\":\"http:\\\/\\\/egliseenbrianconnais.net\\\/WordPress3\\\/wp-content\\\/uploads\\\/2021\\\/09\\\/Logo-Ste-Catherine.jpg\",\"contentUrl\":\"http:\\\/\\\/egliseenbrianconnais.net\\\/WordPress3\\\/wp-content\\\/uploads\\\/2021\\\/09\\\/Logo-Ste-Catherine.jpg\",\"width\":850,\"height\":1417,\"caption\":\"EgliseenBrian\u00e7onnais\"},\"image\":{\"@id\":\"https:\\\/\\\/egliseenbrianconnais.net\\\/WordPress3\\\/#\\\/schema\\\/logo\\\/image\\\/\"}}]}<\/script>\n<!-- \/ Yoast SEO plugin. -->","yoast_head_json":{"title":"EGLISE VERTE - Eglise en Brian\u00e7onnais","robots":{"index":"index","follow":"follow","max-snippet":"max-snippet:-1","max-image-preview":"max-image-preview:large","max-video-preview":"max-video-preview:-1"},"canonical":"https:\/\/egliseenbrianconnais.net\/WordPress3\/annonce-de-la-parole\/eglise-verte\/","og_locale":"fr_FR","og_type":"article","og_title":"EGLISE VERTE - Eglise en Brian\u00e7onnais","og_description":"VIDEOS Lancement du label Eglise Verte&nbsp;: EGLISE VERTE C\u2019EST PARTI\u00a0! Les rep\u00e8res de la journ\u00e9e de lancement du 16 septembre \u00e0 ParisPr\u00e9sentation du label et r\u00e9actions de plusieurs participants \u00e0 cette d\u00e9marche qui engagent toutes nos \u00e9glises. Des t\u00e9moins&#8211; Robin SAUTTER &#8211; Pasteur d&rsquo;une paroisse engag\u00e9e, \u00e0 Romans sur Is\u00e8re&#8211; Mgr FEILLET &#8211; Charg\u00e9 de [&hellip;]","og_url":"https:\/\/egliseenbrianconnais.net\/WordPress3\/annonce-de-la-parole\/eglise-verte\/","og_site_name":"Eglise en Brian\u00e7onnais","article_modified_time":"2021-09-19T11:30:22+00:00","og_image":[{"url":"http:\/\/egliseenbrianconnais.net\/WordPress3\/wp-content\/uploads\/2021\/09\/Logo-Eglise-Verte-210x90.jpg","type":"","width":"","height":""}],"twitter_card":"summary_large_image","twitter_misc":{"Dur\u00e9e de lecture estim\u00e9e":"3 minutes"},"schema":{"@context":"https:\/\/schema.org","@graph":[{"@type":"WebPage","@id":"https:\/\/egliseenbrianconnais.net\/WordPress3\/annonce-de-la-parole\/eglise-verte\/","url":"https:\/\/egliseenbrianconnais.net\/WordPress3\/annonce-de-la-parole\/eglise-verte\/","name":"EGLISE VERTE - Eglise en Brian\u00e7onnais","isPartOf":{"@id":"https:\/\/egliseenbrianconnais.net\/WordPress3\/#website"},"primaryImageOfPage":{"@id":"https:\/\/egliseenbrianconnais.net\/WordPress3\/annonce-de-la-parole\/eglise-verte\/#primaryimage"},"image":{"@id":"https:\/\/egliseenbrianconnais.net\/WordPress3\/annonce-de-la-parole\/eglise-verte\/#primaryimage"},"thumbnailUrl":"http:\/\/egliseenbrianconnais.net\/WordPress3\/wp-content\/uploads\/2021\/09\/Logo-Eglise-Verte-210x90.jpg","datePublished":"2017-11-05T08:30:08+00:00","dateModified":"2021-09-19T11:30:22+00:00","breadcrumb":{"@id":"https:\/\/egliseenbrianconnais.net\/WordPress3\/annonce-de-la-parole\/eglise-verte\/#breadcrumb"},"inLanguage":"fr-FR","potentialAction":[{"@type":"ReadAction","target":["https:\/\/egliseenbrianconnais.net\/WordPress3\/annonce-de-la-parole\/eglise-verte\/"]}]},{"@type":"ImageObject","inLanguage":"fr-FR","@id":"https:\/\/egliseenbrianconnais.net\/WordPress3\/annonce-de-la-parole\/eglise-verte\/#primaryimage","url":"https:\/\/egliseenbrianconnais.net\/WordPress3\/wp-content\/uploads\/2021\/09\/Logo-Eglise-Verte-210x90.jpg","contentUrl":"https:\/\/egliseenbrianconnais.net\/WordPress3\/wp-content\/uploads\/2021\/09\/Logo-Eglise-Verte-210x90.jpg","width":210,"height":90},{"@type":"BreadcrumbList","@id":"https:\/\/egliseenbrianconnais.net\/WordPress3\/annonce-de-la-parole\/eglise-verte\/#breadcrumb","itemListElement":[{"@type":"ListItem","position":1,"name":"Accueil","item":"https:\/\/egliseenbrianconnais.net\/WordPress3\/"},{"@type":"ListItem","position":2,"name":"ANNONCE DE LA PAROLE","item":"https:\/\/egliseenbrianconnais.net\/WordPress3\/annonce-de-la-parole\/"},{"@type":"ListItem","position":3,"name":"EGLISE VERTE"}]},{"@type":"WebSite","@id":"https:\/\/egliseenbrianconnais.net\/WordPress3\/#website","url":"https:\/\/egliseenbrianconnais.net\/WordPress3\/","name":"EgliseenBrian\u00e7onnais","description":"BIENVENUE !","publisher":{"@id":"https:\/\/egliseenbrianconnais.net\/WordPress3\/#organization"},"potentialAction":[{"@type":"SearchAction","target":{"@type":"EntryPoint","urlTemplate":"https:\/\/egliseenbrianconnais.net\/WordPress3\/?s={search_term_string}"},"query-input":{"@type":"PropertyValueSpecification","valueRequired":true,"valueName":"search_term_string"}}],"inLanguage":"fr-FR"},{"@type":"Organization","@id":"https:\/\/egliseenbrianconnais.net\/WordPress3\/#organization","name":"EgliseenBrian\u00e7onnais","url":"https:\/\/egliseenbrianconnais.net\/WordPress3\/","logo":{"@type":"ImageObject","inLanguage":"fr-FR","@id":"https:\/\/egliseenbrianconnais.net\/WordPress3\/#\/schema\/logo\/image\/","url":"http:\/\/egliseenbrianconnais.net\/WordPress3\/wp-content\/uploads\/2021\/09\/Logo-Ste-Catherine.jpg","contentUrl":"http:\/\/egliseenbrianconnais.net\/WordPress3\/wp-content\/uploads\/2021\/09\/Logo-Ste-Catherine.jpg","width":850,"height":1417,"caption":"EgliseenBrian\u00e7onnais"},"image":{"@id":"https:\/\/egliseenbrianconnais.net\/WordPress3\/#\/schema\/logo\/image\/"}}]}},"jetpack_sharing_enabled":true,"_links":{"self":[{"href":"https:\/\/egliseenbrianconnais.net\/WordPress3\/wp-json\/wp\/v2\/pages\/16367","targetHints":{"allow":["GET"]}}],"collection":[{"href":"https:\/\/egliseenbrianconnais.net\/WordPress3\/wp-json\/wp\/v2\/pages"}],"about":[{"href":"https:\/\/egliseenbrianconnais.net\/WordPress3\/wp-json\/wp\/v2\/types\/page"}],"author":[{"embeddable":true,"href":"https:\/\/egliseenbrianconnais.net\/WordPress3\/wp-json\/wp\/v2\/users\/407"}],"replies":[{"embeddable":true,"href":"https:\/\/egliseenbrianconnais.net\/WordPress3\/wp-json\/wp\/v2\/comments?post=16367"}],"version-history":[{"count":0,"href":"https:\/\/egliseenbrianconnais.net\/WordPress3\/wp-json\/wp\/v2\/pages\/16367\/revisions"}],"up":[{"embeddable":true,"href":"https:\/\/egliseenbrianconnais.net\/WordPress3\/wp-json\/wp\/v2\/pages\/12426"}],"wp:attachment":[{"href":"https:\/\/egliseenbrianconnais.net\/WordPress3\/wp-json\/wp\/v2\/media?parent=16367"}],"curies":[{"name":"wp","href":"https:\/\/api.w.org\/{rel}","templated":true}]}}