{"id":14345,"date":"2019-08-22T13:31:50","date_gmt":"2019-08-22T12:31:50","guid":{"rendered":"http:\/\/egliseenbrianconnais.net\/WordPress3\/?page_id=14345"},"modified":"2026-03-13T08:46:38","modified_gmt":"2026-03-13T07:46:38","slug":"82-4000","status":"publish","type":"page","link":"https:\/\/egliseenbrianconnais.net\/WordPress3\/vie-caritative\/82-4000\/","title":{"rendered":"82-4000"},"content":{"rendered":"\n<p class=\"has-text-align-center\">*******************<\/p>\n\n\n\n<div data-wp-interactive=\"core\/file\" class=\"wp-block-file\"><object data-wp-bind--hidden=\"!state.hasPdfPreview\" hidden class=\"wp-block-file__embed\" data=\"https:\/\/egliseenbrianconnais.net\/WordPress3\/wp-content\/uploads\/2026\/03\/82-4000-Sejours-2026.pdf\" type=\"application\/pdf\" style=\"width:100%;height:200px\" aria-label=\"Contenu embarqu\u00e9 82-4000 S\u00e9jours 2026.\"><\/object><a id=\"wp-block-file--media-6fbb60d0-254a-40f0-a52f-edf2164167c0\" href=\"https:\/\/egliseenbrianconnais.net\/WordPress3\/wp-content\/uploads\/2026\/03\/82-4000-Sejours-2026.pdf\">82-4000 S\u00e9jours 2026<\/a><a href=\"https:\/\/egliseenbrianconnais.net\/WordPress3\/wp-content\/uploads\/2026\/03\/82-4000-Sejours-2026.pdf\" class=\"wp-block-file__button wp-element-button\" download aria-describedby=\"wp-block-file--media-6fbb60d0-254a-40f0-a52f-edf2164167c0\">T\u00e9l\u00e9charger<\/a><\/div>\n\n\n\n<p class=\"has-text-align-center\">*******************<\/p>\n\n\n\n<div data-wp-interactive=\"core\/file\" class=\"wp-block-file\"><object data-wp-bind--hidden=\"!state.hasPdfPreview\" hidden class=\"wp-block-file__embed\" data=\"https:\/\/egliseenbrianconnais.net\/WordPress3\/wp-content\/uploads\/2025\/11\/82.4000_Campagne-dons.pdf\" type=\"application\/pdf\" style=\"width:100%;height:200px\" aria-label=\"Contenu embarqu\u00e9 82.4000_Campagne-dons.\"><\/object><a id=\"wp-block-file--media-4c4c0f61-6a86-4a88-919d-a4ef63cb7737\" href=\"https:\/\/egliseenbrianconnais.net\/WordPress3\/wp-content\/uploads\/2025\/11\/82.4000_Campagne-dons.pdf\">82.4000_Campagne-dons<\/a><a href=\"https:\/\/egliseenbrianconnais.net\/WordPress3\/wp-content\/uploads\/2025\/11\/82.4000_Campagne-dons.pdf\" class=\"wp-block-file__button wp-element-button\" download aria-describedby=\"wp-block-file--media-4c4c0f61-6a86-4a88-919d-a4ef63cb7737\">T\u00e9l\u00e9charger<\/a><\/div>\n\n\n\n<p class=\"has-text-align-center\">*******************<\/p>\n\n\n\n<div class=\"wp-block-columns is-layout-flex wp-container-core-columns-is-layout-9d6595d7 wp-block-columns-is-layout-flex\">\n<div class=\"wp-block-column is-layout-flow wp-block-column-is-layout-flow\">\n<figure class=\"wp-block-image size-large\"><a href=\"https:\/\/egliseenbrianconnais.net\/WordPress3\/wp-content\/uploads\/2022\/12\/Montagne-1.jpg\"><img loading=\"lazy\" decoding=\"async\" width=\"1024\" height=\"768\" src=\"https:\/\/egliseenbrianconnais.net\/WordPress3\/wp-content\/uploads\/2022\/12\/Montagne-1-1024x768.jpg\" alt=\"\" class=\"wp-image-42169\" srcset=\"https:\/\/egliseenbrianconnais.net\/WordPress3\/wp-content\/uploads\/2022\/12\/Montagne-1-1024x768.jpg 1024w, https:\/\/egliseenbrianconnais.net\/WordPress3\/wp-content\/uploads\/2022\/12\/Montagne-1-300x225.jpg 300w, https:\/\/egliseenbrianconnais.net\/WordPress3\/wp-content\/uploads\/2022\/12\/Montagne-1-768x576.jpg 768w, https:\/\/egliseenbrianconnais.net\/WordPress3\/wp-content\/uploads\/2022\/12\/Montagne-1-1536x1152.jpg 1536w, https:\/\/egliseenbrianconnais.net\/WordPress3\/wp-content\/uploads\/2022\/12\/Montagne-1-1200x900.jpg 1200w, https:\/\/egliseenbrianconnais.net\/WordPress3\/wp-content\/uploads\/2022\/12\/Montagne-1-1980x1485.jpg 1980w, https:\/\/egliseenbrianconnais.net\/WordPress3\/wp-content\/uploads\/2022\/12\/Montagne-1.jpg 2048w\" sizes=\"auto, (max-width: 1024px) 100vw, 1024px\" \/><\/a><\/figure>\n<\/div>\n\n\n\n<div class=\"wp-block-column is-layout-flow wp-block-column-is-layout-flow\">\n<figure class=\"wp-block-image size-large\"><a href=\"https:\/\/egliseenbrianconnais.net\/WordPress3\/wp-content\/uploads\/2022\/12\/Montagne-2.jpg\"><img loading=\"lazy\" decoding=\"async\" width=\"768\" height=\"1024\" src=\"https:\/\/egliseenbrianconnais.net\/WordPress3\/wp-content\/uploads\/2022\/12\/Montagne-2-768x1024.jpg\" alt=\"\" class=\"wp-image-42170\" srcset=\"https:\/\/egliseenbrianconnais.net\/WordPress3\/wp-content\/uploads\/2022\/12\/Montagne-2-768x1024.jpg 768w, https:\/\/egliseenbrianconnais.net\/WordPress3\/wp-content\/uploads\/2022\/12\/Montagne-2-225x300.jpg 225w, https:\/\/egliseenbrianconnais.net\/WordPress3\/wp-content\/uploads\/2022\/12\/Montagne-2-1152x1536.jpg 1152w, https:\/\/egliseenbrianconnais.net\/WordPress3\/wp-content\/uploads\/2022\/12\/Montagne-2-1200x1600.jpg 1200w, https:\/\/egliseenbrianconnais.net\/WordPress3\/wp-content\/uploads\/2022\/12\/Montagne-2.jpg 1512w\" sizes=\"auto, (max-width: 768px) 100vw, 768px\" \/><\/a><\/figure>\n<\/div>\n\n\n\n<div class=\"wp-block-column is-layout-flow wp-block-column-is-layout-flow\">\n<figure class=\"wp-block-image size-full\"><a href=\"https:\/\/egliseenbrianconnais.net\/WordPress3\/wp-content\/uploads\/2022\/12\/Montagne-3.jpg\"><img loading=\"lazy\" decoding=\"async\" width=\"500\" height=\"500\" src=\"https:\/\/egliseenbrianconnais.net\/WordPress3\/wp-content\/uploads\/2022\/12\/Montagne-3.jpg\" alt=\"\" class=\"wp-image-42171\" srcset=\"https:\/\/egliseenbrianconnais.net\/WordPress3\/wp-content\/uploads\/2022\/12\/Montagne-3.jpg 500w, https:\/\/egliseenbrianconnais.net\/WordPress3\/wp-content\/uploads\/2022\/12\/Montagne-3-300x300.jpg 300w, https:\/\/egliseenbrianconnais.net\/WordPress3\/wp-content\/uploads\/2022\/12\/Montagne-3-150x150.jpg 150w\" sizes=\"auto, (max-width: 500px) 100vw, 500px\" \/><\/a><\/figure>\n<\/div>\n<\/div>\n\n\n\n<p class=\"has-text-align-center has-accent-color has-text-color has-larger-font-size\"><strong>__________________________<\/strong><\/p>\n\n\n\n<p class=\"has-text-align-center\" style=\"font-size:16px\"><\/p>\n\n\n\n<div class=\"wp-block-media-text alignwide is-stacked-on-mobile\" style=\"grid-template-columns:31% auto\"><figure class=\"wp-block-media-text__media\"><img loading=\"lazy\" decoding=\"async\" width=\"411\" height=\"337\" src=\"http:\/\/egliseenbrianconnais.net\/WordPress3\/wp-content\/uploads\/2021\/10\/Film-Briancon-17-10-21-411x337.jpg\" alt=\"\" class=\"wp-image-35101 size-full\" srcset=\"https:\/\/egliseenbrianconnais.net\/WordPress3\/wp-content\/uploads\/2021\/10\/Film-Briancon-17-10-21-411x337.jpg 411w, https:\/\/egliseenbrianconnais.net\/WordPress3\/wp-content\/uploads\/2021\/10\/Film-Briancon-17-10-21-300x246.jpg 300w\" sizes=\"auto, (max-width: 411px) 100vw, 411px\" \/><\/figure><div class=\"wp-block-media-text__content\">\n<p class=\"has-small-font-size\">Pour la journ\u00e9e mondiale du refus de la mis\u00e8re, projection du&nbsp;film \u00ab&nbsp;Ils sont fous ces bretons&nbsp;\u00bb qui retrace l\u2019aventure de femmes venues en stage d\u2019alpinisme avec notre association.<\/p>\n\n\n\n<p class=\"has-small-font-size\"><a href=\"https:\/\/824000.org\/index.php\/2021\/09\/23\/projection-du-film-ils-sont-fous-ces-bretons-le-17-octobre-2021-a-la-mjc-briancon\/\">Un film de Manuelle Thebault pour l\u2019association 82-4000 Solidaires.<\/a><\/p>\n\n\n\n<p class=\"has-small-font-size\"><\/p>\n\n\n\n<p><\/p>\n\n\n\n<p class=\"has-text-align-center\">_____________________________________<\/p>\n<\/div><\/div>\n\n\n\n<p class=\"has-text-align-center\"> ******************* <\/p>\n\n\n\n<p class=\"has-text-align-center\"><a href=\"https:\/\/824000.org\/index.php\/2021\/02\/23\/gravir-les-sommets-une-revanche-sur-la-vie-le-magazine-de-la-sante\/\"><strong>CLIC SUR CE LIEN : QUAND LA MONTAGNE SOIGNE<\/strong><\/a><\/p>\n\n\n\n<p class=\"has-text-align-center\">*******************<\/p>\n\n\n\n<div class=\"wp-block-media-text alignwide is-stacked-on-mobile\" style=\"grid-template-columns:21% auto\"><figure class=\"wp-block-media-text__media\"><img loading=\"lazy\" decoding=\"async\" width=\"750\" height=\"679\" src=\"http:\/\/egliseenbrianconnais.net\/WordPress3\/wp-content\/uploads\/2021\/09\/RCF-82-4000-750x679.jpg\" alt=\"\" class=\"wp-image-34557 size-full\" srcset=\"https:\/\/egliseenbrianconnais.net\/WordPress3\/wp-content\/uploads\/2021\/09\/RCF-82-4000-750x679.jpg 750w, https:\/\/egliseenbrianconnais.net\/WordPress3\/wp-content\/uploads\/2021\/09\/RCF-82-4000-300x272.jpg 300w\" sizes=\"auto, (max-width: 750px) 100vw, 750px\" \/><\/figure><div class=\"wp-block-media-text__content\">\n<p class=\"has-text-color has-background\" style=\"color:#ffffff;background-color:#1f4353\"><a href=\"https:\/\/www.rcf.fr\/culture\/a-la-page?episode=314134\">Les sommets sont \u00e0 tous<\/a><br \/>HUGUES CHARDONNET<br \/><\/p>\n\n\n\n<p class=\"has-text-align-center has-text-color has-background\" style=\"color:#ffffff;background-color:#0a4056\">M\u00e9decin, diacre, guide de haute montagne<br \/>Hugues Chardonnet est le fondateur<br \/>de l\u2019association 82.4000<br \/>qui fait d\u00e9couvrir la montagne<br \/>\u00e0 des personnes en situation de pr\u00e9carit\u00e9.<\/p>\n\n\n\n<p class=\"has-text-align-center has-text-color has-larger-font-size\" style=\"color:#235b73\">&#x2666;&#x2666;&#x2666;&#x2666;&#x2666;&#x2666;&#x2666;&#x2666;&#x2666;<\/p>\n<\/div><\/div>\n\n\n\n<p>&#8211; 824000 \/ Le film : L&rsquo;association 82&#8211;4000 Solidaires organise des stages de d\u00e9couverte de l&rsquo;alpinisme pour des personnes d\u00e9munies. Plong\u00e9es dans cet environnement naturel exceptionnel, par la diversit\u00e9 des rencontres, elles ont ainsi l&rsquo;opportunit\u00e9 de se d\u00e9passer dans l&rsquo;effort et se red\u00e9couvrir pour trouver un nouvel \u00e9lan dans la vie.<\/p>\n\n\n\n<figure class=\"wp-block-embed is-type-video is-provider-youtube wp-block-embed-youtube wp-embed-aspect-16-9 wp-has-aspect-ratio\"><div class=\"wp-block-embed__wrapper\">\n<iframe loading=\"lazy\" title=\"82 4000 Solidaires, le film\" width=\"580\" height=\"326\" src=\"https:\/\/www.youtube.com\/embed\/dCzTO-ODrzM?feature=oembed\" frameborder=\"0\" allow=\"accelerometer; autoplay; clipboard-write; encrypted-media; gyroscope; picture-in-picture; web-share\" referrerpolicy=\"strict-origin-when-cross-origin\" allowfullscreen><\/iframe>\n<\/div><\/figure>\n\n\n\n<p>&#8211; 824000 Solidaires \/ Film &#8211; 824000 Solidaires. une association qui vise les sommets! (film et animation)<\/p>\n\n\n\n<figure class=\"wp-block-embed is-type-video is-provider-youtube wp-block-embed-youtube wp-embed-aspect-16-9 wp-has-aspect-ratio\"><div class=\"wp-block-embed__wrapper\">\n<iframe loading=\"lazy\" title=\"82-4000 Solidaires\" width=\"580\" height=\"326\" src=\"https:\/\/www.youtube.com\/embed\/vEJSesmpNds?feature=oembed\" frameborder=\"0\" allow=\"accelerometer; autoplay; clipboard-write; encrypted-media; gyroscope; picture-in-picture; web-share\" referrerpolicy=\"strict-origin-when-cross-origin\" allowfullscreen><\/iframe>\n<\/div><\/figure>\n\n\n\n<p>&#8211; 824000 Au sommet du Corno Nero \/ Film : Zidane, apr\u00e8s avoir gravi le sommet du Ludwigshite, enchaine avec le sommet du Como Nero le 27 juillet 2016. Ce jeune du Val d&rsquo;Oise dans la grande pauvret\u00e9 participe ainsi au d\u00e9fi que s&rsquo;est lanc\u00e9 l&rsquo;association 824000 Solidaires: gravir les 82 sommets de plus de 4000m des Alpes pour partager l&rsquo;alpinisme avec les plus d\u00e9munis de notre soci\u00e9t\u00e9. [Ludwigsh\u00f4he 4341m, Corno Nero 4321m \u2014Le Luchvigsheehe est une montagne dans les Alpes Pennines \u00e0 la fronti\u00e8re italo-suisse &#8211; le Corno Nero fait partie du massif du Mont Rose dans les Alpes valaisannes, \u00e0 la fronti\u00e8re entre la Suisse et l&rsquo;Italie.]<\/p>\n\n\n\n<figure class=\"wp-block-embed is-type-video is-provider-youtube wp-block-embed-youtube wp-embed-aspect-16-9 wp-has-aspect-ratio\"><div class=\"wp-block-embed__wrapper\">\n<iframe loading=\"lazy\" title=\"Au sommet du Corno Nero (4322m) avec 82-4000 Solidaires\" width=\"580\" height=\"326\" src=\"https:\/\/www.youtube.com\/embed\/gPuL2qsbcUs?feature=oembed\" frameborder=\"0\" allow=\"accelerometer; autoplay; clipboard-write; encrypted-media; gyroscope; picture-in-picture; web-share\" referrerpolicy=\"strict-origin-when-cross-origin\" allowfullscreen><\/iframe>\n<\/div><\/figure>\n\n\n\n<figure class=\"wp-block-table\"><table><tbody><tr><td><strong>82-4000 Solidaires<\/strong> 49 route de Grenoble &#8211; 05100 BRIANCON<\/td><\/tr><\/tbody><\/table><\/figure>\n","protected":false},"excerpt":{"rendered":"<p>******************* ******************* ******************* __________________________ Pour la journ\u00e9e mondiale du refus de la mis\u00e8re, projection du&nbsp;film \u00ab&nbsp;Ils sont fous ces bretons&nbsp;\u00bb qui retrace l\u2019aventure de femmes venues en stage d\u2019alpinisme avec notre association. Un film de Manuelle Thebault pour l\u2019association 82-4000 Solidaires. _____________________________________ ******************* CLIC SUR CE LIEN : QUAND LA MONTAGNE SOIGNE ******************* Les sommets [&hellip;]<\/p>\n","protected":false},"author":407,"featured_media":0,"parent":7894,"menu_order":0,"comment_status":"closed","ping_status":"closed","template":"","meta":{"jetpack_post_was_ever_published":false,"footnotes":""},"class_list":["post-14345","page","type-page","status-publish","hentry"],"yoast_head":"<!-- This site is optimized with the Yoast SEO plugin v27.4 - https:\/\/yoast.com\/product\/yoast-seo-wordpress\/ -->\n<title>82-4000 - Eglise en Brian\u00e7onnais<\/title>\n<meta name=\"robots\" content=\"index, follow, max-snippet:-1, max-image-preview:large, max-video-preview:-1\" \/>\n<link rel=\"canonical\" href=\"https:\/\/egliseenbrianconnais.net\/WordPress3\/vie-caritative\/82-4000\/\" \/>\n<meta property=\"og:locale\" content=\"fr_FR\" \/>\n<meta property=\"og:type\" content=\"article\" \/>\n<meta property=\"og:title\" content=\"82-4000 - Eglise en Brian\u00e7onnais\" \/>\n<meta property=\"og:description\" content=\"******************* ******************* ******************* __________________________ Pour la journ\u00e9e mondiale du refus de la mis\u00e8re, projection du&nbsp;film \u00ab&nbsp;Ils sont fous ces bretons&nbsp;\u00bb qui retrace l\u2019aventure de femmes venues en stage d\u2019alpinisme avec notre association. Un film de Manuelle Thebault pour l\u2019association 82-4000 Solidaires. _____________________________________ ******************* CLIC SUR CE LIEN : QUAND LA MONTAGNE SOIGNE ******************* Les sommets [&hellip;]\" \/>\n<meta property=\"og:url\" content=\"https:\/\/egliseenbrianconnais.net\/WordPress3\/vie-caritative\/82-4000\/\" \/>\n<meta property=\"og:site_name\" content=\"Eglise en Brian\u00e7onnais\" \/>\n<meta property=\"article:modified_time\" content=\"2026-03-13T07:46:38+00:00\" \/>\n<meta property=\"og:image\" content=\"https:\/\/egliseenbrianconnais.net\/WordPress3\/wp-content\/uploads\/2022\/12\/Montagne-1.jpg\" \/>\n\t<meta property=\"og:image:width\" content=\"2048\" \/>\n\t<meta property=\"og:image:height\" content=\"1536\" \/>\n\t<meta property=\"og:image:type\" content=\"image\/jpeg\" \/>\n<meta name=\"twitter:card\" content=\"summary_large_image\" \/>\n<meta name=\"twitter:label1\" content=\"Dur\u00e9e de lecture estim\u00e9e\" \/>\n\t<meta name=\"twitter:data1\" content=\"3 minutes\" \/>\n<script type=\"application\/ld+json\" class=\"yoast-schema-graph\">{\"@context\":\"https:\\\/\\\/schema.org\",\"@graph\":[{\"@type\":\"WebPage\",\"@id\":\"https:\\\/\\\/egliseenbrianconnais.net\\\/WordPress3\\\/vie-caritative\\\/82-4000\\\/\",\"url\":\"https:\\\/\\\/egliseenbrianconnais.net\\\/WordPress3\\\/vie-caritative\\\/82-4000\\\/\",\"name\":\"82-4000 - Eglise en Brian\u00e7onnais\",\"isPartOf\":{\"@id\":\"https:\\\/\\\/egliseenbrianconnais.net\\\/WordPress3\\\/#website\"},\"primaryImageOfPage\":{\"@id\":\"https:\\\/\\\/egliseenbrianconnais.net\\\/WordPress3\\\/vie-caritative\\\/82-4000\\\/#primaryimage\"},\"image\":{\"@id\":\"https:\\\/\\\/egliseenbrianconnais.net\\\/WordPress3\\\/vie-caritative\\\/82-4000\\\/#primaryimage\"},\"thumbnailUrl\":\"https:\\\/\\\/egliseenbrianconnais.net\\\/WordPress3\\\/wp-content\\\/uploads\\\/2022\\\/12\\\/Montagne-1-1024x768.jpg\",\"datePublished\":\"2019-08-22T12:31:50+00:00\",\"dateModified\":\"2026-03-13T07:46:38+00:00\",\"breadcrumb\":{\"@id\":\"https:\\\/\\\/egliseenbrianconnais.net\\\/WordPress3\\\/vie-caritative\\\/82-4000\\\/#breadcrumb\"},\"inLanguage\":\"fr-FR\",\"potentialAction\":[{\"@type\":\"ReadAction\",\"target\":[\"https:\\\/\\\/egliseenbrianconnais.net\\\/WordPress3\\\/vie-caritative\\\/82-4000\\\/\"]}]},{\"@type\":\"ImageObject\",\"inLanguage\":\"fr-FR\",\"@id\":\"https:\\\/\\\/egliseenbrianconnais.net\\\/WordPress3\\\/vie-caritative\\\/82-4000\\\/#primaryimage\",\"url\":\"https:\\\/\\\/egliseenbrianconnais.net\\\/WordPress3\\\/wp-content\\\/uploads\\\/2022\\\/12\\\/Montagne-1.jpg\",\"contentUrl\":\"https:\\\/\\\/egliseenbrianconnais.net\\\/WordPress3\\\/wp-content\\\/uploads\\\/2022\\\/12\\\/Montagne-1.jpg\",\"width\":2048,\"height\":1536},{\"@type\":\"BreadcrumbList\",\"@id\":\"https:\\\/\\\/egliseenbrianconnais.net\\\/WordPress3\\\/vie-caritative\\\/82-4000\\\/#breadcrumb\",\"itemListElement\":[{\"@type\":\"ListItem\",\"position\":1,\"name\":\"Accueil\",\"item\":\"https:\\\/\\\/egliseenbrianconnais.net\\\/WordPress3\\\/\"},{\"@type\":\"ListItem\",\"position\":2,\"name\":\"VIE CARITATIVE\",\"item\":\"https:\\\/\\\/egliseenbrianconnais.net\\\/WordPress3\\\/vie-caritative\\\/\"},{\"@type\":\"ListItem\",\"position\":3,\"name\":\"82-4000\"}]},{\"@type\":\"WebSite\",\"@id\":\"https:\\\/\\\/egliseenbrianconnais.net\\\/WordPress3\\\/#website\",\"url\":\"https:\\\/\\\/egliseenbrianconnais.net\\\/WordPress3\\\/\",\"name\":\"EgliseenBrian\u00e7onnais\",\"description\":\"BIENVENUE !\",\"publisher\":{\"@id\":\"https:\\\/\\\/egliseenbrianconnais.net\\\/WordPress3\\\/#organization\"},\"potentialAction\":[{\"@type\":\"SearchAction\",\"target\":{\"@type\":\"EntryPoint\",\"urlTemplate\":\"https:\\\/\\\/egliseenbrianconnais.net\\\/WordPress3\\\/?s={search_term_string}\"},\"query-input\":{\"@type\":\"PropertyValueSpecification\",\"valueRequired\":true,\"valueName\":\"search_term_string\"}}],\"inLanguage\":\"fr-FR\"},{\"@type\":\"Organization\",\"@id\":\"https:\\\/\\\/egliseenbrianconnais.net\\\/WordPress3\\\/#organization\",\"name\":\"EgliseenBrian\u00e7onnais\",\"url\":\"https:\\\/\\\/egliseenbrianconnais.net\\\/WordPress3\\\/\",\"logo\":{\"@type\":\"ImageObject\",\"inLanguage\":\"fr-FR\",\"@id\":\"https:\\\/\\\/egliseenbrianconnais.net\\\/WordPress3\\\/#\\\/schema\\\/logo\\\/image\\\/\",\"url\":\"http:\\\/\\\/egliseenbrianconnais.net\\\/WordPress3\\\/wp-content\\\/uploads\\\/2021\\\/09\\\/Logo-Ste-Catherine.jpg\",\"contentUrl\":\"http:\\\/\\\/egliseenbrianconnais.net\\\/WordPress3\\\/wp-content\\\/uploads\\\/2021\\\/09\\\/Logo-Ste-Catherine.jpg\",\"width\":850,\"height\":1417,\"caption\":\"EgliseenBrian\u00e7onnais\"},\"image\":{\"@id\":\"https:\\\/\\\/egliseenbrianconnais.net\\\/WordPress3\\\/#\\\/schema\\\/logo\\\/image\\\/\"}}]}<\/script>\n<!-- \/ Yoast SEO plugin. -->","yoast_head_json":{"title":"82-4000 - Eglise en Brian\u00e7onnais","robots":{"index":"index","follow":"follow","max-snippet":"max-snippet:-1","max-image-preview":"max-image-preview:large","max-video-preview":"max-video-preview:-1"},"canonical":"https:\/\/egliseenbrianconnais.net\/WordPress3\/vie-caritative\/82-4000\/","og_locale":"fr_FR","og_type":"article","og_title":"82-4000 - Eglise en Brian\u00e7onnais","og_description":"******************* ******************* ******************* __________________________ Pour la journ\u00e9e mondiale du refus de la mis\u00e8re, projection du&nbsp;film \u00ab&nbsp;Ils sont fous ces bretons&nbsp;\u00bb qui retrace l\u2019aventure de femmes venues en stage d\u2019alpinisme avec notre association. Un film de Manuelle Thebault pour l\u2019association 82-4000 Solidaires. _____________________________________ ******************* CLIC SUR CE LIEN : QUAND LA MONTAGNE SOIGNE ******************* Les sommets [&hellip;]","og_url":"https:\/\/egliseenbrianconnais.net\/WordPress3\/vie-caritative\/82-4000\/","og_site_name":"Eglise en Brian\u00e7onnais","article_modified_time":"2026-03-13T07:46:38+00:00","og_image":[{"width":2048,"height":1536,"url":"https:\/\/egliseenbrianconnais.net\/WordPress3\/wp-content\/uploads\/2022\/12\/Montagne-1.jpg","type":"image\/jpeg"}],"twitter_card":"summary_large_image","twitter_misc":{"Dur\u00e9e de lecture estim\u00e9e":"3 minutes"},"schema":{"@context":"https:\/\/schema.org","@graph":[{"@type":"WebPage","@id":"https:\/\/egliseenbrianconnais.net\/WordPress3\/vie-caritative\/82-4000\/","url":"https:\/\/egliseenbrianconnais.net\/WordPress3\/vie-caritative\/82-4000\/","name":"82-4000 - Eglise en Brian\u00e7onnais","isPartOf":{"@id":"https:\/\/egliseenbrianconnais.net\/WordPress3\/#website"},"primaryImageOfPage":{"@id":"https:\/\/egliseenbrianconnais.net\/WordPress3\/vie-caritative\/82-4000\/#primaryimage"},"image":{"@id":"https:\/\/egliseenbrianconnais.net\/WordPress3\/vie-caritative\/82-4000\/#primaryimage"},"thumbnailUrl":"https:\/\/egliseenbrianconnais.net\/WordPress3\/wp-content\/uploads\/2022\/12\/Montagne-1-1024x768.jpg","datePublished":"2019-08-22T12:31:50+00:00","dateModified":"2026-03-13T07:46:38+00:00","breadcrumb":{"@id":"https:\/\/egliseenbrianconnais.net\/WordPress3\/vie-caritative\/82-4000\/#breadcrumb"},"inLanguage":"fr-FR","potentialAction":[{"@type":"ReadAction","target":["https:\/\/egliseenbrianconnais.net\/WordPress3\/vie-caritative\/82-4000\/"]}]},{"@type":"ImageObject","inLanguage":"fr-FR","@id":"https:\/\/egliseenbrianconnais.net\/WordPress3\/vie-caritative\/82-4000\/#primaryimage","url":"https:\/\/egliseenbrianconnais.net\/WordPress3\/wp-content\/uploads\/2022\/12\/Montagne-1.jpg","contentUrl":"https:\/\/egliseenbrianconnais.net\/WordPress3\/wp-content\/uploads\/2022\/12\/Montagne-1.jpg","width":2048,"height":1536},{"@type":"BreadcrumbList","@id":"https:\/\/egliseenbrianconnais.net\/WordPress3\/vie-caritative\/82-4000\/#breadcrumb","itemListElement":[{"@type":"ListItem","position":1,"name":"Accueil","item":"https:\/\/egliseenbrianconnais.net\/WordPress3\/"},{"@type":"ListItem","position":2,"name":"VIE CARITATIVE","item":"https:\/\/egliseenbrianconnais.net\/WordPress3\/vie-caritative\/"},{"@type":"ListItem","position":3,"name":"82-4000"}]},{"@type":"WebSite","@id":"https:\/\/egliseenbrianconnais.net\/WordPress3\/#website","url":"https:\/\/egliseenbrianconnais.net\/WordPress3\/","name":"EgliseenBrian\u00e7onnais","description":"BIENVENUE !","publisher":{"@id":"https:\/\/egliseenbrianconnais.net\/WordPress3\/#organization"},"potentialAction":[{"@type":"SearchAction","target":{"@type":"EntryPoint","urlTemplate":"https:\/\/egliseenbrianconnais.net\/WordPress3\/?s={search_term_string}"},"query-input":{"@type":"PropertyValueSpecification","valueRequired":true,"valueName":"search_term_string"}}],"inLanguage":"fr-FR"},{"@type":"Organization","@id":"https:\/\/egliseenbrianconnais.net\/WordPress3\/#organization","name":"EgliseenBrian\u00e7onnais","url":"https:\/\/egliseenbrianconnais.net\/WordPress3\/","logo":{"@type":"ImageObject","inLanguage":"fr-FR","@id":"https:\/\/egliseenbrianconnais.net\/WordPress3\/#\/schema\/logo\/image\/","url":"http:\/\/egliseenbrianconnais.net\/WordPress3\/wp-content\/uploads\/2021\/09\/Logo-Ste-Catherine.jpg","contentUrl":"http:\/\/egliseenbrianconnais.net\/WordPress3\/wp-content\/uploads\/2021\/09\/Logo-Ste-Catherine.jpg","width":850,"height":1417,"caption":"EgliseenBrian\u00e7onnais"},"image":{"@id":"https:\/\/egliseenbrianconnais.net\/WordPress3\/#\/schema\/logo\/image\/"}}]}},"jetpack_sharing_enabled":true,"_links":{"self":[{"href":"https:\/\/egliseenbrianconnais.net\/WordPress3\/wp-json\/wp\/v2\/pages\/14345","targetHints":{"allow":["GET"]}}],"collection":[{"href":"https:\/\/egliseenbrianconnais.net\/WordPress3\/wp-json\/wp\/v2\/pages"}],"about":[{"href":"https:\/\/egliseenbrianconnais.net\/WordPress3\/wp-json\/wp\/v2\/types\/page"}],"author":[{"embeddable":true,"href":"https:\/\/egliseenbrianconnais.net\/WordPress3\/wp-json\/wp\/v2\/users\/407"}],"replies":[{"embeddable":true,"href":"https:\/\/egliseenbrianconnais.net\/WordPress3\/wp-json\/wp\/v2\/comments?post=14345"}],"version-history":[{"count":33,"href":"https:\/\/egliseenbrianconnais.net\/WordPress3\/wp-json\/wp\/v2\/pages\/14345\/revisions"}],"predecessor-version":[{"id":50116,"href":"https:\/\/egliseenbrianconnais.net\/WordPress3\/wp-json\/wp\/v2\/pages\/14345\/revisions\/50116"}],"up":[{"embeddable":true,"href":"https:\/\/egliseenbrianconnais.net\/WordPress3\/wp-json\/wp\/v2\/pages\/7894"}],"wp:attachment":[{"href":"https:\/\/egliseenbrianconnais.net\/WordPress3\/wp-json\/wp\/v2\/media?parent=14345"}],"curies":[{"name":"wp","href":"https:\/\/api.w.org\/{rel}","templated":true}]}}